{"id":84,"date":"2024-02-22T19:22:47","date_gmt":"2024-02-22T18:22:47","guid":{"rendered":"https:\/\/www.trekkingtomachupicchu.com\/es\/?post_type=product&#038;p=84"},"modified":"2024-02-22T19:49:30","modified_gmt":"2024-02-22T18:49:30","slug":"tour-montana-de-7-colores-en-1-dia","status":"publish","type":"product","link":"https:\/\/www.trekkingtomachupicchu.com\/es\/tours\/tour-montana-de-7-colores-en-1-dia\/","title":{"rendered":"Tour Monta\u00f1a de 7 colores en 1 Dia"},"content":{"rendered":"<p><strong>Tour Monta\u00f1a de 7 colores en 1 D\u00eda<\/strong>. La monta\u00f1a de colores es muy famosa y es uno de los principales atractivos tur\u00edsticos de la ciudad del Cusco. La monta\u00f1a 7 de colores tambi\u00e9n es conocida como la <a href=\"https:\/\/www.mountainvinicunca.com\/es\/tours\/tour-montana-7-colores-vinicunca\/\" target=\"_blank\" rel=\"noopener\">monta\u00f1a Vinicunca<\/a> y es un atractivo muy hermoso que debes visitar al llegar a Cusco. Para este tour se recomienda estar unos d\u00edas antes en Cusco, as\u00ed ya estar\u00e1s aclimatado y no sufrir\u00e1s mal de altura.<\/p>\n<h2>Monta\u00f1a de 7 Colores<\/h2>\n<p><strong>Precio por persona<\/strong>: 40 USD<br \/>\n<strong>Inicio<\/strong>: 4:30 AM<br \/>\n<strong>Dificultad<\/strong>: Media Alta<br \/>\n<strong>Grupo compartido<\/strong><\/p>\n<p><strong>Incluye<\/strong>:<br \/>\n<i class=\"fa fa-check icon-tick icon-tick--on\"><\/i> Recojo en tu Hotel<br \/>\n<i class=\"fa fa-check icon-tick icon-tick--on\"><\/i> Traslado tur\u00edstico<br \/>\n<i class=\"fa fa-check icon-tick icon-tick--on\"><\/i> Desayuno y Almuerzo<br \/>\n<i class=\"fa fa-check icon-tick icon-tick--on\"><\/i> Entrada a la Monta\u00f1a<br \/>\n<i class=\"fa fa-check icon-tick icon-tick--on\"><\/i> Bal\u00f3n de Oxigeno y botiqu\u00edn de primeros auxilios<br \/>\n<i class=\"fa fa-check icon-tick icon-tick--on\"><\/i> Gu\u00eda profesional certificado<br \/>\n<i class=\"fa fa-check icon-tick icon-tick--on\"><\/i> Asistencia personalizada<br \/>\n<i class=\"fa fa-check icon-tick icon-tick--on\"><\/i> Drop off en el <a href=\"https:\/\/www.trasladosaeropuertocusco.com\/tours\/tour-privado-por-la-ciudad-del-cusco\/\" target=\"_blank\" rel=\"noopener\">centro del Cusco<\/a><\/p>\n<p><strong>No incluye<\/strong>:<br \/>\n<i class=\"fa fa-times icon-tick icon-tick--off\"><\/i> Seguro de viaje y otros servicios no mencionados.<\/p>\n<p><strong>Importante<\/strong>:<br \/>\n\u2022 No es recomendable para personas mayores de 60 a\u00f1os<br \/>\n\u2022 No es recomendable para personas embarazadas<br \/>\n\u2022 No es recomendable para personas que tengas problemas cardiacos o respiratorias<\/p>\n<h2>Itinerario Monta\u00f1a de 7 Colores<\/h2>\n<p>\u2022 4:20 Pasaremos a recogerte en tu Hotel y luego nos reuniremos con el grupo para comenzar el viaje hacia a la <a href=\"https:\/\/www.mountainpalcoyo.com\/es\/tours\/tour-montana-de-7-colores-vinicunca\/\" target=\"_blank\" rel=\"noopener\">monta\u00f1a de 7 colores<\/a>. Nuestra primera parada ser\u00e1 para tomar nuestro desayuno y as\u00ed cargar energ\u00edas. Luego nuestro transporte nos dejara en el punto de inicio de la caminata, desde este punto puedes alquilar caballo con los mismo pobladores del lugar (precio desde 80 a 130 soles) opcional. La caminata hacia la monta\u00f1a de colores ser\u00e1 de aproximadamente 1 hora y media, todo depende del estado f\u00edsico de cada persona. Al llegar a la monta\u00f1a podr\u00e1s tomarte fotos y observar el hermoso paisaje andino, tambi\u00e9n tienes opci\u00f3n de tomarte fotos con los animales andinos de la zona.<\/p>\n<p>El tiempo que estar\u00e1s en la monta\u00f1a ser\u00e1 de aproximadamente 1 hora, m\u00e1s tiempo puede afectar tu salud. Despu\u00e9s de visitar la monta\u00f1a de 7 colores iremos por nuestro almuerzo semi buffet para luego retornar a Cusco, el drop off ser\u00e1 en el centro del Cusco (5:00 pm aprox).<\/p>\n<p><img loading=\"lazy\" decoding=\"async\" class=\"alignnone size-full wp-image-121\" src=\"https:\/\/www.trekkingtomachupicchu.com\/es\/wp-content\/uploads\/2024\/02\/montana-de-7-colores-en-1-dia.jpg\" alt=\"monta\u00f1a de 7 colores en 1 dia\" width=\"1440\" height=\"1440\" srcset=\"https:\/\/www.trekkingtomachupicchu.com\/es\/wp-content\/uploads\/2024\/02\/montana-de-7-colores-en-1-dia.jpg 1440w, https:\/\/www.trekkingtomachupicchu.com\/es\/wp-content\/uploads\/2024\/02\/montana-de-7-colores-en-1-dia-300x300.jpg 300w, https:\/\/www.trekkingtomachupicchu.com\/es\/wp-content\/uploads\/2024\/02\/montana-de-7-colores-en-1-dia-1024x1024.jpg 1024w, https:\/\/www.trekkingtomachupicchu.com\/es\/wp-content\/uploads\/2024\/02\/montana-de-7-colores-en-1-dia-150x150.jpg 150w, https:\/\/www.trekkingtomachupicchu.com\/es\/wp-content\/uploads\/2024\/02\/montana-de-7-colores-en-1-dia-768x768.jpg 768w, https:\/\/www.trekkingtomachupicchu.com\/es\/wp-content\/uploads\/2024\/02\/montana-de-7-colores-en-1-dia-600x600.jpg 600w\" sizes=\"auto, (max-width: 1440px) 100vw, 1440px\" \/><\/p>\n<p><img loading=\"lazy\" decoding=\"async\" class=\"alignnone size-full wp-image-122\" src=\"https:\/\/www.trekkingtomachupicchu.com\/es\/wp-content\/uploads\/2024\/02\/lllama-montana-de-7-colores.jpg\" alt=\"lllama monta\u00f1a de 7 colores\" width=\"1440\" height=\"1440\" srcset=\"https:\/\/www.trekkingtomachupicchu.com\/es\/wp-content\/uploads\/2024\/02\/lllama-montana-de-7-colores.jpg 1440w, https:\/\/www.trekkingtomachupicchu.com\/es\/wp-content\/uploads\/2024\/02\/lllama-montana-de-7-colores-300x300.jpg 300w, https:\/\/www.trekkingtomachupicchu.com\/es\/wp-content\/uploads\/2024\/02\/lllama-montana-de-7-colores-1024x1024.jpg 1024w, https:\/\/www.trekkingtomachupicchu.com\/es\/wp-content\/uploads\/2024\/02\/lllama-montana-de-7-colores-150x150.jpg 150w, https:\/\/www.trekkingtomachupicchu.com\/es\/wp-content\/uploads\/2024\/02\/lllama-montana-de-7-colores-768x768.jpg 768w, https:\/\/www.trekkingtomachupicchu.com\/es\/wp-content\/uploads\/2024\/02\/lllama-montana-de-7-colores-600x600.jpg 600w\" sizes=\"auto, (max-width: 1440px) 100vw, 1440px\" \/><\/p>\n<p><img loading=\"lazy\" decoding=\"async\" class=\"alignnone size-full wp-image-123\" src=\"https:\/\/www.trekkingtomachupicchu.com\/es\/wp-content\/uploads\/2024\/02\/montana-de-colores.jpg\" alt=\"monta\u00f1a de colores\" width=\"1440\" height=\"1440\" srcset=\"https:\/\/www.trekkingtomachupicchu.com\/es\/wp-content\/uploads\/2024\/02\/montana-de-colores.jpg 1440w, https:\/\/www.trekkingtomachupicchu.com\/es\/wp-content\/uploads\/2024\/02\/montana-de-colores-300x300.jpg 300w, https:\/\/www.trekkingtomachupicchu.com\/es\/wp-content\/uploads\/2024\/02\/montana-de-colores-1024x1024.jpg 1024w, https:\/\/www.trekkingtomachupicchu.com\/es\/wp-content\/uploads\/2024\/02\/montana-de-colores-150x150.jpg 150w, https:\/\/www.trekkingtomachupicchu.com\/es\/wp-content\/uploads\/2024\/02\/montana-de-colores-768x768.jpg 768w, https:\/\/www.trekkingtomachupicchu.com\/es\/wp-content\/uploads\/2024\/02\/montana-de-colores-600x600.jpg 600w\" sizes=\"auto, (max-width: 1440px) 100vw, 1440px\" \/><\/p>\n","protected":false},"excerpt":{"rendered":"<p>Tour Monta\u00f1a de 7 colores en 1 D\u00eda. La monta\u00f1a de colores es muy famosa y es uno de los<\/p>\n<div class=\"padding-top text-center\"><a href=\"https:\/\/www.trekkingtomachupicchu.com\/es\/tours\/tour-montana-de-7-colores-en-1-dia\/\" class=\"atbtn atbtn--medium atbtn--rounded atbtn--transparent\">Continuar lectura&#8230;<i class=\"atbtn__icon atbtn__icon--right fa fa-long-arrow-right\"><\/i><\/a><\/div>\n","protected":false},"featured_media":85,"comment_status":"closed","ping_status":"closed","template":"","meta":[],"product_brand":[],"product_cat":[20],"product_tag":[],"class_list":{"0":"post-84","1":"product","2":"type-product","3":"status-publish","4":"has-post-thumbnail","6":"product_cat-cusco","7":"tour_category-cusco","9":"first","10":"instock","11":"sale","12":"shipping-taxable","13":"purchasable","14":"product-type-tour"},"yoast_head":"<!-- This site is optimized with the Yoast SEO plugin v27.1 - https:\/\/yoast.com\/product\/yoast-seo-wordpress\/ -->\n<title>Tour Monta\u00f1a de 7 colores en 1 Dia<\/title>\n<meta name=\"description\" content=\"Tour Monta\u00f1a de 7 colores en 1 D\u00eda. Visita la hermosa monta\u00f1a de 7 colores en 1 d\u00eda completo desde Cusco, tenemos salidas diarias!\" \/>\n<meta name=\"robots\" content=\"index, follow, max-snippet:-1, max-image-preview:large, max-video-preview:-1\" \/>\n<link rel=\"canonical\" href=\"https:\/\/www.trekkingtomachupicchu.com\/es\/tours\/tour-montana-de-7-colores-en-1-dia\/\" \/>\n<meta property=\"og:locale\" content=\"es_ES\" \/>\n<meta property=\"og:type\" content=\"article\" \/>\n<meta property=\"og:title\" content=\"Tour Monta\u00f1a de 7 colores en 1 Dia\" \/>\n<meta property=\"og:description\" content=\"Tour Monta\u00f1a de 7 colores en 1 D\u00eda. Visita la hermosa monta\u00f1a de 7 colores en 1 d\u00eda completo desde Cusco, tenemos salidas diarias!\" \/>\n<meta property=\"og:url\" content=\"https:\/\/www.trekkingtomachupicchu.com\/es\/tours\/tour-montana-de-7-colores-en-1-dia\/\" \/>\n<meta property=\"og:site_name\" content=\"Tours a Machu Picchu\" \/>\n<meta property=\"article:modified_time\" content=\"2024-02-22T18:49:30+00:00\" \/>\n<meta property=\"og:image\" content=\"https:\/\/www.trekkingtomachupicchu.com\/es\/wp-content\/uploads\/2024\/02\/montana-de-7-colores.jpg\" \/>\n\t<meta property=\"og:image:width\" content=\"2000\" \/>\n\t<meta property=\"og:image:height\" content=\"915\" \/>\n\t<meta property=\"og:image:type\" content=\"image\/jpeg\" \/>\n<meta name=\"twitter:card\" content=\"summary_large_image\" \/>\n<meta name=\"twitter:label1\" content=\"Tiempo de lectura\" \/>\n\t<meta name=\"twitter:data1\" content=\"3 minutos\" \/>\n<script type=\"application\/ld+json\" class=\"yoast-schema-graph\">{\"@context\":\"https:\/\/schema.org\",\"@graph\":[{\"@type\":\"WebPage\",\"@id\":\"https:\/\/www.trekkingtomachupicchu.com\/es\/tours\/tour-montana-de-7-colores-en-1-dia\/\",\"url\":\"https:\/\/www.trekkingtomachupicchu.com\/es\/tours\/tour-montana-de-7-colores-en-1-dia\/\",\"name\":\"Tour Monta\u00f1a de 7 colores en 1 Dia\",\"isPartOf\":{\"@id\":\"https:\/\/www.trekkingtomachupicchu.com\/es\/#website\"},\"primaryImageOfPage\":{\"@id\":\"https:\/\/www.trekkingtomachupicchu.com\/es\/tours\/tour-montana-de-7-colores-en-1-dia\/#primaryimage\"},\"image\":{\"@id\":\"https:\/\/www.trekkingtomachupicchu.com\/es\/tours\/tour-montana-de-7-colores-en-1-dia\/#primaryimage\"},\"thumbnailUrl\":\"https:\/\/www.trekkingtomachupicchu.com\/es\/wp-content\/uploads\/2024\/02\/montana-de-7-colores.jpg\",\"datePublished\":\"2024-02-22T18:22:47+00:00\",\"dateModified\":\"2024-02-22T18:49:30+00:00\",\"description\":\"Tour Monta\u00f1a de 7 colores en 1 D\u00eda. Visita la hermosa monta\u00f1a de 7 colores en 1 d\u00eda completo desde Cusco, tenemos salidas diarias!\",\"breadcrumb\":{\"@id\":\"https:\/\/www.trekkingtomachupicchu.com\/es\/tours\/tour-montana-de-7-colores-en-1-dia\/#breadcrumb\"},\"inLanguage\":\"es\",\"potentialAction\":[{\"@type\":\"ReadAction\",\"target\":[\"https:\/\/www.trekkingtomachupicchu.com\/es\/tours\/tour-montana-de-7-colores-en-1-dia\/\"]}]},{\"@type\":\"ImageObject\",\"inLanguage\":\"es\",\"@id\":\"https:\/\/www.trekkingtomachupicchu.com\/es\/tours\/tour-montana-de-7-colores-en-1-dia\/#primaryimage\",\"url\":\"https:\/\/www.trekkingtomachupicchu.com\/es\/wp-content\/uploads\/2024\/02\/montana-de-7-colores.jpg\",\"contentUrl\":\"https:\/\/www.trekkingtomachupicchu.com\/es\/wp-content\/uploads\/2024\/02\/montana-de-7-colores.jpg\",\"width\":2000,\"height\":915,\"caption\":\"monta\u00f1a de 7 colores\"},{\"@type\":\"BreadcrumbList\",\"@id\":\"https:\/\/www.trekkingtomachupicchu.com\/es\/tours\/tour-montana-de-7-colores-en-1-dia\/#breadcrumb\",\"itemListElement\":[{\"@type\":\"ListItem\",\"position\":1,\"name\":\"Portada\",\"item\":\"https:\/\/www.trekkingtomachupicchu.com\/es\/\"},{\"@type\":\"ListItem\",\"position\":2,\"name\":\"Productos\",\"item\":\"https:\/\/www.trekkingtomachupicchu.com\/es\/shop\/\"},{\"@type\":\"ListItem\",\"position\":3,\"name\":\"Tour Monta\u00f1a de 7 colores en 1 Dia\"}]},{\"@type\":\"WebSite\",\"@id\":\"https:\/\/www.trekkingtomachupicchu.com\/es\/#website\",\"url\":\"https:\/\/www.trekkingtomachupicchu.com\/es\/\",\"name\":\"Tours a Machu Picchu\",\"description\":\"\",\"publisher\":{\"@id\":\"https:\/\/www.trekkingtomachupicchu.com\/es\/#organization\"},\"potentialAction\":[{\"@type\":\"SearchAction\",\"target\":{\"@type\":\"EntryPoint\",\"urlTemplate\":\"https:\/\/www.trekkingtomachupicchu.com\/es\/?s={search_term_string}\"},\"query-input\":{\"@type\":\"PropertyValueSpecification\",\"valueRequired\":true,\"valueName\":\"search_term_string\"}}],\"inLanguage\":\"es\"},{\"@type\":\"Organization\",\"@id\":\"https:\/\/www.trekkingtomachupicchu.com\/es\/#organization\",\"name\":\"Tours a Machu Picchu\",\"url\":\"https:\/\/www.trekkingtomachupicchu.com\/es\/\",\"logo\":{\"@type\":\"ImageObject\",\"inLanguage\":\"es\",\"@id\":\"https:\/\/www.trekkingtomachupicchu.com\/es\/#\/schema\/logo\/image\/\",\"url\":\"https:\/\/www.trekkingtomachupicchu.com\/es\/wp-content\/uploads\/2024\/02\/cropped-Sin-titulo-5-1.png\",\"contentUrl\":\"https:\/\/www.trekkingtomachupicchu.com\/es\/wp-content\/uploads\/2024\/02\/cropped-Sin-titulo-5-1.png\",\"width\":512,\"height\":512,\"caption\":\"Tours a Machu Picchu\"},\"image\":{\"@id\":\"https:\/\/www.trekkingtomachupicchu.com\/es\/#\/schema\/logo\/image\/\"}}]}<\/script>\n<!-- \/ Yoast SEO plugin. -->","yoast_head_json":{"title":"Tour Monta\u00f1a de 7 colores en 1 Dia","description":"Tour Monta\u00f1a de 7 colores en 1 D\u00eda. Visita la hermosa monta\u00f1a de 7 colores en 1 d\u00eda completo desde Cusco, tenemos salidas diarias!","robots":{"index":"index","follow":"follow","max-snippet":"max-snippet:-1","max-image-preview":"max-image-preview:large","max-video-preview":"max-video-preview:-1"},"canonical":"https:\/\/www.trekkingtomachupicchu.com\/es\/tours\/tour-montana-de-7-colores-en-1-dia\/","og_locale":"es_ES","og_type":"article","og_title":"Tour Monta\u00f1a de 7 colores en 1 Dia","og_description":"Tour Monta\u00f1a de 7 colores en 1 D\u00eda. Visita la hermosa monta\u00f1a de 7 colores en 1 d\u00eda completo desde Cusco, tenemos salidas diarias!","og_url":"https:\/\/www.trekkingtomachupicchu.com\/es\/tours\/tour-montana-de-7-colores-en-1-dia\/","og_site_name":"Tours a Machu Picchu","article_modified_time":"2024-02-22T18:49:30+00:00","og_image":[{"width":2000,"height":915,"url":"https:\/\/www.trekkingtomachupicchu.com\/es\/wp-content\/uploads\/2024\/02\/montana-de-7-colores.jpg","type":"image\/jpeg"}],"twitter_card":"summary_large_image","twitter_misc":{"Tiempo de lectura":"3 minutos"},"schema":{"@context":"https:\/\/schema.org","@graph":[{"@type":"WebPage","@id":"https:\/\/www.trekkingtomachupicchu.com\/es\/tours\/tour-montana-de-7-colores-en-1-dia\/","url":"https:\/\/www.trekkingtomachupicchu.com\/es\/tours\/tour-montana-de-7-colores-en-1-dia\/","name":"Tour Monta\u00f1a de 7 colores en 1 Dia","isPartOf":{"@id":"https:\/\/www.trekkingtomachupicchu.com\/es\/#website"},"primaryImageOfPage":{"@id":"https:\/\/www.trekkingtomachupicchu.com\/es\/tours\/tour-montana-de-7-colores-en-1-dia\/#primaryimage"},"image":{"@id":"https:\/\/www.trekkingtomachupicchu.com\/es\/tours\/tour-montana-de-7-colores-en-1-dia\/#primaryimage"},"thumbnailUrl":"https:\/\/www.trekkingtomachupicchu.com\/es\/wp-content\/uploads\/2024\/02\/montana-de-7-colores.jpg","datePublished":"2024-02-22T18:22:47+00:00","dateModified":"2024-02-22T18:49:30+00:00","description":"Tour Monta\u00f1a de 7 colores en 1 D\u00eda. Visita la hermosa monta\u00f1a de 7 colores en 1 d\u00eda completo desde Cusco, tenemos salidas diarias!","breadcrumb":{"@id":"https:\/\/www.trekkingtomachupicchu.com\/es\/tours\/tour-montana-de-7-colores-en-1-dia\/#breadcrumb"},"inLanguage":"es","potentialAction":[{"@type":"ReadAction","target":["https:\/\/www.trekkingtomachupicchu.com\/es\/tours\/tour-montana-de-7-colores-en-1-dia\/"]}]},{"@type":"ImageObject","inLanguage":"es","@id":"https:\/\/www.trekkingtomachupicchu.com\/es\/tours\/tour-montana-de-7-colores-en-1-dia\/#primaryimage","url":"https:\/\/www.trekkingtomachupicchu.com\/es\/wp-content\/uploads\/2024\/02\/montana-de-7-colores.jpg","contentUrl":"https:\/\/www.trekkingtomachupicchu.com\/es\/wp-content\/uploads\/2024\/02\/montana-de-7-colores.jpg","width":2000,"height":915,"caption":"monta\u00f1a de 7 colores"},{"@type":"BreadcrumbList","@id":"https:\/\/www.trekkingtomachupicchu.com\/es\/tours\/tour-montana-de-7-colores-en-1-dia\/#breadcrumb","itemListElement":[{"@type":"ListItem","position":1,"name":"Portada","item":"https:\/\/www.trekkingtomachupicchu.com\/es\/"},{"@type":"ListItem","position":2,"name":"Productos","item":"https:\/\/www.trekkingtomachupicchu.com\/es\/shop\/"},{"@type":"ListItem","position":3,"name":"Tour Monta\u00f1a de 7 colores en 1 Dia"}]},{"@type":"WebSite","@id":"https:\/\/www.trekkingtomachupicchu.com\/es\/#website","url":"https:\/\/www.trekkingtomachupicchu.com\/es\/","name":"Tours a Machu Picchu","description":"","publisher":{"@id":"https:\/\/www.trekkingtomachupicchu.com\/es\/#organization"},"potentialAction":[{"@type":"SearchAction","target":{"@type":"EntryPoint","urlTemplate":"https:\/\/www.trekkingtomachupicchu.com\/es\/?s={search_term_string}"},"query-input":{"@type":"PropertyValueSpecification","valueRequired":true,"valueName":"search_term_string"}}],"inLanguage":"es"},{"@type":"Organization","@id":"https:\/\/www.trekkingtomachupicchu.com\/es\/#organization","name":"Tours a Machu Picchu","url":"https:\/\/www.trekkingtomachupicchu.com\/es\/","logo":{"@type":"ImageObject","inLanguage":"es","@id":"https:\/\/www.trekkingtomachupicchu.com\/es\/#\/schema\/logo\/image\/","url":"https:\/\/www.trekkingtomachupicchu.com\/es\/wp-content\/uploads\/2024\/02\/cropped-Sin-titulo-5-1.png","contentUrl":"https:\/\/www.trekkingtomachupicchu.com\/es\/wp-content\/uploads\/2024\/02\/cropped-Sin-titulo-5-1.png","width":512,"height":512,"caption":"Tours a Machu Picchu"},"image":{"@id":"https:\/\/www.trekkingtomachupicchu.com\/es\/#\/schema\/logo\/image\/"}}]}},"_links":{"self":[{"href":"https:\/\/www.trekkingtomachupicchu.com\/es\/wp-json\/wp\/v2\/product\/84","targetHints":{"allow":["GET"]}}],"collection":[{"href":"https:\/\/www.trekkingtomachupicchu.com\/es\/wp-json\/wp\/v2\/product"}],"about":[{"href":"https:\/\/www.trekkingtomachupicchu.com\/es\/wp-json\/wp\/v2\/types\/product"}],"replies":[{"embeddable":true,"href":"https:\/\/www.trekkingtomachupicchu.com\/es\/wp-json\/wp\/v2\/comments?post=84"}],"wp:featuredmedia":[{"embeddable":true,"href":"https:\/\/www.trekkingtomachupicchu.com\/es\/wp-json\/wp\/v2\/media\/85"}],"wp:attachment":[{"href":"https:\/\/www.trekkingtomachupicchu.com\/es\/wp-json\/wp\/v2\/media?parent=84"}],"wp:term":[{"taxonomy":"product_brand","embeddable":true,"href":"https:\/\/www.trekkingtomachupicchu.com\/es\/wp-json\/wp\/v2\/product_brand?post=84"},{"taxonomy":"product_cat","embeddable":true,"href":"https:\/\/www.trekkingtomachupicchu.com\/es\/wp-json\/wp\/v2\/product_cat?post=84"},{"taxonomy":"product_tag","embeddable":true,"href":"https:\/\/www.trekkingtomachupicchu.com\/es\/wp-json\/wp\/v2\/product_tag?post=84"}],"curies":[{"name":"wp","href":"https:\/\/api.w.org\/{rel}","templated":true}]}}