{"id":79,"date":"2024-02-18T14:08:13","date_gmt":"2024-02-18T13:08:13","guid":{"rendered":"https:\/\/www.trekkingtomachupicchu.com\/es\/?post_type=product&#038;p=79"},"modified":"2024-06-27T14:27:25","modified_gmt":"2024-06-27T12:27:25","slug":"tour-machu-picchu-por-carro-2-dias-1-noche-economico","status":"publish","type":"product","link":"https:\/\/www.trekkingtomachupicchu.com\/es\/tours\/tour-machu-picchu-por-carro-2-dias-1-noche-economico\/","title":{"rendered":"Tour Machu Picchu por Carro 2 d\u00edas 1 Noche (Econ\u00f3mico)"},"content":{"rendered":"<p><strong>Tour Machu Picchu por Carro 2 d\u00edas 1 Noche (Econ\u00f3mico)<\/strong>. Una de las rutas m\u00e1s interesantes y econ\u00f3micas es la ruta por carro, aqu\u00ed tendr\u00e1s un viaje desde <a href=\"https:\/\/www.gomachupicchubycar.com\/es\/tours\/machu-picchu-en-carro-2-dias-1-noche\/\" target=\"_blank\" rel=\"noopener\">Cusco a Hidroel\u00e9ctrica<\/a> y desde este punto comenzara la caminata rumbo al Pueblo de Machu Picchu. Este circuito es de 2 dias y es una de las formas m\u00e1s econ\u00f3micas para visitar Machu Picchu.<\/p>\n<h2>Machu Picchu economico<\/h2>\n<p><strong>Precio por persona<\/strong>: 160 USD<br \/>\n<strong>Dificultad<\/strong>: Media Baja<br \/>\n<strong>Grupo<\/strong>: Compartido<br \/>\n<strong>Salidas diarias<br \/>\n<\/strong><br \/>\n<strong>Incluye<\/strong>:<br \/>\n<i class=\"fa fa-check icon-tick icon-tick--on\"><\/i> Recojo en tu Hotel<br \/>\n<i class=\"fa fa-check icon-tick icon-tick--on\"><\/i> Traslado tur\u00edstico Cusco a Hidroel\u00e9ctrica ida y vuelta<br \/>\n<i class=\"fa fa-check icon-tick icon-tick--on\"><\/i> Gu\u00eda profesional certificado<br \/>\n<i class=\"fa fa-check icon-tick icon-tick--on\"><\/i> Bus consettur ida y vuelta<br \/>\n<i class=\"fa fa-check icon-tick icon-tick--on\"><\/i> Entrada a <a href=\"https:\/\/www.trekkingtomachupicchu.com\/es\/tours\/tour-valle-sagrado-y-machu-picchu-en-2-dias\/\" target=\"_blank\" rel=\"noopener\">Machu Picchu (Zona arqueol\u00f3gica)<\/a> Circuito 2<br \/>\n<i class=\"fa fa-check icon-tick icon-tick--on\"><\/i> Una noche de alojamiento en Aguas Calientes (Compartido con otros paxs)<br \/>\n<i class=\"fa fa-check icon-tick icon-tick--on\"><\/i> Almuerzo y Cena (D\u00eda 1)<br \/>\n<i class=\"fa fa-check icon-tick icon-tick--on\"><\/i> Asistencia personalizada<br \/>\n<i class=\"fa fa-check icon-tick icon-tick--on\"><\/i> Drop off en el centro del Cusco<\/p>\n<p><strong>No incluye<\/strong>:<br \/>\n<i class=\"fa fa-times icon-tick icon-tick--off\"><\/i> Seguro de viaje y otros servicios no mencionados.<\/p>\n<p><strong>Importante<\/strong>:<br \/>\n\u2022 Se recomienda reservar con anticipaci\u00f3n<br \/>\n\u2022 El viaje de Cusco a Hidroel\u00e9ctrica en auto es cansado (6 horas aproximadamente), y en temporada de lluvias hay mucha neblina y pista resbalosa. Portal motivo se recomienda viajar con seguro de viaje.<\/p>\n<h2>Itinerario Machu Picchu<\/h2>\n<p><strong>D\u00eda 1: Cusco &#8211; Hidroel\u00e9ctrica \u2013 Aguas Calientes (Pueblo Machu Picchu)<\/strong><\/p>\n<p>06:30 Recojo de tu Hotel y viaje al norte de la ciudad del Cusco en transporte tur\u00edstico.<br \/>\n12:30 aproximadamente Almuerzo<br \/>\n15:00 aproximadamente Llegada a Hidroel\u00e9ctrica. Desde este punto deber\u00e1s caminar por el costado de l\u00ednea del tren, aqu\u00ed encontraras cantidad de viajeros que se dirigen al mismo destino. El camino est\u00e1 se\u00f1alizado y estar\u00e1s llegando a Aguas Calientes (Pueblo Machu Picchu) aproximadamente 18:00 hrs. La caminata de hidroel\u00e9ctrica es de 2 horas a 4 horas depende mucho del estado f\u00edsico de cada persona.<br \/>\n19:00 Cena e informaci\u00f3n para el d\u00eda siguiente.<\/p>\n<p><strong>D\u00eda 2: Pueblo Machu Picchu \u2013 Machu Picchu \u2013 Cusco<\/strong><\/p>\n<p>05:30 Bus consettur de subida desde Pueblo Machu Picchu a <a href=\"https:\/\/www.trekkingtomachupicchu.com\/es\/tours\/tour-a-machu-picchu-en-1-dia\/\" target=\"_blank\" rel=\"noopener\">Machu Picchu<\/a><br \/>\n06:00 Entrada a Machu Picchu y guiado durante 2 horas y media.<br \/>\n09:00 aproximadamente Bus consettur de bajada desde Machu Picchu a Aguas Calientes<br \/>\nTiempo libre<\/p>\n<p>10:30 Caminata de retorno desde Pueblo Machu Picchu a Hidroel\u00e9ctrica<br \/>\n14:00 Traslado tur\u00edstico desde Hidroel\u00e9ctrica a Cusco. Importante este es el \u00fanico horario de retorno, si demoras o llegas despu\u00e9s perderas el traslado hacia Cusco.<br \/>\n21:30 aproximadamente Llegada a Cusco.<\/p>\n<p><img loading=\"lazy\" decoding=\"async\" class=\"alignnone size-full wp-image-81\" src=\"https:\/\/www.trekkingtomachupicchu.com\/es\/wp-content\/uploads\/2024\/02\/hidroelectrica-machupicchu.jpg\" alt=\"hidroelectrica machupicchu\" width=\"888\" height=\"1118\" srcset=\"https:\/\/www.trekkingtomachupicchu.com\/es\/wp-content\/uploads\/2024\/02\/hidroelectrica-machupicchu.jpg 888w, https:\/\/www.trekkingtomachupicchu.com\/es\/wp-content\/uploads\/2024\/02\/hidroelectrica-machupicchu-238x300.jpg 238w, https:\/\/www.trekkingtomachupicchu.com\/es\/wp-content\/uploads\/2024\/02\/hidroelectrica-machupicchu-813x1024.jpg 813w, https:\/\/www.trekkingtomachupicchu.com\/es\/wp-content\/uploads\/2024\/02\/hidroelectrica-machupicchu-768x967.jpg 768w, https:\/\/www.trekkingtomachupicchu.com\/es\/wp-content\/uploads\/2024\/02\/hidroelectrica-machupicchu-600x755.jpg 600w\" sizes=\"auto, (max-width: 888px) 100vw, 888px\" \/> <img loading=\"lazy\" decoding=\"async\" class=\"alignnone size-full wp-image-82\" src=\"https:\/\/www.trekkingtomachupicchu.com\/es\/wp-content\/uploads\/2024\/02\/hidroelectrica-mach-picchu.jpg\" alt=\"hidroelectrica mach picchu\" width=\"888\" height=\"1118\" srcset=\"https:\/\/www.trekkingtomachupicchu.com\/es\/wp-content\/uploads\/2024\/02\/hidroelectrica-mach-picchu.jpg 888w, https:\/\/www.trekkingtomachupicchu.com\/es\/wp-content\/uploads\/2024\/02\/hidroelectrica-mach-picchu-238x300.jpg 238w, https:\/\/www.trekkingtomachupicchu.com\/es\/wp-content\/uploads\/2024\/02\/hidroelectrica-mach-picchu-813x1024.jpg 813w, https:\/\/www.trekkingtomachupicchu.com\/es\/wp-content\/uploads\/2024\/02\/hidroelectrica-mach-picchu-768x967.jpg 768w, https:\/\/www.trekkingtomachupicchu.com\/es\/wp-content\/uploads\/2024\/02\/hidroelectrica-mach-picchu-600x755.jpg 600w\" sizes=\"auto, (max-width: 888px) 100vw, 888px\" \/> <img loading=\"lazy\" decoding=\"async\" class=\"alignnone size-full wp-image-83\" src=\"https:\/\/www.trekkingtomachupicchu.com\/es\/wp-content\/uploads\/2024\/02\/hidroelectrica-machu-picchu.jpg\" alt=\"hidroelectrica machu picchu\" width=\"888\" height=\"1118\" srcset=\"https:\/\/www.trekkingtomachupicchu.com\/es\/wp-content\/uploads\/2024\/02\/hidroelectrica-machu-picchu.jpg 888w, https:\/\/www.trekkingtomachupicchu.com\/es\/wp-content\/uploads\/2024\/02\/hidroelectrica-machu-picchu-238x300.jpg 238w, https:\/\/www.trekkingtomachupicchu.com\/es\/wp-content\/uploads\/2024\/02\/hidroelectrica-machu-picchu-813x1024.jpg 813w, https:\/\/www.trekkingtomachupicchu.com\/es\/wp-content\/uploads\/2024\/02\/hidroelectrica-machu-picchu-768x967.jpg 768w, https:\/\/www.trekkingtomachupicchu.com\/es\/wp-content\/uploads\/2024\/02\/hidroelectrica-machu-picchu-600x755.jpg 600w\" sizes=\"auto, (max-width: 888px) 100vw, 888px\" \/><\/p>\n","protected":false},"excerpt":{"rendered":"<p>Tour Machu Picchu por Carro 2 d\u00edas 1 Noche (Econ\u00f3mico). Una de las rutas m\u00e1s interesantes y econ\u00f3micas es la<\/p>\n<div class=\"padding-top text-center\"><a href=\"https:\/\/www.trekkingtomachupicchu.com\/es\/tours\/tour-machu-picchu-por-carro-2-dias-1-noche-economico\/\" class=\"atbtn atbtn--medium atbtn--rounded atbtn--transparent\">Continuar lectura&#8230;<i class=\"atbtn__icon atbtn__icon--right fa fa-long-arrow-right\"><\/i><\/a><\/div>\n","protected":false},"featured_media":80,"comment_status":"closed","ping_status":"closed","template":"","meta":[],"product_brand":[],"product_cat":[17],"product_tag":[],"class_list":{"0":"post-79","1":"product","2":"type-product","3":"status-publish","4":"has-post-thumbnail","6":"product_cat-machu-picchu","7":"tour_category-machu-picchu","9":"first","10":"instock","11":"sale","12":"shipping-taxable","13":"purchasable","14":"product-type-tour"},"yoast_head":"<!-- This site is optimized with the Yoast SEO plugin v27.1 - https:\/\/yoast.com\/product\/yoast-seo-wordpress\/ -->\n<title>Tour Machu Picchu por Carro 2 d\u00edas 1 Noche (Econ\u00f3mico)<\/title>\n<meta name=\"description\" content=\"Tour Machu Picchu por Carro 2 d\u00edas 1 Noche. La forma mas econ\u00f3mica para visitar la ciudad inca de Machu Picchu por la ruta hidroelectrica!\" \/>\n<meta name=\"robots\" content=\"index, follow, max-snippet:-1, max-image-preview:large, max-video-preview:-1\" \/>\n<link rel=\"canonical\" href=\"https:\/\/www.trekkingtomachupicchu.com\/es\/tours\/tour-machu-picchu-por-carro-2-dias-1-noche-economico\/\" \/>\n<meta property=\"og:locale\" content=\"es_ES\" \/>\n<meta property=\"og:type\" content=\"article\" \/>\n<meta property=\"og:title\" content=\"Tour Machu Picchu por Carro 2 d\u00edas 1 Noche (Econ\u00f3mico)\" \/>\n<meta property=\"og:description\" content=\"Tour Machu Picchu por Carro 2 d\u00edas 1 Noche. La forma mas econ\u00f3mica para visitar la ciudad inca de Machu Picchu por la ruta hidroelectrica!\" \/>\n<meta property=\"og:url\" content=\"https:\/\/www.trekkingtomachupicchu.com\/es\/tours\/tour-machu-picchu-por-carro-2-dias-1-noche-economico\/\" \/>\n<meta property=\"og:site_name\" content=\"Tours a Machu Picchu\" \/>\n<meta property=\"article:modified_time\" content=\"2024-06-27T12:27:25+00:00\" \/>\n<meta property=\"og:image\" content=\"https:\/\/www.trekkingtomachupicchu.com\/es\/wp-content\/uploads\/2024\/02\/machu-picchu-por-carro.jpg\" \/>\n\t<meta property=\"og:image:width\" content=\"2000\" \/>\n\t<meta property=\"og:image:height\" content=\"915\" \/>\n\t<meta property=\"og:image:type\" content=\"image\/jpeg\" \/>\n<meta name=\"twitter:card\" content=\"summary_large_image\" \/>\n<meta name=\"twitter:label1\" content=\"Tiempo de lectura\" \/>\n\t<meta name=\"twitter:data1\" content=\"3 minutos\" \/>\n<script type=\"application\/ld+json\" class=\"yoast-schema-graph\">{\"@context\":\"https:\/\/schema.org\",\"@graph\":[{\"@type\":\"WebPage\",\"@id\":\"https:\/\/www.trekkingtomachupicchu.com\/es\/tours\/tour-machu-picchu-por-carro-2-dias-1-noche-economico\/\",\"url\":\"https:\/\/www.trekkingtomachupicchu.com\/es\/tours\/tour-machu-picchu-por-carro-2-dias-1-noche-economico\/\",\"name\":\"Tour Machu Picchu por Carro 2 d\u00edas 1 Noche (Econ\u00f3mico)\",\"isPartOf\":{\"@id\":\"https:\/\/www.trekkingtomachupicchu.com\/es\/#website\"},\"primaryImageOfPage\":{\"@id\":\"https:\/\/www.trekkingtomachupicchu.com\/es\/tours\/tour-machu-picchu-por-carro-2-dias-1-noche-economico\/#primaryimage\"},\"image\":{\"@id\":\"https:\/\/www.trekkingtomachupicchu.com\/es\/tours\/tour-machu-picchu-por-carro-2-dias-1-noche-economico\/#primaryimage\"},\"thumbnailUrl\":\"https:\/\/www.trekkingtomachupicchu.com\/es\/wp-content\/uploads\/2024\/02\/machu-picchu-por-carro.jpg\",\"datePublished\":\"2024-02-18T13:08:13+00:00\",\"dateModified\":\"2024-06-27T12:27:25+00:00\",\"description\":\"Tour Machu Picchu por Carro 2 d\u00edas 1 Noche. La forma mas econ\u00f3mica para visitar la ciudad inca de Machu Picchu por la ruta hidroelectrica!\",\"breadcrumb\":{\"@id\":\"https:\/\/www.trekkingtomachupicchu.com\/es\/tours\/tour-machu-picchu-por-carro-2-dias-1-noche-economico\/#breadcrumb\"},\"inLanguage\":\"es\",\"potentialAction\":[{\"@type\":\"ReadAction\",\"target\":[\"https:\/\/www.trekkingtomachupicchu.com\/es\/tours\/tour-machu-picchu-por-carro-2-dias-1-noche-economico\/\"]}]},{\"@type\":\"ImageObject\",\"inLanguage\":\"es\",\"@id\":\"https:\/\/www.trekkingtomachupicchu.com\/es\/tours\/tour-machu-picchu-por-carro-2-dias-1-noche-economico\/#primaryimage\",\"url\":\"https:\/\/www.trekkingtomachupicchu.com\/es\/wp-content\/uploads\/2024\/02\/machu-picchu-por-carro.jpg\",\"contentUrl\":\"https:\/\/www.trekkingtomachupicchu.com\/es\/wp-content\/uploads\/2024\/02\/machu-picchu-por-carro.jpg\",\"width\":2000,\"height\":915,\"caption\":\"machu picchu por carro\"},{\"@type\":\"BreadcrumbList\",\"@id\":\"https:\/\/www.trekkingtomachupicchu.com\/es\/tours\/tour-machu-picchu-por-carro-2-dias-1-noche-economico\/#breadcrumb\",\"itemListElement\":[{\"@type\":\"ListItem\",\"position\":1,\"name\":\"Portada\",\"item\":\"https:\/\/www.trekkingtomachupicchu.com\/es\/\"},{\"@type\":\"ListItem\",\"position\":2,\"name\":\"Productos\",\"item\":\"https:\/\/www.trekkingtomachupicchu.com\/es\/shop\/\"},{\"@type\":\"ListItem\",\"position\":3,\"name\":\"Tour Machu Picchu por Carro 2 d\u00edas 1 Noche (Econ\u00f3mico)\"}]},{\"@type\":\"WebSite\",\"@id\":\"https:\/\/www.trekkingtomachupicchu.com\/es\/#website\",\"url\":\"https:\/\/www.trekkingtomachupicchu.com\/es\/\",\"name\":\"Tours a Machu Picchu\",\"description\":\"\",\"publisher\":{\"@id\":\"https:\/\/www.trekkingtomachupicchu.com\/es\/#organization\"},\"potentialAction\":[{\"@type\":\"SearchAction\",\"target\":{\"@type\":\"EntryPoint\",\"urlTemplate\":\"https:\/\/www.trekkingtomachupicchu.com\/es\/?s={search_term_string}\"},\"query-input\":{\"@type\":\"PropertyValueSpecification\",\"valueRequired\":true,\"valueName\":\"search_term_string\"}}],\"inLanguage\":\"es\"},{\"@type\":\"Organization\",\"@id\":\"https:\/\/www.trekkingtomachupicchu.com\/es\/#organization\",\"name\":\"Tours a Machu Picchu\",\"url\":\"https:\/\/www.trekkingtomachupicchu.com\/es\/\",\"logo\":{\"@type\":\"ImageObject\",\"inLanguage\":\"es\",\"@id\":\"https:\/\/www.trekkingtomachupicchu.com\/es\/#\/schema\/logo\/image\/\",\"url\":\"https:\/\/www.trekkingtomachupicchu.com\/es\/wp-content\/uploads\/2024\/02\/cropped-Sin-titulo-5-1.png\",\"contentUrl\":\"https:\/\/www.trekkingtomachupicchu.com\/es\/wp-content\/uploads\/2024\/02\/cropped-Sin-titulo-5-1.png\",\"width\":512,\"height\":512,\"caption\":\"Tours a Machu Picchu\"},\"image\":{\"@id\":\"https:\/\/www.trekkingtomachupicchu.com\/es\/#\/schema\/logo\/image\/\"}}]}<\/script>\n<!-- \/ Yoast SEO plugin. -->","yoast_head_json":{"title":"Tour Machu Picchu por Carro 2 d\u00edas 1 Noche (Econ\u00f3mico)","description":"Tour Machu Picchu por Carro 2 d\u00edas 1 Noche. La forma mas econ\u00f3mica para visitar la ciudad inca de Machu Picchu por la ruta hidroelectrica!","robots":{"index":"index","follow":"follow","max-snippet":"max-snippet:-1","max-image-preview":"max-image-preview:large","max-video-preview":"max-video-preview:-1"},"canonical":"https:\/\/www.trekkingtomachupicchu.com\/es\/tours\/tour-machu-picchu-por-carro-2-dias-1-noche-economico\/","og_locale":"es_ES","og_type":"article","og_title":"Tour Machu Picchu por Carro 2 d\u00edas 1 Noche (Econ\u00f3mico)","og_description":"Tour Machu Picchu por Carro 2 d\u00edas 1 Noche. La forma mas econ\u00f3mica para visitar la ciudad inca de Machu Picchu por la ruta hidroelectrica!","og_url":"https:\/\/www.trekkingtomachupicchu.com\/es\/tours\/tour-machu-picchu-por-carro-2-dias-1-noche-economico\/","og_site_name":"Tours a Machu Picchu","article_modified_time":"2024-06-27T12:27:25+00:00","og_image":[{"width":2000,"height":915,"url":"https:\/\/www.trekkingtomachupicchu.com\/es\/wp-content\/uploads\/2024\/02\/machu-picchu-por-carro.jpg","type":"image\/jpeg"}],"twitter_card":"summary_large_image","twitter_misc":{"Tiempo de lectura":"3 minutos"},"schema":{"@context":"https:\/\/schema.org","@graph":[{"@type":"WebPage","@id":"https:\/\/www.trekkingtomachupicchu.com\/es\/tours\/tour-machu-picchu-por-carro-2-dias-1-noche-economico\/","url":"https:\/\/www.trekkingtomachupicchu.com\/es\/tours\/tour-machu-picchu-por-carro-2-dias-1-noche-economico\/","name":"Tour Machu Picchu por Carro 2 d\u00edas 1 Noche (Econ\u00f3mico)","isPartOf":{"@id":"https:\/\/www.trekkingtomachupicchu.com\/es\/#website"},"primaryImageOfPage":{"@id":"https:\/\/www.trekkingtomachupicchu.com\/es\/tours\/tour-machu-picchu-por-carro-2-dias-1-noche-economico\/#primaryimage"},"image":{"@id":"https:\/\/www.trekkingtomachupicchu.com\/es\/tours\/tour-machu-picchu-por-carro-2-dias-1-noche-economico\/#primaryimage"},"thumbnailUrl":"https:\/\/www.trekkingtomachupicchu.com\/es\/wp-content\/uploads\/2024\/02\/machu-picchu-por-carro.jpg","datePublished":"2024-02-18T13:08:13+00:00","dateModified":"2024-06-27T12:27:25+00:00","description":"Tour Machu Picchu por Carro 2 d\u00edas 1 Noche. La forma mas econ\u00f3mica para visitar la ciudad inca de Machu Picchu por la ruta hidroelectrica!","breadcrumb":{"@id":"https:\/\/www.trekkingtomachupicchu.com\/es\/tours\/tour-machu-picchu-por-carro-2-dias-1-noche-economico\/#breadcrumb"},"inLanguage":"es","potentialAction":[{"@type":"ReadAction","target":["https:\/\/www.trekkingtomachupicchu.com\/es\/tours\/tour-machu-picchu-por-carro-2-dias-1-noche-economico\/"]}]},{"@type":"ImageObject","inLanguage":"es","@id":"https:\/\/www.trekkingtomachupicchu.com\/es\/tours\/tour-machu-picchu-por-carro-2-dias-1-noche-economico\/#primaryimage","url":"https:\/\/www.trekkingtomachupicchu.com\/es\/wp-content\/uploads\/2024\/02\/machu-picchu-por-carro.jpg","contentUrl":"https:\/\/www.trekkingtomachupicchu.com\/es\/wp-content\/uploads\/2024\/02\/machu-picchu-por-carro.jpg","width":2000,"height":915,"caption":"machu picchu por carro"},{"@type":"BreadcrumbList","@id":"https:\/\/www.trekkingtomachupicchu.com\/es\/tours\/tour-machu-picchu-por-carro-2-dias-1-noche-economico\/#breadcrumb","itemListElement":[{"@type":"ListItem","position":1,"name":"Portada","item":"https:\/\/www.trekkingtomachupicchu.com\/es\/"},{"@type":"ListItem","position":2,"name":"Productos","item":"https:\/\/www.trekkingtomachupicchu.com\/es\/shop\/"},{"@type":"ListItem","position":3,"name":"Tour Machu Picchu por Carro 2 d\u00edas 1 Noche (Econ\u00f3mico)"}]},{"@type":"WebSite","@id":"https:\/\/www.trekkingtomachupicchu.com\/es\/#website","url":"https:\/\/www.trekkingtomachupicchu.com\/es\/","name":"Tours a Machu Picchu","description":"","publisher":{"@id":"https:\/\/www.trekkingtomachupicchu.com\/es\/#organization"},"potentialAction":[{"@type":"SearchAction","target":{"@type":"EntryPoint","urlTemplate":"https:\/\/www.trekkingtomachupicchu.com\/es\/?s={search_term_string}"},"query-input":{"@type":"PropertyValueSpecification","valueRequired":true,"valueName":"search_term_string"}}],"inLanguage":"es"},{"@type":"Organization","@id":"https:\/\/www.trekkingtomachupicchu.com\/es\/#organization","name":"Tours a Machu Picchu","url":"https:\/\/www.trekkingtomachupicchu.com\/es\/","logo":{"@type":"ImageObject","inLanguage":"es","@id":"https:\/\/www.trekkingtomachupicchu.com\/es\/#\/schema\/logo\/image\/","url":"https:\/\/www.trekkingtomachupicchu.com\/es\/wp-content\/uploads\/2024\/02\/cropped-Sin-titulo-5-1.png","contentUrl":"https:\/\/www.trekkingtomachupicchu.com\/es\/wp-content\/uploads\/2024\/02\/cropped-Sin-titulo-5-1.png","width":512,"height":512,"caption":"Tours a Machu Picchu"},"image":{"@id":"https:\/\/www.trekkingtomachupicchu.com\/es\/#\/schema\/logo\/image\/"}}]}},"_links":{"self":[{"href":"https:\/\/www.trekkingtomachupicchu.com\/es\/wp-json\/wp\/v2\/product\/79","targetHints":{"allow":["GET"]}}],"collection":[{"href":"https:\/\/www.trekkingtomachupicchu.com\/es\/wp-json\/wp\/v2\/product"}],"about":[{"href":"https:\/\/www.trekkingtomachupicchu.com\/es\/wp-json\/wp\/v2\/types\/product"}],"replies":[{"embeddable":true,"href":"https:\/\/www.trekkingtomachupicchu.com\/es\/wp-json\/wp\/v2\/comments?post=79"}],"wp:featuredmedia":[{"embeddable":true,"href":"https:\/\/www.trekkingtomachupicchu.com\/es\/wp-json\/wp\/v2\/media\/80"}],"wp:attachment":[{"href":"https:\/\/www.trekkingtomachupicchu.com\/es\/wp-json\/wp\/v2\/media?parent=79"}],"wp:term":[{"taxonomy":"product_brand","embeddable":true,"href":"https:\/\/www.trekkingtomachupicchu.com\/es\/wp-json\/wp\/v2\/product_brand?post=79"},{"taxonomy":"product_cat","embeddable":true,"href":"https:\/\/www.trekkingtomachupicchu.com\/es\/wp-json\/wp\/v2\/product_cat?post=79"},{"taxonomy":"product_tag","embeddable":true,"href":"https:\/\/www.trekkingtomachupicchu.com\/es\/wp-json\/wp\/v2\/product_tag?post=79"}],"curies":[{"name":"wp","href":"https:\/\/api.w.org\/{rel}","templated":true}]}}