{"id":66,"date":"2024-02-17T23:23:46","date_gmt":"2024-02-17T22:23:46","guid":{"rendered":"https:\/\/www.trekkingtomachupicchu.com\/es\/?post_type=product&#038;p=66"},"modified":"2024-06-27T14:29:00","modified_gmt":"2024-06-27T12:29:00","slug":"tour-machu-picchu-en-2-dias-con-tren-vistadome","status":"publish","type":"product","link":"https:\/\/www.trekkingtomachupicchu.com\/es\/tours\/tour-machu-picchu-en-2-dias-con-tren-vistadome\/","title":{"rendered":"Tour Machu Picchu en 2 Dias con Tren Vistadome"},"content":{"rendered":"<p><strong>Tour Machu Picchu en 2 D\u00edas con Tren Vistadome<\/strong>. Tour de 2 d\u00edas ideal donde podr\u00e1s tener un viaje muy tranquilo y exclusivo antes de tu visita a Machu Picchu. Nuestro primer d\u00eda viajaremos en el tren tur\u00edstico Vistadome o Vistadome Observatory (Sujeto a disponibilidad) y podr\u00e1s observar de los hermosos paisajes del Valle Sagrado de los Incas.<\/p>\n<h2>Machu Picchu en 2 Dias<\/h2>\n<p><strong>Precio por persona de 0 a 1<\/strong>: 490 USD<br \/>\n<strong>Precio por persona de 2 a 8<\/strong>: 460 USD<br \/>\n<strong>Precio por persona de 9 a Mas<\/strong>: 440 USD<br \/>\n<strong>Dificultad<\/strong>: Media Baja<br \/>\n<strong>Tipo<\/strong>: Privado<br \/>\n<strong>Salidas diarias<\/strong><\/p>\n<p><strong>Incluye<\/strong>:<br \/>\n<i class=\"fa fa-check icon-tick icon-tick--on\"><\/i> Recojo en tu Hotel<br \/>\n<i class=\"fa fa-check icon-tick icon-tick--on\"><\/i> Traslado privado <a href=\"https:\/\/www.trasladosaeropuertocusco.com\/tours\/traslado-cusco-a-estacion-de-ollantaytambo\/\" target=\"_blank\" rel=\"noopener\">Cusco a Ollantaytambo ida y vuelta<\/a><br \/>\n<i class=\"fa fa-check icon-tick icon-tick--on\"><\/i> Tren tur\u00edstico Vistadome Ollantaytambo \u2013 Aguas Calientes \u2013 Ollantaytambo<br \/>\n<i class=\"fa fa-check icon-tick icon-tick--on\"><\/i> Gu\u00eda profesional certificado privado<br \/>\n<i class=\"fa fa-check icon-tick icon-tick--on\"><\/i> Entrada a Machu Picchu Circuito 2<br \/>\n<i class=\"fa fa-check icon-tick icon-tick--on\"><\/i> 1 Noche de Alojamiento en Aguas Calientes<br \/>\n<i class=\"fa fa-check icon-tick icon-tick--on\"><\/i> Bus consettur ida y vuelta<br \/>\n<i class=\"fa fa-check icon-tick icon-tick--on\"><\/i> Asistencia personalizada<br \/>\n<i class=\"fa fa-check icon-tick icon-tick--on\"><\/i> Drop off en tu Hotel<\/p>\n<p><strong>No incluye<\/strong>:<br \/>\n<i class=\"fa fa-times icon-tick icon-tick--off\"><\/i> Seguro de viaje y otros servicios no mencionados.<\/p>\n<p><strong>Importante<\/strong>:<br \/>\n\u2022 Se recomienda reservar con anticipaci\u00f3n<br \/>\n\u2022 El recojo puede iniciar en Cusco o en el Valle Sagrado<br \/>\n\u2022 Se brindara tren tur\u00edstico vistadome o <a href=\"https:\/\/www.trekkingtomachupicchu.com\/es\/tours\/tour-machu-picchu-en-1-dia-con-tren-vistadome-observatory\/\" target=\"_blank\" rel=\"noopener\">vistadome observatory<\/a> de acuerdo a la disponibilidad.<\/p>\n<h2>Itinerario Machu Picchu<\/h2>\n<p><strong>D\u00eda 1: Cusco a Aguas Calientes<\/strong><\/p>\n<p>11:29 Recojo de tu Hotel \/ Airbnb<br \/>\n11:30 Traslado privado desde Cusco hacia la estaci\u00f3n de tren de Ollantaytambo<br \/>\n13:00 Debes presentarte en la estaci\u00f3n de tren de Ollantaytambo<br \/>\n13:27 Tren tur\u00edstico Vistadome desde Ollantaytambo a Aguas Calientes<br \/>\n14:50 Llegada a Aguas Calientes. El agente te estar\u00e1 esperando en la estaci\u00f3n para llevarte a tu alojamiento respectivo.<\/p>\n<p>Tarde Libre<\/p>\n<p>Puedes aprovechar el tiempo para visitar las aguas termales de Aguas Calientes. Se recomienda llevar ropa de ba\u00f1o.<\/p>\n<p><strong>D\u00eda 2: Machu Picchu &#8211; Cusco<\/strong><\/p>\n<p>08:00 Desayuno en el alojamiento<br \/>\n09:00 Bus consettur de Subida desde Aguas Calientes (Pueblo Machu Picchu) a Machu Picchu<br \/>\n10:00 Entrada a <a href=\"https:\/\/www.trekkingtomachupicchu.com\/es\/tours\/tour-a-machu-picchu-en-1-dia\/\" target=\"_blank\" rel=\"noopener\">Machu Picchu<\/a> y guiado durante 2 horas y media aprox.<br \/>\n13:00 Aproximadamente. Bus consettur de Bajada de Machu Picchu a Aguas Calientes (Pueblo Machu Picchu).<br \/>\nTarde libre<br \/>\n16:00 Debes presentarte en la estaci\u00f3n de tren de Aguas Calientes<br \/>\n16:22 Tren turisitico vistadome desde Aguas Calientes a Ollantaytambo<br \/>\n18:10 Llegada a Ollantaytambo<br \/>\n18:12 Traslado privado desde Ollantaytambo a Cusco<br \/>\n19:45 Aproximadamente llegada a Cusco y drop off en tu Hotel.<\/p>\n<p><strong>Nota<\/strong>: Los horarios pueden variar para este tour de Machu Picchu en 2 dias, sujeto a disponibilidad. Se brindara vistadome o vistadome observatory de acuerdo a la disponibilidad.<\/p>\n<p><img loading=\"lazy\" decoding=\"async\" class=\"alignnone size-full wp-image-68\" src=\"https:\/\/www.trekkingtomachupicchu.com\/es\/wp-content\/uploads\/2024\/02\/tour-machupicchu-2-dias.jpg\" alt=\"tour machupicchu 2 dias\" width=\"888\" height=\"1118\" srcset=\"https:\/\/www.trekkingtomachupicchu.com\/es\/wp-content\/uploads\/2024\/02\/tour-machupicchu-2-dias.jpg 888w, https:\/\/www.trekkingtomachupicchu.com\/es\/wp-content\/uploads\/2024\/02\/tour-machupicchu-2-dias-238x300.jpg 238w, https:\/\/www.trekkingtomachupicchu.com\/es\/wp-content\/uploads\/2024\/02\/tour-machupicchu-2-dias-813x1024.jpg 813w, https:\/\/www.trekkingtomachupicchu.com\/es\/wp-content\/uploads\/2024\/02\/tour-machupicchu-2-dias-768x967.jpg 768w, https:\/\/www.trekkingtomachupicchu.com\/es\/wp-content\/uploads\/2024\/02\/tour-machupicchu-2-dias-600x755.jpg 600w\" sizes=\"auto, (max-width: 888px) 100vw, 888px\" \/> <img loading=\"lazy\" decoding=\"async\" class=\"alignnone size-full wp-image-69\" src=\"https:\/\/www.trekkingtomachupicchu.com\/es\/wp-content\/uploads\/2024\/02\/machupicchu-2-dias-tour.jpg\" alt=\"machupicchu 2 dias tour\" width=\"888\" height=\"1118\" srcset=\"https:\/\/www.trekkingtomachupicchu.com\/es\/wp-content\/uploads\/2024\/02\/machupicchu-2-dias-tour.jpg 888w, https:\/\/www.trekkingtomachupicchu.com\/es\/wp-content\/uploads\/2024\/02\/machupicchu-2-dias-tour-238x300.jpg 238w, https:\/\/www.trekkingtomachupicchu.com\/es\/wp-content\/uploads\/2024\/02\/machupicchu-2-dias-tour-813x1024.jpg 813w, https:\/\/www.trekkingtomachupicchu.com\/es\/wp-content\/uploads\/2024\/02\/machupicchu-2-dias-tour-768x967.jpg 768w, https:\/\/www.trekkingtomachupicchu.com\/es\/wp-content\/uploads\/2024\/02\/machupicchu-2-dias-tour-600x755.jpg 600w\" sizes=\"auto, (max-width: 888px) 100vw, 888px\" \/> <img loading=\"lazy\" decoding=\"async\" class=\"alignnone size-full wp-image-70\" src=\"https:\/\/www.trekkingtomachupicchu.com\/es\/wp-content\/uploads\/2024\/02\/machu-picchu-2-dias-tour.jpg\" alt=\"machu picchu 2 dias tour\" width=\"888\" height=\"1118\" srcset=\"https:\/\/www.trekkingtomachupicchu.com\/es\/wp-content\/uploads\/2024\/02\/machu-picchu-2-dias-tour.jpg 888w, https:\/\/www.trekkingtomachupicchu.com\/es\/wp-content\/uploads\/2024\/02\/machu-picchu-2-dias-tour-238x300.jpg 238w, https:\/\/www.trekkingtomachupicchu.com\/es\/wp-content\/uploads\/2024\/02\/machu-picchu-2-dias-tour-813x1024.jpg 813w, https:\/\/www.trekkingtomachupicchu.com\/es\/wp-content\/uploads\/2024\/02\/machu-picchu-2-dias-tour-768x967.jpg 768w, https:\/\/www.trekkingtomachupicchu.com\/es\/wp-content\/uploads\/2024\/02\/machu-picchu-2-dias-tour-600x755.jpg 600w\" sizes=\"auto, (max-width: 888px) 100vw, 888px\" \/><\/p>\n","protected":false},"excerpt":{"rendered":"<p>Tour Machu Picchu en 2 D\u00edas con Tren Vistadome. Tour de 2 d\u00edas ideal donde podr\u00e1s tener un viaje muy<\/p>\n<div class=\"padding-top text-center\"><a href=\"https:\/\/www.trekkingtomachupicchu.com\/es\/tours\/tour-machu-picchu-en-2-dias-con-tren-vistadome\/\" class=\"atbtn atbtn--medium atbtn--rounded atbtn--transparent\">Continuar lectura&#8230;<i class=\"atbtn__icon atbtn__icon--right fa fa-long-arrow-right\"><\/i><\/a><\/div>\n","protected":false},"featured_media":67,"comment_status":"closed","ping_status":"closed","template":"","meta":[],"product_brand":[],"product_cat":[17],"product_tag":[],"class_list":{"0":"post-66","1":"product","2":"type-product","3":"status-publish","4":"has-post-thumbnail","6":"product_cat-machu-picchu","7":"tour_category-machu-picchu","9":"first","10":"instock","11":"sale","12":"shipping-taxable","13":"purchasable","14":"product-type-tour"},"yoast_head":"<!-- This site is optimized with the Yoast SEO plugin v27.1 - https:\/\/yoast.com\/product\/yoast-seo-wordpress\/ -->\n<title>Tour Machu Picchu en 2 Dias con Tren Vistadome<\/title>\n<meta name=\"description\" content=\"Tour Machu Picchu en 2 Dias con Tren Vistadome. Circuito para visitar la ciudad inca de Machu Picchu de una forma mas exclusiva y privada!\" \/>\n<meta name=\"robots\" content=\"index, follow, max-snippet:-1, max-image-preview:large, max-video-preview:-1\" \/>\n<link rel=\"canonical\" href=\"https:\/\/www.trekkingtomachupicchu.com\/es\/tours\/tour-machu-picchu-en-2-dias-con-tren-vistadome\/\" \/>\n<meta property=\"og:locale\" content=\"es_ES\" \/>\n<meta property=\"og:type\" content=\"article\" \/>\n<meta property=\"og:title\" content=\"Tour Machu Picchu en 2 Dias con Tren Vistadome\" \/>\n<meta property=\"og:description\" content=\"Tour Machu Picchu en 2 Dias con Tren Vistadome. Circuito para visitar la ciudad inca de Machu Picchu de una forma mas exclusiva y privada!\" \/>\n<meta property=\"og:url\" content=\"https:\/\/www.trekkingtomachupicchu.com\/es\/tours\/tour-machu-picchu-en-2-dias-con-tren-vistadome\/\" \/>\n<meta property=\"og:site_name\" content=\"Tours a Machu Picchu\" \/>\n<meta property=\"article:modified_time\" content=\"2024-06-27T12:29:00+00:00\" \/>\n<meta property=\"og:image\" content=\"https:\/\/www.trekkingtomachupicchu.com\/es\/wp-content\/uploads\/2024\/02\/machu-picchu-2-dias.jpg\" \/>\n\t<meta property=\"og:image:width\" content=\"2000\" \/>\n\t<meta property=\"og:image:height\" content=\"915\" \/>\n\t<meta property=\"og:image:type\" content=\"image\/jpeg\" \/>\n<meta name=\"twitter:card\" content=\"summary_large_image\" \/>\n<meta name=\"twitter:label1\" content=\"Tiempo de lectura\" \/>\n\t<meta name=\"twitter:data1\" content=\"3 minutos\" \/>\n<script type=\"application\/ld+json\" class=\"yoast-schema-graph\">{\"@context\":\"https:\/\/schema.org\",\"@graph\":[{\"@type\":\"WebPage\",\"@id\":\"https:\/\/www.trekkingtomachupicchu.com\/es\/tours\/tour-machu-picchu-en-2-dias-con-tren-vistadome\/\",\"url\":\"https:\/\/www.trekkingtomachupicchu.com\/es\/tours\/tour-machu-picchu-en-2-dias-con-tren-vistadome\/\",\"name\":\"Tour Machu Picchu en 2 Dias con Tren Vistadome\",\"isPartOf\":{\"@id\":\"https:\/\/www.trekkingtomachupicchu.com\/es\/#website\"},\"primaryImageOfPage\":{\"@id\":\"https:\/\/www.trekkingtomachupicchu.com\/es\/tours\/tour-machu-picchu-en-2-dias-con-tren-vistadome\/#primaryimage\"},\"image\":{\"@id\":\"https:\/\/www.trekkingtomachupicchu.com\/es\/tours\/tour-machu-picchu-en-2-dias-con-tren-vistadome\/#primaryimage\"},\"thumbnailUrl\":\"https:\/\/www.trekkingtomachupicchu.com\/es\/wp-content\/uploads\/2024\/02\/machu-picchu-2-dias.jpg\",\"datePublished\":\"2024-02-17T22:23:46+00:00\",\"dateModified\":\"2024-06-27T12:29:00+00:00\",\"description\":\"Tour Machu Picchu en 2 Dias con Tren Vistadome. Circuito para visitar la ciudad inca de Machu Picchu de una forma mas exclusiva y privada!\",\"breadcrumb\":{\"@id\":\"https:\/\/www.trekkingtomachupicchu.com\/es\/tours\/tour-machu-picchu-en-2-dias-con-tren-vistadome\/#breadcrumb\"},\"inLanguage\":\"es\",\"potentialAction\":[{\"@type\":\"ReadAction\",\"target\":[\"https:\/\/www.trekkingtomachupicchu.com\/es\/tours\/tour-machu-picchu-en-2-dias-con-tren-vistadome\/\"]}]},{\"@type\":\"ImageObject\",\"inLanguage\":\"es\",\"@id\":\"https:\/\/www.trekkingtomachupicchu.com\/es\/tours\/tour-machu-picchu-en-2-dias-con-tren-vistadome\/#primaryimage\",\"url\":\"https:\/\/www.trekkingtomachupicchu.com\/es\/wp-content\/uploads\/2024\/02\/machu-picchu-2-dias.jpg\",\"contentUrl\":\"https:\/\/www.trekkingtomachupicchu.com\/es\/wp-content\/uploads\/2024\/02\/machu-picchu-2-dias.jpg\",\"width\":2000,\"height\":915,\"caption\":\"machu picchu 2 dias\"},{\"@type\":\"BreadcrumbList\",\"@id\":\"https:\/\/www.trekkingtomachupicchu.com\/es\/tours\/tour-machu-picchu-en-2-dias-con-tren-vistadome\/#breadcrumb\",\"itemListElement\":[{\"@type\":\"ListItem\",\"position\":1,\"name\":\"Portada\",\"item\":\"https:\/\/www.trekkingtomachupicchu.com\/es\/\"},{\"@type\":\"ListItem\",\"position\":2,\"name\":\"Productos\",\"item\":\"https:\/\/www.trekkingtomachupicchu.com\/es\/shop\/\"},{\"@type\":\"ListItem\",\"position\":3,\"name\":\"Tour Machu Picchu en 2 Dias con Tren Vistadome\"}]},{\"@type\":\"WebSite\",\"@id\":\"https:\/\/www.trekkingtomachupicchu.com\/es\/#website\",\"url\":\"https:\/\/www.trekkingtomachupicchu.com\/es\/\",\"name\":\"Tours a Machu Picchu\",\"description\":\"\",\"publisher\":{\"@id\":\"https:\/\/www.trekkingtomachupicchu.com\/es\/#organization\"},\"potentialAction\":[{\"@type\":\"SearchAction\",\"target\":{\"@type\":\"EntryPoint\",\"urlTemplate\":\"https:\/\/www.trekkingtomachupicchu.com\/es\/?s={search_term_string}\"},\"query-input\":{\"@type\":\"PropertyValueSpecification\",\"valueRequired\":true,\"valueName\":\"search_term_string\"}}],\"inLanguage\":\"es\"},{\"@type\":\"Organization\",\"@id\":\"https:\/\/www.trekkingtomachupicchu.com\/es\/#organization\",\"name\":\"Tours a Machu Picchu\",\"url\":\"https:\/\/www.trekkingtomachupicchu.com\/es\/\",\"logo\":{\"@type\":\"ImageObject\",\"inLanguage\":\"es\",\"@id\":\"https:\/\/www.trekkingtomachupicchu.com\/es\/#\/schema\/logo\/image\/\",\"url\":\"https:\/\/www.trekkingtomachupicchu.com\/es\/wp-content\/uploads\/2024\/02\/cropped-Sin-titulo-5-1.png\",\"contentUrl\":\"https:\/\/www.trekkingtomachupicchu.com\/es\/wp-content\/uploads\/2024\/02\/cropped-Sin-titulo-5-1.png\",\"width\":512,\"height\":512,\"caption\":\"Tours a Machu Picchu\"},\"image\":{\"@id\":\"https:\/\/www.trekkingtomachupicchu.com\/es\/#\/schema\/logo\/image\/\"}}]}<\/script>\n<!-- \/ Yoast SEO plugin. -->","yoast_head_json":{"title":"Tour Machu Picchu en 2 Dias con Tren Vistadome","description":"Tour Machu Picchu en 2 Dias con Tren Vistadome. Circuito para visitar la ciudad inca de Machu Picchu de una forma mas exclusiva y privada!","robots":{"index":"index","follow":"follow","max-snippet":"max-snippet:-1","max-image-preview":"max-image-preview:large","max-video-preview":"max-video-preview:-1"},"canonical":"https:\/\/www.trekkingtomachupicchu.com\/es\/tours\/tour-machu-picchu-en-2-dias-con-tren-vistadome\/","og_locale":"es_ES","og_type":"article","og_title":"Tour Machu Picchu en 2 Dias con Tren Vistadome","og_description":"Tour Machu Picchu en 2 Dias con Tren Vistadome. Circuito para visitar la ciudad inca de Machu Picchu de una forma mas exclusiva y privada!","og_url":"https:\/\/www.trekkingtomachupicchu.com\/es\/tours\/tour-machu-picchu-en-2-dias-con-tren-vistadome\/","og_site_name":"Tours a Machu Picchu","article_modified_time":"2024-06-27T12:29:00+00:00","og_image":[{"width":2000,"height":915,"url":"https:\/\/www.trekkingtomachupicchu.com\/es\/wp-content\/uploads\/2024\/02\/machu-picchu-2-dias.jpg","type":"image\/jpeg"}],"twitter_card":"summary_large_image","twitter_misc":{"Tiempo de lectura":"3 minutos"},"schema":{"@context":"https:\/\/schema.org","@graph":[{"@type":"WebPage","@id":"https:\/\/www.trekkingtomachupicchu.com\/es\/tours\/tour-machu-picchu-en-2-dias-con-tren-vistadome\/","url":"https:\/\/www.trekkingtomachupicchu.com\/es\/tours\/tour-machu-picchu-en-2-dias-con-tren-vistadome\/","name":"Tour Machu Picchu en 2 Dias con Tren Vistadome","isPartOf":{"@id":"https:\/\/www.trekkingtomachupicchu.com\/es\/#website"},"primaryImageOfPage":{"@id":"https:\/\/www.trekkingtomachupicchu.com\/es\/tours\/tour-machu-picchu-en-2-dias-con-tren-vistadome\/#primaryimage"},"image":{"@id":"https:\/\/www.trekkingtomachupicchu.com\/es\/tours\/tour-machu-picchu-en-2-dias-con-tren-vistadome\/#primaryimage"},"thumbnailUrl":"https:\/\/www.trekkingtomachupicchu.com\/es\/wp-content\/uploads\/2024\/02\/machu-picchu-2-dias.jpg","datePublished":"2024-02-17T22:23:46+00:00","dateModified":"2024-06-27T12:29:00+00:00","description":"Tour Machu Picchu en 2 Dias con Tren Vistadome. Circuito para visitar la ciudad inca de Machu Picchu de una forma mas exclusiva y privada!","breadcrumb":{"@id":"https:\/\/www.trekkingtomachupicchu.com\/es\/tours\/tour-machu-picchu-en-2-dias-con-tren-vistadome\/#breadcrumb"},"inLanguage":"es","potentialAction":[{"@type":"ReadAction","target":["https:\/\/www.trekkingtomachupicchu.com\/es\/tours\/tour-machu-picchu-en-2-dias-con-tren-vistadome\/"]}]},{"@type":"ImageObject","inLanguage":"es","@id":"https:\/\/www.trekkingtomachupicchu.com\/es\/tours\/tour-machu-picchu-en-2-dias-con-tren-vistadome\/#primaryimage","url":"https:\/\/www.trekkingtomachupicchu.com\/es\/wp-content\/uploads\/2024\/02\/machu-picchu-2-dias.jpg","contentUrl":"https:\/\/www.trekkingtomachupicchu.com\/es\/wp-content\/uploads\/2024\/02\/machu-picchu-2-dias.jpg","width":2000,"height":915,"caption":"machu picchu 2 dias"},{"@type":"BreadcrumbList","@id":"https:\/\/www.trekkingtomachupicchu.com\/es\/tours\/tour-machu-picchu-en-2-dias-con-tren-vistadome\/#breadcrumb","itemListElement":[{"@type":"ListItem","position":1,"name":"Portada","item":"https:\/\/www.trekkingtomachupicchu.com\/es\/"},{"@type":"ListItem","position":2,"name":"Productos","item":"https:\/\/www.trekkingtomachupicchu.com\/es\/shop\/"},{"@type":"ListItem","position":3,"name":"Tour Machu Picchu en 2 Dias con Tren Vistadome"}]},{"@type":"WebSite","@id":"https:\/\/www.trekkingtomachupicchu.com\/es\/#website","url":"https:\/\/www.trekkingtomachupicchu.com\/es\/","name":"Tours a Machu Picchu","description":"","publisher":{"@id":"https:\/\/www.trekkingtomachupicchu.com\/es\/#organization"},"potentialAction":[{"@type":"SearchAction","target":{"@type":"EntryPoint","urlTemplate":"https:\/\/www.trekkingtomachupicchu.com\/es\/?s={search_term_string}"},"query-input":{"@type":"PropertyValueSpecification","valueRequired":true,"valueName":"search_term_string"}}],"inLanguage":"es"},{"@type":"Organization","@id":"https:\/\/www.trekkingtomachupicchu.com\/es\/#organization","name":"Tours a Machu Picchu","url":"https:\/\/www.trekkingtomachupicchu.com\/es\/","logo":{"@type":"ImageObject","inLanguage":"es","@id":"https:\/\/www.trekkingtomachupicchu.com\/es\/#\/schema\/logo\/image\/","url":"https:\/\/www.trekkingtomachupicchu.com\/es\/wp-content\/uploads\/2024\/02\/cropped-Sin-titulo-5-1.png","contentUrl":"https:\/\/www.trekkingtomachupicchu.com\/es\/wp-content\/uploads\/2024\/02\/cropped-Sin-titulo-5-1.png","width":512,"height":512,"caption":"Tours a Machu Picchu"},"image":{"@id":"https:\/\/www.trekkingtomachupicchu.com\/es\/#\/schema\/logo\/image\/"}}]}},"_links":{"self":[{"href":"https:\/\/www.trekkingtomachupicchu.com\/es\/wp-json\/wp\/v2\/product\/66","targetHints":{"allow":["GET"]}}],"collection":[{"href":"https:\/\/www.trekkingtomachupicchu.com\/es\/wp-json\/wp\/v2\/product"}],"about":[{"href":"https:\/\/www.trekkingtomachupicchu.com\/es\/wp-json\/wp\/v2\/types\/product"}],"replies":[{"embeddable":true,"href":"https:\/\/www.trekkingtomachupicchu.com\/es\/wp-json\/wp\/v2\/comments?post=66"}],"wp:featuredmedia":[{"embeddable":true,"href":"https:\/\/www.trekkingtomachupicchu.com\/es\/wp-json\/wp\/v2\/media\/67"}],"wp:attachment":[{"href":"https:\/\/www.trekkingtomachupicchu.com\/es\/wp-json\/wp\/v2\/media?parent=66"}],"wp:term":[{"taxonomy":"product_brand","embeddable":true,"href":"https:\/\/www.trekkingtomachupicchu.com\/es\/wp-json\/wp\/v2\/product_brand?post=66"},{"taxonomy":"product_cat","embeddable":true,"href":"https:\/\/www.trekkingtomachupicchu.com\/es\/wp-json\/wp\/v2\/product_cat?post=66"},{"taxonomy":"product_tag","embeddable":true,"href":"https:\/\/www.trekkingtomachupicchu.com\/es\/wp-json\/wp\/v2\/product_tag?post=66"}],"curies":[{"name":"wp","href":"https:\/\/api.w.org\/{rel}","templated":true}]}}