{"id":54,"date":"2024-02-17T14:31:00","date_gmt":"2024-02-17T13:31:00","guid":{"rendered":"https:\/\/www.trekkingtomachupicchu.com\/es\/?post_type=product&#038;p=54"},"modified":"2024-06-27T14:29:26","modified_gmt":"2024-06-27T12:29:26","slug":"tour-huayna-picchu-en-1-dia","status":"publish","type":"product","link":"https:\/\/www.trekkingtomachupicchu.com\/es\/tours\/tour-huayna-picchu-en-1-dia\/","title":{"rendered":"Tour Huayna Picchu en 1 Dia"},"content":{"rendered":"<p><strong>Tour Huayna Picchu en 1 D\u00eda<\/strong>. Visita la <a href=\"https:\/\/www.mountainpalcoyo.com\/es\/tours\/tour-machu-picchu-y-huayna-picchu-2-dias\/\" target=\"_blank\" rel=\"noopener\">monta\u00f1a Huayna Picchu en 1 d\u00eda<\/a> desde Cusco, el tour inicia muy temprano y visitaras la monta\u00f1a Huayna Picchu y la zona arqueol\u00f3gica de Machu Picchu, este tour tiene 2 entradas y gu\u00eda privado en <a href=\"https:\/\/www.trekkingtomachupicchu.com\/es\/tours\/tour-a-machu-picchu-en-1-dia\/\" target=\"_blank\" rel=\"noopener\">Machu Picchu<\/a>. Vive una de las experiencias m\u00e1s bonitas visitando Huayna Picchu y Machu Picchu.<\/p>\n<h2>Huayna Picchu<\/h2>\n<p><strong>Precio por persona de 0 a 1<\/strong>: 440 USD<br \/>\n<strong>Precio por persona de 2 a 8<\/strong>: 405 USD<br \/>\n<strong>Precio por persona de 9 a Mas<\/strong>: 395 USD<br \/>\n<strong>Dificultad<\/strong>: Alta<br \/>\n<strong>Salidas diarias<\/strong><\/p>\n<p><strong>Incluye<\/strong>:<br \/>\n<i class=\"fa fa-check icon-tick icon-tick--on\"><\/i> Recojo en tu Hotel<br \/>\n<i class=\"fa fa-check icon-tick icon-tick--on\"><\/i> Traslado privado Cusco a Ollantaytambo ida y vuelta<br \/>\n<i class=\"fa fa-check icon-tick icon-tick--on\"><\/i> Tren tur\u00edstico expedition Ollantaytambo \u2013 Aguas Calientes \u2013 Ollantaytambo<br \/>\n<i class=\"fa fa-check icon-tick icon-tick--on\"><\/i> Gu\u00eda profesional certificado<br \/>\n<i class=\"fa fa-check icon-tick icon-tick--on\"><\/i> Entrada a <a href=\"https:\/\/www.trekkingtomachupicchu.com\/es\/tours\/tour-machu-picchu-en-1-dia-con-tren-vistadome-observatory\/\" target=\"_blank\" rel=\"noopener\">Machu Picchu (Zona arqueol\u00f3gica)<\/a> Circuito 2<br \/>\n<i class=\"fa fa-check icon-tick icon-tick--on\"><\/i> Entrada a monta\u00f1a Huayna Picchu<br \/>\n<i class=\"fa fa-check icon-tick icon-tick--on\"><\/i> Bus consettur ida y vuelta<br \/>\n<i class=\"fa fa-check icon-tick icon-tick--on\"><\/i> Asistencia personalizada<br \/>\n<i class=\"fa fa-check icon-tick icon-tick--on\"><\/i> Drop off en tu Hotel<\/p>\n<p><strong>No incluye<\/strong>:<br \/>\n<i class=\"fa fa-times icon-tick icon-tick--off\"><\/i> Seguro de viaje y otros servicios no mencionados.<\/p>\n<p><strong>Importante<\/strong>:<br \/>\n\u2022 Se recomienda reservar con anticipaci\u00f3n<\/p>\n<h2>Itinerario Machu Picchu<\/h2>\n<p>03:00 Recojo de tu Hotel \/ Airbnb<br \/>\n03:05 Traslado privado desde Cusco hacia la <a href=\"https:\/\/www.cuscoairporttransport.com\/es\/tours\/hotel-en-cusco-a-estacion-de-tren-de-ollantaytambo\/\" target=\"_blank\" rel=\"noopener\">estaci\u00f3n de tren de Ollantaytambo<\/a><br \/>\n04:35 Debes presentarte en la estaci\u00f3n de tren de Ollantaytambo<br \/>\n05:05 Tren tur\u00edstico desde Ollantaytambo a Aguas Calientes<br \/>\n06:45 Llegada a Aguas calientes (Pueblo Machu Picchu). El gu\u00eda estar\u00e1 esper\u00e1ndote en la estaci\u00f3n de tren para iniciar con el tour.<br \/>\n07:20 Bus consettur de subida desde Pueblo Machu Picchu a Machu Picchu (Zona arqueol\u00f3gica)<br \/>\n08:00 Entrada a Machu Picchu y guiado durante 1 hora y media aproximadamente.<br \/>\n10:00 Entrada a Huayna Picchu (No incluye guia)<br \/>\n13:00 Aproximadamente Bus consettur de bajada desde a Machu Picchu (Zona arqueol\u00f3gica) a Pueblo Machu Picchu.<br \/>\nTarde Libre<br \/>\n16:00 Debes presentarte en la estaci\u00f3n de tren de Aguas Calientes<br \/>\n16:22 Tren tur\u00edstico desde Aguas Calientes a Olllantaytambo<br \/>\n18:10 Llegada a Ollantaytambo<br \/>\n18:15 Traslado turistico desde Ollantaytambo a Cusco<br \/>\n19:45 Aproximadamente llegada a Cusco y drop off en tu hotel en Cusco<\/p>\n<p><strong>Nota<\/strong>: Los horarios pueden variar, sujeto a disponibilidad.<\/p>\n<p><img loading=\"lazy\" decoding=\"async\" class=\"alignnone size-full wp-image-56\" src=\"https:\/\/www.trekkingtomachupicchu.com\/es\/wp-content\/uploads\/2024\/02\/tour-wayna-picchu.jpg\" alt=\"tour wayna picchu\" width=\"888\" height=\"1118\" srcset=\"https:\/\/www.trekkingtomachupicchu.com\/es\/wp-content\/uploads\/2024\/02\/tour-wayna-picchu.jpg 888w, https:\/\/www.trekkingtomachupicchu.com\/es\/wp-content\/uploads\/2024\/02\/tour-wayna-picchu-238x300.jpg 238w, https:\/\/www.trekkingtomachupicchu.com\/es\/wp-content\/uploads\/2024\/02\/tour-wayna-picchu-813x1024.jpg 813w, https:\/\/www.trekkingtomachupicchu.com\/es\/wp-content\/uploads\/2024\/02\/tour-wayna-picchu-768x967.jpg 768w, https:\/\/www.trekkingtomachupicchu.com\/es\/wp-content\/uploads\/2024\/02\/tour-wayna-picchu-600x755.jpg 600w\" sizes=\"auto, (max-width: 888px) 100vw, 888px\" \/> <img loading=\"lazy\" decoding=\"async\" class=\"alignnone size-full wp-image-57\" src=\"https:\/\/www.trekkingtomachupicchu.com\/es\/wp-content\/uploads\/2024\/02\/tour-huayna-picchu.jpg\" alt=\"tour huayna picchu\" width=\"888\" height=\"1118\" srcset=\"https:\/\/www.trekkingtomachupicchu.com\/es\/wp-content\/uploads\/2024\/02\/tour-huayna-picchu.jpg 888w, https:\/\/www.trekkingtomachupicchu.com\/es\/wp-content\/uploads\/2024\/02\/tour-huayna-picchu-238x300.jpg 238w, https:\/\/www.trekkingtomachupicchu.com\/es\/wp-content\/uploads\/2024\/02\/tour-huayna-picchu-813x1024.jpg 813w, https:\/\/www.trekkingtomachupicchu.com\/es\/wp-content\/uploads\/2024\/02\/tour-huayna-picchu-768x967.jpg 768w, https:\/\/www.trekkingtomachupicchu.com\/es\/wp-content\/uploads\/2024\/02\/tour-huayna-picchu-600x755.jpg 600w\" sizes=\"auto, (max-width: 888px) 100vw, 888px\" \/> <img loading=\"lazy\" decoding=\"async\" class=\"alignnone size-full wp-image-58\" src=\"https:\/\/www.trekkingtomachupicchu.com\/es\/wp-content\/uploads\/2024\/02\/huayna-picchu-tour.jpg\" alt=\"huayna picchu tour\" width=\"888\" height=\"1118\" srcset=\"https:\/\/www.trekkingtomachupicchu.com\/es\/wp-content\/uploads\/2024\/02\/huayna-picchu-tour.jpg 888w, https:\/\/www.trekkingtomachupicchu.com\/es\/wp-content\/uploads\/2024\/02\/huayna-picchu-tour-238x300.jpg 238w, https:\/\/www.trekkingtomachupicchu.com\/es\/wp-content\/uploads\/2024\/02\/huayna-picchu-tour-813x1024.jpg 813w, https:\/\/www.trekkingtomachupicchu.com\/es\/wp-content\/uploads\/2024\/02\/huayna-picchu-tour-768x967.jpg 768w, https:\/\/www.trekkingtomachupicchu.com\/es\/wp-content\/uploads\/2024\/02\/huayna-picchu-tour-600x755.jpg 600w\" sizes=\"auto, (max-width: 888px) 100vw, 888px\" \/> <img loading=\"lazy\" decoding=\"async\" class=\"alignnone size-full wp-image-59\" src=\"https:\/\/www.trekkingtomachupicchu.com\/es\/wp-content\/uploads\/2024\/02\/huayna-picchu-1.jpg\" alt=\"huayna picchu\" width=\"888\" height=\"1118\" srcset=\"https:\/\/www.trekkingtomachupicchu.com\/es\/wp-content\/uploads\/2024\/02\/huayna-picchu-1.jpg 888w, https:\/\/www.trekkingtomachupicchu.com\/es\/wp-content\/uploads\/2024\/02\/huayna-picchu-1-238x300.jpg 238w, https:\/\/www.trekkingtomachupicchu.com\/es\/wp-content\/uploads\/2024\/02\/huayna-picchu-1-813x1024.jpg 813w, https:\/\/www.trekkingtomachupicchu.com\/es\/wp-content\/uploads\/2024\/02\/huayna-picchu-1-768x967.jpg 768w, https:\/\/www.trekkingtomachupicchu.com\/es\/wp-content\/uploads\/2024\/02\/huayna-picchu-1-600x755.jpg 600w\" sizes=\"auto, (max-width: 888px) 100vw, 888px\" \/><\/p>\n","protected":false},"excerpt":{"rendered":"<p>Tour Huayna Picchu en 1 D\u00eda. Visita la monta\u00f1a Huayna Picchu en 1 d\u00eda desde Cusco, el tour inicia muy<\/p>\n<div class=\"padding-top text-center\"><a href=\"https:\/\/www.trekkingtomachupicchu.com\/es\/tours\/tour-huayna-picchu-en-1-dia\/\" class=\"atbtn atbtn--medium atbtn--rounded atbtn--transparent\">Continuar lectura&#8230;<i class=\"atbtn__icon atbtn__icon--right fa fa-long-arrow-right\"><\/i><\/a><\/div>\n","protected":false},"featured_media":55,"comment_status":"closed","ping_status":"closed","template":"","meta":[],"product_brand":[],"product_cat":[17],"product_tag":[],"class_list":{"0":"post-54","1":"product","2":"type-product","3":"status-publish","4":"has-post-thumbnail","6":"product_cat-machu-picchu","7":"tour_category-machu-picchu","9":"first","10":"instock","11":"sale","12":"shipping-taxable","13":"purchasable","14":"product-type-tour"},"yoast_head":"<!-- This site is optimized with the Yoast SEO plugin v27.1 - https:\/\/yoast.com\/product\/yoast-seo-wordpress\/ -->\n<title>Tour Huayna Picchu en 1 Dia<\/title>\n<meta name=\"description\" content=\"Tour Huayna Picchu en 1 Dia. Sube a la monta\u00f1a mas famosa del mundo Huayna Picchu. El tour incluye 2 entradas a Machu Picchu y Huayna Picchu!\" \/>\n<meta name=\"robots\" content=\"index, follow, max-snippet:-1, max-image-preview:large, max-video-preview:-1\" \/>\n<link rel=\"canonical\" href=\"https:\/\/www.trekkingtomachupicchu.com\/es\/tours\/tour-huayna-picchu-en-1-dia\/\" \/>\n<meta property=\"og:locale\" content=\"es_ES\" \/>\n<meta property=\"og:type\" content=\"article\" \/>\n<meta property=\"og:title\" content=\"Tour Huayna Picchu en 1 Dia\" \/>\n<meta property=\"og:description\" content=\"Tour Huayna Picchu en 1 Dia. Sube a la monta\u00f1a mas famosa del mundo Huayna Picchu. El tour incluye 2 entradas a Machu Picchu y Huayna Picchu!\" \/>\n<meta property=\"og:url\" content=\"https:\/\/www.trekkingtomachupicchu.com\/es\/tours\/tour-huayna-picchu-en-1-dia\/\" \/>\n<meta property=\"og:site_name\" content=\"Tours a Machu Picchu\" \/>\n<meta property=\"article:modified_time\" content=\"2024-06-27T12:29:26+00:00\" \/>\n<meta property=\"og:image\" content=\"https:\/\/www.trekkingtomachupicchu.com\/es\/wp-content\/uploads\/2024\/02\/huayna-picchu.jpg\" \/>\n\t<meta property=\"og:image:width\" content=\"2000\" \/>\n\t<meta property=\"og:image:height\" content=\"915\" \/>\n\t<meta property=\"og:image:type\" content=\"image\/jpeg\" \/>\n<meta name=\"twitter:card\" content=\"summary_large_image\" \/>\n<meta name=\"twitter:label1\" content=\"Tiempo de lectura\" \/>\n\t<meta name=\"twitter:data1\" content=\"3 minutos\" \/>\n<script type=\"application\/ld+json\" class=\"yoast-schema-graph\">{\"@context\":\"https:\/\/schema.org\",\"@graph\":[{\"@type\":\"WebPage\",\"@id\":\"https:\/\/www.trekkingtomachupicchu.com\/es\/tours\/tour-huayna-picchu-en-1-dia\/\",\"url\":\"https:\/\/www.trekkingtomachupicchu.com\/es\/tours\/tour-huayna-picchu-en-1-dia\/\",\"name\":\"Tour Huayna Picchu en 1 Dia\",\"isPartOf\":{\"@id\":\"https:\/\/www.trekkingtomachupicchu.com\/es\/#website\"},\"primaryImageOfPage\":{\"@id\":\"https:\/\/www.trekkingtomachupicchu.com\/es\/tours\/tour-huayna-picchu-en-1-dia\/#primaryimage\"},\"image\":{\"@id\":\"https:\/\/www.trekkingtomachupicchu.com\/es\/tours\/tour-huayna-picchu-en-1-dia\/#primaryimage\"},\"thumbnailUrl\":\"https:\/\/www.trekkingtomachupicchu.com\/es\/wp-content\/uploads\/2024\/02\/huayna-picchu.jpg\",\"datePublished\":\"2024-02-17T13:31:00+00:00\",\"dateModified\":\"2024-06-27T12:29:26+00:00\",\"description\":\"Tour Huayna Picchu en 1 Dia. Sube a la monta\u00f1a mas famosa del mundo Huayna Picchu. El tour incluye 2 entradas a Machu Picchu y Huayna Picchu!\",\"breadcrumb\":{\"@id\":\"https:\/\/www.trekkingtomachupicchu.com\/es\/tours\/tour-huayna-picchu-en-1-dia\/#breadcrumb\"},\"inLanguage\":\"es\",\"potentialAction\":[{\"@type\":\"ReadAction\",\"target\":[\"https:\/\/www.trekkingtomachupicchu.com\/es\/tours\/tour-huayna-picchu-en-1-dia\/\"]}]},{\"@type\":\"ImageObject\",\"inLanguage\":\"es\",\"@id\":\"https:\/\/www.trekkingtomachupicchu.com\/es\/tours\/tour-huayna-picchu-en-1-dia\/#primaryimage\",\"url\":\"https:\/\/www.trekkingtomachupicchu.com\/es\/wp-content\/uploads\/2024\/02\/huayna-picchu.jpg\",\"contentUrl\":\"https:\/\/www.trekkingtomachupicchu.com\/es\/wp-content\/uploads\/2024\/02\/huayna-picchu.jpg\",\"width\":2000,\"height\":915,\"caption\":\"huayna picchu\"},{\"@type\":\"BreadcrumbList\",\"@id\":\"https:\/\/www.trekkingtomachupicchu.com\/es\/tours\/tour-huayna-picchu-en-1-dia\/#breadcrumb\",\"itemListElement\":[{\"@type\":\"ListItem\",\"position\":1,\"name\":\"Portada\",\"item\":\"https:\/\/www.trekkingtomachupicchu.com\/es\/\"},{\"@type\":\"ListItem\",\"position\":2,\"name\":\"Productos\",\"item\":\"https:\/\/www.trekkingtomachupicchu.com\/es\/shop\/\"},{\"@type\":\"ListItem\",\"position\":3,\"name\":\"Tour Huayna Picchu en 1 Dia\"}]},{\"@type\":\"WebSite\",\"@id\":\"https:\/\/www.trekkingtomachupicchu.com\/es\/#website\",\"url\":\"https:\/\/www.trekkingtomachupicchu.com\/es\/\",\"name\":\"Tours a Machu Picchu\",\"description\":\"\",\"publisher\":{\"@id\":\"https:\/\/www.trekkingtomachupicchu.com\/es\/#organization\"},\"potentialAction\":[{\"@type\":\"SearchAction\",\"target\":{\"@type\":\"EntryPoint\",\"urlTemplate\":\"https:\/\/www.trekkingtomachupicchu.com\/es\/?s={search_term_string}\"},\"query-input\":{\"@type\":\"PropertyValueSpecification\",\"valueRequired\":true,\"valueName\":\"search_term_string\"}}],\"inLanguage\":\"es\"},{\"@type\":\"Organization\",\"@id\":\"https:\/\/www.trekkingtomachupicchu.com\/es\/#organization\",\"name\":\"Tours a Machu Picchu\",\"url\":\"https:\/\/www.trekkingtomachupicchu.com\/es\/\",\"logo\":{\"@type\":\"ImageObject\",\"inLanguage\":\"es\",\"@id\":\"https:\/\/www.trekkingtomachupicchu.com\/es\/#\/schema\/logo\/image\/\",\"url\":\"https:\/\/www.trekkingtomachupicchu.com\/es\/wp-content\/uploads\/2024\/02\/cropped-Sin-titulo-5-1.png\",\"contentUrl\":\"https:\/\/www.trekkingtomachupicchu.com\/es\/wp-content\/uploads\/2024\/02\/cropped-Sin-titulo-5-1.png\",\"width\":512,\"height\":512,\"caption\":\"Tours a Machu Picchu\"},\"image\":{\"@id\":\"https:\/\/www.trekkingtomachupicchu.com\/es\/#\/schema\/logo\/image\/\"}}]}<\/script>\n<!-- \/ Yoast SEO plugin. -->","yoast_head_json":{"title":"Tour Huayna Picchu en 1 Dia","description":"Tour Huayna Picchu en 1 Dia. Sube a la monta\u00f1a mas famosa del mundo Huayna Picchu. El tour incluye 2 entradas a Machu Picchu y Huayna Picchu!","robots":{"index":"index","follow":"follow","max-snippet":"max-snippet:-1","max-image-preview":"max-image-preview:large","max-video-preview":"max-video-preview:-1"},"canonical":"https:\/\/www.trekkingtomachupicchu.com\/es\/tours\/tour-huayna-picchu-en-1-dia\/","og_locale":"es_ES","og_type":"article","og_title":"Tour Huayna Picchu en 1 Dia","og_description":"Tour Huayna Picchu en 1 Dia. Sube a la monta\u00f1a mas famosa del mundo Huayna Picchu. El tour incluye 2 entradas a Machu Picchu y Huayna Picchu!","og_url":"https:\/\/www.trekkingtomachupicchu.com\/es\/tours\/tour-huayna-picchu-en-1-dia\/","og_site_name":"Tours a Machu Picchu","article_modified_time":"2024-06-27T12:29:26+00:00","og_image":[{"width":2000,"height":915,"url":"https:\/\/www.trekkingtomachupicchu.com\/es\/wp-content\/uploads\/2024\/02\/huayna-picchu.jpg","type":"image\/jpeg"}],"twitter_card":"summary_large_image","twitter_misc":{"Tiempo de lectura":"3 minutos"},"schema":{"@context":"https:\/\/schema.org","@graph":[{"@type":"WebPage","@id":"https:\/\/www.trekkingtomachupicchu.com\/es\/tours\/tour-huayna-picchu-en-1-dia\/","url":"https:\/\/www.trekkingtomachupicchu.com\/es\/tours\/tour-huayna-picchu-en-1-dia\/","name":"Tour Huayna Picchu en 1 Dia","isPartOf":{"@id":"https:\/\/www.trekkingtomachupicchu.com\/es\/#website"},"primaryImageOfPage":{"@id":"https:\/\/www.trekkingtomachupicchu.com\/es\/tours\/tour-huayna-picchu-en-1-dia\/#primaryimage"},"image":{"@id":"https:\/\/www.trekkingtomachupicchu.com\/es\/tours\/tour-huayna-picchu-en-1-dia\/#primaryimage"},"thumbnailUrl":"https:\/\/www.trekkingtomachupicchu.com\/es\/wp-content\/uploads\/2024\/02\/huayna-picchu.jpg","datePublished":"2024-02-17T13:31:00+00:00","dateModified":"2024-06-27T12:29:26+00:00","description":"Tour Huayna Picchu en 1 Dia. Sube a la monta\u00f1a mas famosa del mundo Huayna Picchu. El tour incluye 2 entradas a Machu Picchu y Huayna Picchu!","breadcrumb":{"@id":"https:\/\/www.trekkingtomachupicchu.com\/es\/tours\/tour-huayna-picchu-en-1-dia\/#breadcrumb"},"inLanguage":"es","potentialAction":[{"@type":"ReadAction","target":["https:\/\/www.trekkingtomachupicchu.com\/es\/tours\/tour-huayna-picchu-en-1-dia\/"]}]},{"@type":"ImageObject","inLanguage":"es","@id":"https:\/\/www.trekkingtomachupicchu.com\/es\/tours\/tour-huayna-picchu-en-1-dia\/#primaryimage","url":"https:\/\/www.trekkingtomachupicchu.com\/es\/wp-content\/uploads\/2024\/02\/huayna-picchu.jpg","contentUrl":"https:\/\/www.trekkingtomachupicchu.com\/es\/wp-content\/uploads\/2024\/02\/huayna-picchu.jpg","width":2000,"height":915,"caption":"huayna picchu"},{"@type":"BreadcrumbList","@id":"https:\/\/www.trekkingtomachupicchu.com\/es\/tours\/tour-huayna-picchu-en-1-dia\/#breadcrumb","itemListElement":[{"@type":"ListItem","position":1,"name":"Portada","item":"https:\/\/www.trekkingtomachupicchu.com\/es\/"},{"@type":"ListItem","position":2,"name":"Productos","item":"https:\/\/www.trekkingtomachupicchu.com\/es\/shop\/"},{"@type":"ListItem","position":3,"name":"Tour Huayna Picchu en 1 Dia"}]},{"@type":"WebSite","@id":"https:\/\/www.trekkingtomachupicchu.com\/es\/#website","url":"https:\/\/www.trekkingtomachupicchu.com\/es\/","name":"Tours a Machu Picchu","description":"","publisher":{"@id":"https:\/\/www.trekkingtomachupicchu.com\/es\/#organization"},"potentialAction":[{"@type":"SearchAction","target":{"@type":"EntryPoint","urlTemplate":"https:\/\/www.trekkingtomachupicchu.com\/es\/?s={search_term_string}"},"query-input":{"@type":"PropertyValueSpecification","valueRequired":true,"valueName":"search_term_string"}}],"inLanguage":"es"},{"@type":"Organization","@id":"https:\/\/www.trekkingtomachupicchu.com\/es\/#organization","name":"Tours a Machu Picchu","url":"https:\/\/www.trekkingtomachupicchu.com\/es\/","logo":{"@type":"ImageObject","inLanguage":"es","@id":"https:\/\/www.trekkingtomachupicchu.com\/es\/#\/schema\/logo\/image\/","url":"https:\/\/www.trekkingtomachupicchu.com\/es\/wp-content\/uploads\/2024\/02\/cropped-Sin-titulo-5-1.png","contentUrl":"https:\/\/www.trekkingtomachupicchu.com\/es\/wp-content\/uploads\/2024\/02\/cropped-Sin-titulo-5-1.png","width":512,"height":512,"caption":"Tours a Machu Picchu"},"image":{"@id":"https:\/\/www.trekkingtomachupicchu.com\/es\/#\/schema\/logo\/image\/"}}]}},"_links":{"self":[{"href":"https:\/\/www.trekkingtomachupicchu.com\/es\/wp-json\/wp\/v2\/product\/54","targetHints":{"allow":["GET"]}}],"collection":[{"href":"https:\/\/www.trekkingtomachupicchu.com\/es\/wp-json\/wp\/v2\/product"}],"about":[{"href":"https:\/\/www.trekkingtomachupicchu.com\/es\/wp-json\/wp\/v2\/types\/product"}],"replies":[{"embeddable":true,"href":"https:\/\/www.trekkingtomachupicchu.com\/es\/wp-json\/wp\/v2\/comments?post=54"}],"wp:featuredmedia":[{"embeddable":true,"href":"https:\/\/www.trekkingtomachupicchu.com\/es\/wp-json\/wp\/v2\/media\/55"}],"wp:attachment":[{"href":"https:\/\/www.trekkingtomachupicchu.com\/es\/wp-json\/wp\/v2\/media?parent=54"}],"wp:term":[{"taxonomy":"product_brand","embeddable":true,"href":"https:\/\/www.trekkingtomachupicchu.com\/es\/wp-json\/wp\/v2\/product_brand?post=54"},{"taxonomy":"product_cat","embeddable":true,"href":"https:\/\/www.trekkingtomachupicchu.com\/es\/wp-json\/wp\/v2\/product_cat?post=54"},{"taxonomy":"product_tag","embeddable":true,"href":"https:\/\/www.trekkingtomachupicchu.com\/es\/wp-json\/wp\/v2\/product_tag?post=54"}],"curies":[{"name":"wp","href":"https:\/\/api.w.org\/{rel}","templated":true}]}}