{"id":39,"date":"2024-02-16T22:29:59","date_gmt":"2024-02-16T21:29:59","guid":{"rendered":"https:\/\/www.trekkingtomachupicchu.com\/es\/?post_type=product&#038;p=39"},"modified":"2024-06-27T14:26:59","modified_gmt":"2024-06-27T12:26:59","slug":"tour-machu-picchu-en-1-dia-con-tren-vistadome-observatory","status":"publish","type":"product","link":"https:\/\/www.trekkingtomachupicchu.com\/es\/tours\/tour-machu-picchu-en-1-dia-con-tren-vistadome-observatory\/","title":{"rendered":"Tour Machu Picchu en  1 D\u00eda con tren Vistadome Observatory"},"content":{"rendered":"<p><strong>Tour Machu Picchu en 1 D\u00eda con tren Vistadome Observatory<\/strong>. Vive una experiencia \u00fanica e inolvidable con el tren tur\u00edstico Vistadome (Ventanas panor\u00e1micas), donde podr\u00e1s observar los hermosos paisajes del valle sagrado de los Incas y posteriormente tu visita a la ciudad inca de Machu Picchu.<\/p>\n<h2>Machu Picchu con tren vistadome<\/h2>\n<p><strong>Precio por persona de 0 a 1<\/strong>: 440 USD<br \/>\n<strong>Precio por persona de 2 a 8<\/strong>: 405 USD<br \/>\n<strong>Precio por persona de 9 a Mas<\/strong>: 390 USD<br \/>\n<strong>Dificultad<\/strong>: Media Baja<br \/>\n<strong>Salidas diarias<\/strong><\/p>\n<p><strong>Incluye:<\/strong><br \/>\n<i class=\"fa fa-check icon-tick icon-tick--on\"><\/i> Recojo y Drop off en tu Hotel<br \/>\n<i class=\"fa fa-check icon-tick icon-tick--on\"><\/i> Traslado tur\u00edstico Cusco a Ollantaytambo ida y vuelta<br \/>\n<i class=\"fa fa-check icon-tick icon-tick--on\"><\/i> Tren tur\u00edstico vistadome observatory Ollantaytambo \u2013 Aguas Calientes \u2013 Ollantaytambo<br \/>\n<i class=\"fa fa-check icon-tick icon-tick--on\"><\/i> Gu\u00eda profesional certificado<br \/>\n<i class=\"fa fa-check icon-tick icon-tick--on\"><\/i> Entrada a <a href=\"https:\/\/www.mountainvinicunca.com\/es\/tours\/tour-machu-picchu-en-1-dia\/\" target=\"_blank\" rel=\"noopener\">Machu Picchu<\/a> (Zona arqueol\u00f3gica) Circuito 2<br \/>\n<i class=\"fa fa-check icon-tick icon-tick--on\"><\/i> Bus consettur ida y vuelta<br \/>\n<i class=\"fa fa-check icon-tick icon-tick--on\"><\/i> Asistencia personalizada<\/p>\n<p><strong>No incluye<\/strong>:<br \/>\n<i class=\"fa fa-times icon-tick icon-tick--off\"><\/i> Seguro de viaje y otros servicios no mencionados.<\/p>\n<p><strong>Importante:<\/strong><br \/>\n\u2022 Se recomienda reservar con anticipaci\u00f3n<br \/>\n\u2022 Se brindara tren tur\u00edstico vistadome o vistadome observatory de acuerdo a la disponibilidad.<\/p>\n<h2>Itinerario Machu Picchu<\/h2>\n<p>05:40 Recojo de tu Hotel \/ Airbnb<br \/>\n05:45 Traslado privado desde Cusco hacia la estaci\u00f3n de tren de Ollantaytambo<br \/>\n07:20 Debes presentarte en la estaci\u00f3n de tren de Ollantaytambo<br \/>\n07:45 Tren tur\u00edstico vistadome Observatory desde Ollantaytambo a Aguas Calientes<br \/>\n09:15 Llegada a Aguas calientes (Pueblo Machu Picchu)<br \/>\n09:30 Bus consettur de subida desde Pueblo Machu Picchu a Machu Picchu (Zona arqueol\u00f3gica)<br \/>\n10:00 Entrada a Machu Picchu y guiado durante 2 horas y media aproximadamente.<br \/>\n13:00 Aproximadamente Bus consettur de bajada desde a Machu Picchu (Zona arqueol\u00f3gica) a Pueblo Machu Picchu.<br \/>\nTarde Libre<br \/>\n16:00 Debes presentarte en la estaci\u00f3n de tren de Aguas Calientes<br \/>\n16:22 Tren turistico Vistadome Observatory desde Aguas Calientes a Olllantaytambo<br \/>\n18:10 Llegada a Ollantaytambo<br \/>\n18:15 traslado privado desde Ollantaytambo a Cusco<br \/>\n19:45 Aproximadamente llegada a Cusco y drop off en tu Hotel.<\/p>\n<p><strong>Nota<\/strong>: Los horarios pueden variar, sujeto a disponibilidad. Se brindara vistadome o vistadome observatory de acuerdo a la disponibilidad.<\/p>\n<h2>Machu Picchu<\/h2>\n<p><img loading=\"lazy\" decoding=\"async\" class=\"alignnone size-full wp-image-42\" src=\"https:\/\/www.trekkingtomachupicchu.com\/es\/wp-content\/uploads\/2024\/02\/machu-picchu-ciudad.jpg\" alt=\"machu picchu ciudad\" width=\"1440\" height=\"1440\" srcset=\"https:\/\/www.trekkingtomachupicchu.com\/es\/wp-content\/uploads\/2024\/02\/machu-picchu-ciudad.jpg 1440w, https:\/\/www.trekkingtomachupicchu.com\/es\/wp-content\/uploads\/2024\/02\/machu-picchu-ciudad-300x300.jpg 300w, https:\/\/www.trekkingtomachupicchu.com\/es\/wp-content\/uploads\/2024\/02\/machu-picchu-ciudad-1024x1024.jpg 1024w, https:\/\/www.trekkingtomachupicchu.com\/es\/wp-content\/uploads\/2024\/02\/machu-picchu-ciudad-150x150.jpg 150w, https:\/\/www.trekkingtomachupicchu.com\/es\/wp-content\/uploads\/2024\/02\/machu-picchu-ciudad-768x768.jpg 768w, https:\/\/www.trekkingtomachupicchu.com\/es\/wp-content\/uploads\/2024\/02\/machu-picchu-ciudad-600x600.jpg 600w\" sizes=\"auto, (max-width: 1440px) 100vw, 1440px\" \/><br \/>\n<img loading=\"lazy\" decoding=\"async\" class=\"alignnone size-full wp-image-44\" src=\"https:\/\/www.trekkingtomachupicchu.com\/es\/wp-content\/uploads\/2024\/02\/observatory-.jpg\" alt=\"observatory\" width=\"1440\" height=\"1440\" srcset=\"https:\/\/www.trekkingtomachupicchu.com\/es\/wp-content\/uploads\/2024\/02\/observatory-.jpg 1440w, https:\/\/www.trekkingtomachupicchu.com\/es\/wp-content\/uploads\/2024\/02\/observatory--300x300.jpg 300w, https:\/\/www.trekkingtomachupicchu.com\/es\/wp-content\/uploads\/2024\/02\/observatory--1024x1024.jpg 1024w, https:\/\/www.trekkingtomachupicchu.com\/es\/wp-content\/uploads\/2024\/02\/observatory--150x150.jpg 150w, https:\/\/www.trekkingtomachupicchu.com\/es\/wp-content\/uploads\/2024\/02\/observatory--768x768.jpg 768w, https:\/\/www.trekkingtomachupicchu.com\/es\/wp-content\/uploads\/2024\/02\/observatory--600x600.jpg 600w\" sizes=\"auto, (max-width: 1440px) 100vw, 1440px\" \/><\/p>\n<p><img loading=\"lazy\" decoding=\"async\" class=\"alignnone size-full wp-image-45\" src=\"https:\/\/www.trekkingtomachupicchu.com\/es\/wp-content\/uploads\/2024\/02\/observatory-tren.jpg\" alt=\"observatory tren\" width=\"1440\" height=\"1440\" srcset=\"https:\/\/www.trekkingtomachupicchu.com\/es\/wp-content\/uploads\/2024\/02\/observatory-tren.jpg 1440w, https:\/\/www.trekkingtomachupicchu.com\/es\/wp-content\/uploads\/2024\/02\/observatory-tren-300x300.jpg 300w, https:\/\/www.trekkingtomachupicchu.com\/es\/wp-content\/uploads\/2024\/02\/observatory-tren-1024x1024.jpg 1024w, https:\/\/www.trekkingtomachupicchu.com\/es\/wp-content\/uploads\/2024\/02\/observatory-tren-150x150.jpg 150w, https:\/\/www.trekkingtomachupicchu.com\/es\/wp-content\/uploads\/2024\/02\/observatory-tren-768x768.jpg 768w, https:\/\/www.trekkingtomachupicchu.com\/es\/wp-content\/uploads\/2024\/02\/observatory-tren-600x600.jpg 600w\" sizes=\"auto, (max-width: 1440px) 100vw, 1440px\" \/><\/p>\n<p><img loading=\"lazy\" decoding=\"async\" class=\"alignnone size-full wp-image-43\" src=\"https:\/\/www.trekkingtomachupicchu.com\/es\/wp-content\/uploads\/2024\/02\/machu-picchu.jpg\" alt=\"machu picchu\" width=\"1440\" height=\"1440\" srcset=\"https:\/\/www.trekkingtomachupicchu.com\/es\/wp-content\/uploads\/2024\/02\/machu-picchu.jpg 1440w, https:\/\/www.trekkingtomachupicchu.com\/es\/wp-content\/uploads\/2024\/02\/machu-picchu-300x300.jpg 300w, https:\/\/www.trekkingtomachupicchu.com\/es\/wp-content\/uploads\/2024\/02\/machu-picchu-1024x1024.jpg 1024w, https:\/\/www.trekkingtomachupicchu.com\/es\/wp-content\/uploads\/2024\/02\/machu-picchu-150x150.jpg 150w, https:\/\/www.trekkingtomachupicchu.com\/es\/wp-content\/uploads\/2024\/02\/machu-picchu-768x768.jpg 768w, https:\/\/www.trekkingtomachupicchu.com\/es\/wp-content\/uploads\/2024\/02\/machu-picchu-600x600.jpg 600w\" sizes=\"auto, (max-width: 1440px) 100vw, 1440px\" \/><\/p>\n","protected":false},"excerpt":{"rendered":"<p>Tour Machu Picchu en 1 D\u00eda con tren Vistadome Observatory. Vive una experiencia \u00fanica e inolvidable con el tren tur\u00edstico<\/p>\n<div class=\"padding-top text-center\"><a href=\"https:\/\/www.trekkingtomachupicchu.com\/es\/tours\/tour-machu-picchu-en-1-dia-con-tren-vistadome-observatory\/\" class=\"atbtn atbtn--medium atbtn--rounded atbtn--transparent\">Continuar lectura&#8230;<i class=\"atbtn__icon atbtn__icon--right fa fa-long-arrow-right\"><\/i><\/a><\/div>\n","protected":false},"featured_media":41,"comment_status":"closed","ping_status":"closed","template":"","meta":[],"product_brand":[],"product_cat":[17],"product_tag":[],"class_list":{"0":"post-39","1":"product","2":"type-product","3":"status-publish","4":"has-post-thumbnail","6":"product_cat-machu-picchu","7":"tour_category-machu-picchu","9":"first","10":"instock","11":"sale","12":"shipping-taxable","13":"purchasable","14":"product-type-tour"},"yoast_head":"<!-- This site is optimized with the Yoast SEO plugin v27.1 - https:\/\/yoast.com\/product\/yoast-seo-wordpress\/ -->\n<title>Tour Machu Picchu en 1 D\u00eda con tren Vistadome Observatory<\/title>\n<meta name=\"description\" content=\"Tour Machu Picchu en 1 D\u00eda con tren Vistadome. Podr\u00e1s disfrutar de hermosos paisajes del valle sagrado con una vista panor\u00e1mica del tren vistadome.\" \/>\n<meta name=\"robots\" content=\"index, follow, max-snippet:-1, max-image-preview:large, max-video-preview:-1\" \/>\n<link rel=\"canonical\" href=\"https:\/\/www.trekkingtomachupicchu.com\/es\/tours\/tour-machu-picchu-en-1-dia-con-tren-vistadome-observatory\/\" \/>\n<meta property=\"og:locale\" content=\"es_ES\" \/>\n<meta property=\"og:type\" content=\"article\" \/>\n<meta property=\"og:title\" content=\"Tour Machu Picchu en 1 D\u00eda con tren Vistadome Observatory\" \/>\n<meta property=\"og:description\" content=\"Tour Machu Picchu en 1 D\u00eda con tren Vistadome. Podr\u00e1s disfrutar de hermosos paisajes del valle sagrado con una vista panor\u00e1mica del tren vistadome.\" \/>\n<meta property=\"og:url\" content=\"https:\/\/www.trekkingtomachupicchu.com\/es\/tours\/tour-machu-picchu-en-1-dia-con-tren-vistadome-observatory\/\" \/>\n<meta property=\"og:site_name\" content=\"Tours a Machu Picchu\" \/>\n<meta property=\"article:modified_time\" content=\"2024-06-27T12:26:59+00:00\" \/>\n<meta property=\"og:image\" content=\"https:\/\/www.trekkingtomachupicchu.com\/es\/wp-content\/uploads\/2024\/02\/vistadome-observatory.jpg\" \/>\n\t<meta property=\"og:image:width\" content=\"2000\" \/>\n\t<meta property=\"og:image:height\" content=\"915\" \/>\n\t<meta property=\"og:image:type\" content=\"image\/jpeg\" \/>\n<meta name=\"twitter:card\" content=\"summary_large_image\" \/>\n<meta name=\"twitter:label1\" content=\"Tiempo de lectura\" \/>\n\t<meta name=\"twitter:data1\" content=\"3 minutos\" \/>\n<script type=\"application\/ld+json\" class=\"yoast-schema-graph\">{\"@context\":\"https:\/\/schema.org\",\"@graph\":[{\"@type\":\"WebPage\",\"@id\":\"https:\/\/www.trekkingtomachupicchu.com\/es\/tours\/tour-machu-picchu-en-1-dia-con-tren-vistadome-observatory\/\",\"url\":\"https:\/\/www.trekkingtomachupicchu.com\/es\/tours\/tour-machu-picchu-en-1-dia-con-tren-vistadome-observatory\/\",\"name\":\"Tour Machu Picchu en 1 D\u00eda con tren Vistadome Observatory\",\"isPartOf\":{\"@id\":\"https:\/\/www.trekkingtomachupicchu.com\/es\/#website\"},\"primaryImageOfPage\":{\"@id\":\"https:\/\/www.trekkingtomachupicchu.com\/es\/tours\/tour-machu-picchu-en-1-dia-con-tren-vistadome-observatory\/#primaryimage\"},\"image\":{\"@id\":\"https:\/\/www.trekkingtomachupicchu.com\/es\/tours\/tour-machu-picchu-en-1-dia-con-tren-vistadome-observatory\/#primaryimage\"},\"thumbnailUrl\":\"https:\/\/www.trekkingtomachupicchu.com\/es\/wp-content\/uploads\/2024\/02\/vistadome-observatory.jpg\",\"datePublished\":\"2024-02-16T21:29:59+00:00\",\"dateModified\":\"2024-06-27T12:26:59+00:00\",\"description\":\"Tour Machu Picchu en 1 D\u00eda con tren Vistadome. Podr\u00e1s disfrutar de hermosos paisajes del valle sagrado con una vista panor\u00e1mica del tren vistadome.\",\"breadcrumb\":{\"@id\":\"https:\/\/www.trekkingtomachupicchu.com\/es\/tours\/tour-machu-picchu-en-1-dia-con-tren-vistadome-observatory\/#breadcrumb\"},\"inLanguage\":\"es\",\"potentialAction\":[{\"@type\":\"ReadAction\",\"target\":[\"https:\/\/www.trekkingtomachupicchu.com\/es\/tours\/tour-machu-picchu-en-1-dia-con-tren-vistadome-observatory\/\"]}]},{\"@type\":\"ImageObject\",\"inLanguage\":\"es\",\"@id\":\"https:\/\/www.trekkingtomachupicchu.com\/es\/tours\/tour-machu-picchu-en-1-dia-con-tren-vistadome-observatory\/#primaryimage\",\"url\":\"https:\/\/www.trekkingtomachupicchu.com\/es\/wp-content\/uploads\/2024\/02\/vistadome-observatory.jpg\",\"contentUrl\":\"https:\/\/www.trekkingtomachupicchu.com\/es\/wp-content\/uploads\/2024\/02\/vistadome-observatory.jpg\",\"width\":2000,\"height\":915,\"caption\":\"vistadome observatory\"},{\"@type\":\"BreadcrumbList\",\"@id\":\"https:\/\/www.trekkingtomachupicchu.com\/es\/tours\/tour-machu-picchu-en-1-dia-con-tren-vistadome-observatory\/#breadcrumb\",\"itemListElement\":[{\"@type\":\"ListItem\",\"position\":1,\"name\":\"Portada\",\"item\":\"https:\/\/www.trekkingtomachupicchu.com\/es\/\"},{\"@type\":\"ListItem\",\"position\":2,\"name\":\"Productos\",\"item\":\"https:\/\/www.trekkingtomachupicchu.com\/es\/shop\/\"},{\"@type\":\"ListItem\",\"position\":3,\"name\":\"Tour Machu Picchu en 1 D\u00eda con tren Vistadome Observatory\"}]},{\"@type\":\"WebSite\",\"@id\":\"https:\/\/www.trekkingtomachupicchu.com\/es\/#website\",\"url\":\"https:\/\/www.trekkingtomachupicchu.com\/es\/\",\"name\":\"Tours a Machu Picchu\",\"description\":\"\",\"publisher\":{\"@id\":\"https:\/\/www.trekkingtomachupicchu.com\/es\/#organization\"},\"potentialAction\":[{\"@type\":\"SearchAction\",\"target\":{\"@type\":\"EntryPoint\",\"urlTemplate\":\"https:\/\/www.trekkingtomachupicchu.com\/es\/?s={search_term_string}\"},\"query-input\":{\"@type\":\"PropertyValueSpecification\",\"valueRequired\":true,\"valueName\":\"search_term_string\"}}],\"inLanguage\":\"es\"},{\"@type\":\"Organization\",\"@id\":\"https:\/\/www.trekkingtomachupicchu.com\/es\/#organization\",\"name\":\"Tours a Machu Picchu\",\"url\":\"https:\/\/www.trekkingtomachupicchu.com\/es\/\",\"logo\":{\"@type\":\"ImageObject\",\"inLanguage\":\"es\",\"@id\":\"https:\/\/www.trekkingtomachupicchu.com\/es\/#\/schema\/logo\/image\/\",\"url\":\"https:\/\/www.trekkingtomachupicchu.com\/es\/wp-content\/uploads\/2024\/02\/cropped-Sin-titulo-5-1.png\",\"contentUrl\":\"https:\/\/www.trekkingtomachupicchu.com\/es\/wp-content\/uploads\/2024\/02\/cropped-Sin-titulo-5-1.png\",\"width\":512,\"height\":512,\"caption\":\"Tours a Machu Picchu\"},\"image\":{\"@id\":\"https:\/\/www.trekkingtomachupicchu.com\/es\/#\/schema\/logo\/image\/\"}}]}<\/script>\n<!-- \/ Yoast SEO plugin. -->","yoast_head_json":{"title":"Tour Machu Picchu en 1 D\u00eda con tren Vistadome Observatory","description":"Tour Machu Picchu en 1 D\u00eda con tren Vistadome. Podr\u00e1s disfrutar de hermosos paisajes del valle sagrado con una vista panor\u00e1mica del tren vistadome.","robots":{"index":"index","follow":"follow","max-snippet":"max-snippet:-1","max-image-preview":"max-image-preview:large","max-video-preview":"max-video-preview:-1"},"canonical":"https:\/\/www.trekkingtomachupicchu.com\/es\/tours\/tour-machu-picchu-en-1-dia-con-tren-vistadome-observatory\/","og_locale":"es_ES","og_type":"article","og_title":"Tour Machu Picchu en 1 D\u00eda con tren Vistadome Observatory","og_description":"Tour Machu Picchu en 1 D\u00eda con tren Vistadome. Podr\u00e1s disfrutar de hermosos paisajes del valle sagrado con una vista panor\u00e1mica del tren vistadome.","og_url":"https:\/\/www.trekkingtomachupicchu.com\/es\/tours\/tour-machu-picchu-en-1-dia-con-tren-vistadome-observatory\/","og_site_name":"Tours a Machu Picchu","article_modified_time":"2024-06-27T12:26:59+00:00","og_image":[{"width":2000,"height":915,"url":"https:\/\/www.trekkingtomachupicchu.com\/es\/wp-content\/uploads\/2024\/02\/vistadome-observatory.jpg","type":"image\/jpeg"}],"twitter_card":"summary_large_image","twitter_misc":{"Tiempo de lectura":"3 minutos"},"schema":{"@context":"https:\/\/schema.org","@graph":[{"@type":"WebPage","@id":"https:\/\/www.trekkingtomachupicchu.com\/es\/tours\/tour-machu-picchu-en-1-dia-con-tren-vistadome-observatory\/","url":"https:\/\/www.trekkingtomachupicchu.com\/es\/tours\/tour-machu-picchu-en-1-dia-con-tren-vistadome-observatory\/","name":"Tour Machu Picchu en 1 D\u00eda con tren Vistadome Observatory","isPartOf":{"@id":"https:\/\/www.trekkingtomachupicchu.com\/es\/#website"},"primaryImageOfPage":{"@id":"https:\/\/www.trekkingtomachupicchu.com\/es\/tours\/tour-machu-picchu-en-1-dia-con-tren-vistadome-observatory\/#primaryimage"},"image":{"@id":"https:\/\/www.trekkingtomachupicchu.com\/es\/tours\/tour-machu-picchu-en-1-dia-con-tren-vistadome-observatory\/#primaryimage"},"thumbnailUrl":"https:\/\/www.trekkingtomachupicchu.com\/es\/wp-content\/uploads\/2024\/02\/vistadome-observatory.jpg","datePublished":"2024-02-16T21:29:59+00:00","dateModified":"2024-06-27T12:26:59+00:00","description":"Tour Machu Picchu en 1 D\u00eda con tren Vistadome. Podr\u00e1s disfrutar de hermosos paisajes del valle sagrado con una vista panor\u00e1mica del tren vistadome.","breadcrumb":{"@id":"https:\/\/www.trekkingtomachupicchu.com\/es\/tours\/tour-machu-picchu-en-1-dia-con-tren-vistadome-observatory\/#breadcrumb"},"inLanguage":"es","potentialAction":[{"@type":"ReadAction","target":["https:\/\/www.trekkingtomachupicchu.com\/es\/tours\/tour-machu-picchu-en-1-dia-con-tren-vistadome-observatory\/"]}]},{"@type":"ImageObject","inLanguage":"es","@id":"https:\/\/www.trekkingtomachupicchu.com\/es\/tours\/tour-machu-picchu-en-1-dia-con-tren-vistadome-observatory\/#primaryimage","url":"https:\/\/www.trekkingtomachupicchu.com\/es\/wp-content\/uploads\/2024\/02\/vistadome-observatory.jpg","contentUrl":"https:\/\/www.trekkingtomachupicchu.com\/es\/wp-content\/uploads\/2024\/02\/vistadome-observatory.jpg","width":2000,"height":915,"caption":"vistadome observatory"},{"@type":"BreadcrumbList","@id":"https:\/\/www.trekkingtomachupicchu.com\/es\/tours\/tour-machu-picchu-en-1-dia-con-tren-vistadome-observatory\/#breadcrumb","itemListElement":[{"@type":"ListItem","position":1,"name":"Portada","item":"https:\/\/www.trekkingtomachupicchu.com\/es\/"},{"@type":"ListItem","position":2,"name":"Productos","item":"https:\/\/www.trekkingtomachupicchu.com\/es\/shop\/"},{"@type":"ListItem","position":3,"name":"Tour Machu Picchu en 1 D\u00eda con tren Vistadome Observatory"}]},{"@type":"WebSite","@id":"https:\/\/www.trekkingtomachupicchu.com\/es\/#website","url":"https:\/\/www.trekkingtomachupicchu.com\/es\/","name":"Tours a Machu Picchu","description":"","publisher":{"@id":"https:\/\/www.trekkingtomachupicchu.com\/es\/#organization"},"potentialAction":[{"@type":"SearchAction","target":{"@type":"EntryPoint","urlTemplate":"https:\/\/www.trekkingtomachupicchu.com\/es\/?s={search_term_string}"},"query-input":{"@type":"PropertyValueSpecification","valueRequired":true,"valueName":"search_term_string"}}],"inLanguage":"es"},{"@type":"Organization","@id":"https:\/\/www.trekkingtomachupicchu.com\/es\/#organization","name":"Tours a Machu Picchu","url":"https:\/\/www.trekkingtomachupicchu.com\/es\/","logo":{"@type":"ImageObject","inLanguage":"es","@id":"https:\/\/www.trekkingtomachupicchu.com\/es\/#\/schema\/logo\/image\/","url":"https:\/\/www.trekkingtomachupicchu.com\/es\/wp-content\/uploads\/2024\/02\/cropped-Sin-titulo-5-1.png","contentUrl":"https:\/\/www.trekkingtomachupicchu.com\/es\/wp-content\/uploads\/2024\/02\/cropped-Sin-titulo-5-1.png","width":512,"height":512,"caption":"Tours a Machu Picchu"},"image":{"@id":"https:\/\/www.trekkingtomachupicchu.com\/es\/#\/schema\/logo\/image\/"}}]}},"_links":{"self":[{"href":"https:\/\/www.trekkingtomachupicchu.com\/es\/wp-json\/wp\/v2\/product\/39","targetHints":{"allow":["GET"]}}],"collection":[{"href":"https:\/\/www.trekkingtomachupicchu.com\/es\/wp-json\/wp\/v2\/product"}],"about":[{"href":"https:\/\/www.trekkingtomachupicchu.com\/es\/wp-json\/wp\/v2\/types\/product"}],"replies":[{"embeddable":true,"href":"https:\/\/www.trekkingtomachupicchu.com\/es\/wp-json\/wp\/v2\/comments?post=39"}],"wp:featuredmedia":[{"embeddable":true,"href":"https:\/\/www.trekkingtomachupicchu.com\/es\/wp-json\/wp\/v2\/media\/41"}],"wp:attachment":[{"href":"https:\/\/www.trekkingtomachupicchu.com\/es\/wp-json\/wp\/v2\/media?parent=39"}],"wp:term":[{"taxonomy":"product_brand","embeddable":true,"href":"https:\/\/www.trekkingtomachupicchu.com\/es\/wp-json\/wp\/v2\/product_brand?post=39"},{"taxonomy":"product_cat","embeddable":true,"href":"https:\/\/www.trekkingtomachupicchu.com\/es\/wp-json\/wp\/v2\/product_cat?post=39"},{"taxonomy":"product_tag","embeddable":true,"href":"https:\/\/www.trekkingtomachupicchu.com\/es\/wp-json\/wp\/v2\/product_tag?post=39"}],"curies":[{"name":"wp","href":"https:\/\/api.w.org\/{rel}","templated":true}]}}