{"id":146,"date":"2024-02-23T13:38:27","date_gmt":"2024-02-23T12:38:27","guid":{"rendered":"https:\/\/www.trekkingtomachupicchu.com\/es\/?post_type=product&#038;p=146"},"modified":"2024-02-23T16:17:47","modified_gmt":"2024-02-23T15:17:47","slug":"tour-montana-palcoyo-en-1-dia","status":"publish","type":"product","link":"https:\/\/www.trekkingtomachupicchu.com\/es\/tours\/tour-montana-palcoyo-en-1-dia\/","title":{"rendered":"Tour Monta\u00f1a Palcoyo en 1 Dia"},"content":{"rendered":"<p><strong>Tour Monta\u00f1a Palcoyo en 1 D\u00eda<\/strong>. Visita la monta\u00f1a arco\u00edris de Palcoyo en 1 d\u00eda, esta monta\u00f1a es muy parecida a la <a href=\"https:\/\/www.trekkingtomachupicchu.com\/es\/tours\/tour-montana-de-7-colores-en-1-dia\/\" target=\"_blank\" rel=\"noopener\">monta\u00f1a de colores de Vinicunca<\/a>, pero la ventaja de visitar esta monta\u00f1a es que la caminata no esta tan complicada como la de <a href=\"https:\/\/www.mountainvinicunca.com\/es\/tours\/tour-montana-7-colores-vinicunca\/\" target=\"_blank\" rel=\"noopener\">Vinicunca<\/a>. Palcoyo tiene una caminata muy suave de aproximadamente 40 minutos. Y adem\u00e1s de visitar la monta\u00f1a puedes aprovechar en visitar el bosque de piedras.<\/p>\n<h2>Monta\u00f1a Palcoyo<\/h2>\n<p><strong>Precio por persona<\/strong>: 40 USD<br \/>\n<strong>Inicio<\/strong>: 4:30 AM<br \/>\n<strong>Dificultad<\/strong>: Media Alta<br \/>\n<strong>Grupo compartido<\/strong><\/p>\n<p><strong>Incluye<\/strong>:<br \/>\n<i class=\"fa fa-check icon-tick icon-tick--on\"><\/i> Recojo en tu Hotel<br \/>\n<i class=\"fa fa-check icon-tick icon-tick--on\"><\/i> Traslado tur\u00edstico<br \/>\n<i class=\"fa fa-check icon-tick icon-tick--on\"><\/i> Desayuno y Almuerzo<br \/>\n<i class=\"fa fa-check icon-tick icon-tick--on\"><\/i> Entrada Monta\u00f1a<br \/>\n<i class=\"fa fa-check icon-tick icon-tick--on\"><\/i> Bal\u00f3n de Oxigeno y botiqu\u00edn de primeros auxilios<br \/>\n<i class=\"fa fa-check icon-tick icon-tick--on\"><\/i> Gu\u00eda profesional certificado<br \/>\n<i class=\"fa fa-check icon-tick icon-tick--on\"><\/i> Asistencia personalizada<br \/>\n<i class=\"fa fa-check icon-tick icon-tick--on\"><\/i> Drop off en el centro del Cusco<\/p>\n<p><strong>No incluye<\/strong>:<br \/>\n<i class=\"fa fa-times icon-tick icon-tick--off\"><\/i> Seguro de viaje y otros servicios no mencionados.<\/p>\n<p><strong>Importante<\/strong>:<br \/>\n\u2022 No es recomendable para personas mayores de 60 a\u00f1os<br \/>\n\u2022 No es recomendable para personas embarazadas<br \/>\n\u2022 No es recomendable para personas que tengas problemas card\u00edacos o respiratorias<\/p>\n<h2>Itinerario Monta\u00f1a Palcoyo<\/h2>\n<p>04:30 Pasaremos a recogerte a tu Hotel para luego unirnos con el grupo. Nuestro viaje comenzara al sur de la ciudad del Cusco para visitar a la <a href=\"https:\/\/www.mountainpalcoyo.com\/es\/tours\/tour-montana-palcoyo\/\" target=\"_blank\" rel=\"noopener\">monta\u00f1a arco\u00edris de Palcoyo<\/a>, nuestra primera parada ser\u00e1 para desayunar, luego nos dirigiremos al punto de inicio de la caminata hacia la monta\u00f1a. La caminata ser\u00e1 dentro de 30 a 45 minutos hasta llegar a la cima de la monta\u00f1a, luego de visitar la monta\u00f1a puedes aprovechar en visitar el bosque de piedras y de retorno haremos una parada en el puente inca Checacupe. Posteriormente haremos una parada para nuestro almuerzo y finalmente retornaremos a la ciudad del Cusco (Aprox 6:00 pm) y el tour finaliza en el centro del Cusco.<\/p>\n<p><img loading=\"lazy\" decoding=\"async\" class=\"alignnone size-full wp-image-148\" src=\"https:\/\/www.trekkingtomachupicchu.com\/es\/wp-content\/uploads\/2024\/02\/tour-montana-palcoyo.jpg\" alt=\"tour monta\u00f1a palcoyo\" width=\"1024\" height=\"1024\" srcset=\"https:\/\/www.trekkingtomachupicchu.com\/es\/wp-content\/uploads\/2024\/02\/tour-montana-palcoyo.jpg 1024w, https:\/\/www.trekkingtomachupicchu.com\/es\/wp-content\/uploads\/2024\/02\/tour-montana-palcoyo-300x300.jpg 300w, https:\/\/www.trekkingtomachupicchu.com\/es\/wp-content\/uploads\/2024\/02\/tour-montana-palcoyo-150x150.jpg 150w, https:\/\/www.trekkingtomachupicchu.com\/es\/wp-content\/uploads\/2024\/02\/tour-montana-palcoyo-768x768.jpg 768w, https:\/\/www.trekkingtomachupicchu.com\/es\/wp-content\/uploads\/2024\/02\/tour-montana-palcoyo-600x600.jpg 600w\" sizes=\"auto, (max-width: 1024px) 100vw, 1024px\" \/><\/p>\n<p><img loading=\"lazy\" decoding=\"async\" class=\"alignnone size-full wp-image-149\" src=\"https:\/\/www.trekkingtomachupicchu.com\/es\/wp-content\/uploads\/2024\/02\/palcoyo-tour.jpg\" alt=\"palcoyo tour\" width=\"1024\" height=\"1024\" srcset=\"https:\/\/www.trekkingtomachupicchu.com\/es\/wp-content\/uploads\/2024\/02\/palcoyo-tour.jpg 1024w, https:\/\/www.trekkingtomachupicchu.com\/es\/wp-content\/uploads\/2024\/02\/palcoyo-tour-300x300.jpg 300w, https:\/\/www.trekkingtomachupicchu.com\/es\/wp-content\/uploads\/2024\/02\/palcoyo-tour-150x150.jpg 150w, https:\/\/www.trekkingtomachupicchu.com\/es\/wp-content\/uploads\/2024\/02\/palcoyo-tour-768x768.jpg 768w, https:\/\/www.trekkingtomachupicchu.com\/es\/wp-content\/uploads\/2024\/02\/palcoyo-tour-600x600.jpg 600w\" sizes=\"auto, (max-width: 1024px) 100vw, 1024px\" \/><\/p>\n<p><img loading=\"lazy\" decoding=\"async\" class=\"alignnone size-full wp-image-150\" src=\"https:\/\/www.trekkingtomachupicchu.com\/es\/wp-content\/uploads\/2024\/02\/tour-palcoyo-en-1-dia.jpg\" alt=\"tour palcoyo en 1 dia\" width=\"1024\" height=\"1024\" srcset=\"https:\/\/www.trekkingtomachupicchu.com\/es\/wp-content\/uploads\/2024\/02\/tour-palcoyo-en-1-dia.jpg 1024w, https:\/\/www.trekkingtomachupicchu.com\/es\/wp-content\/uploads\/2024\/02\/tour-palcoyo-en-1-dia-300x300.jpg 300w, https:\/\/www.trekkingtomachupicchu.com\/es\/wp-content\/uploads\/2024\/02\/tour-palcoyo-en-1-dia-150x150.jpg 150w, https:\/\/www.trekkingtomachupicchu.com\/es\/wp-content\/uploads\/2024\/02\/tour-palcoyo-en-1-dia-768x768.jpg 768w, https:\/\/www.trekkingtomachupicchu.com\/es\/wp-content\/uploads\/2024\/02\/tour-palcoyo-en-1-dia-600x600.jpg 600w\" sizes=\"auto, (max-width: 1024px) 100vw, 1024px\" \/><\/p>\n","protected":false},"excerpt":{"rendered":"<p>Tour Monta\u00f1a Palcoyo en 1 D\u00eda. Visita la monta\u00f1a arco\u00edris de Palcoyo en 1 d\u00eda, esta monta\u00f1a es muy parecida<\/p>\n<div class=\"padding-top text-center\"><a href=\"https:\/\/www.trekkingtomachupicchu.com\/es\/tours\/tour-montana-palcoyo-en-1-dia\/\" class=\"atbtn atbtn--medium atbtn--rounded atbtn--transparent\">Continuar lectura&#8230;<i class=\"atbtn__icon atbtn__icon--right fa fa-long-arrow-right\"><\/i><\/a><\/div>\n","protected":false},"featured_media":147,"comment_status":"closed","ping_status":"closed","template":"","meta":[],"product_brand":[],"product_cat":[20],"product_tag":[],"class_list":{"0":"post-146","1":"product","2":"type-product","3":"status-publish","4":"has-post-thumbnail","6":"product_cat-cusco","7":"tour_category-cusco","9":"first","10":"instock","11":"sale","12":"shipping-taxable","13":"purchasable","14":"product-type-tour"},"yoast_head":"<!-- This site is optimized with the Yoast SEO plugin v27.1 - https:\/\/yoast.com\/product\/yoast-seo-wordpress\/ -->\n<title>Tour Monta\u00f1a Palcoyo en 1 Dia<\/title>\n<meta name=\"description\" content=\"Tour Monta\u00f1a Palcoyo en 1 D\u00eda. Visita la monta\u00f1a arco\u00edris de Palcoyo en 1 D\u00eda. Tour ideal de 1 d\u00eda para conocer la monta\u00f1a de colores.\" \/>\n<meta name=\"robots\" content=\"index, follow, max-snippet:-1, max-image-preview:large, max-video-preview:-1\" \/>\n<link rel=\"canonical\" href=\"https:\/\/www.trekkingtomachupicchu.com\/es\/tours\/tour-montana-palcoyo-en-1-dia\/\" \/>\n<meta property=\"og:locale\" content=\"es_ES\" \/>\n<meta property=\"og:type\" content=\"article\" \/>\n<meta property=\"og:title\" content=\"Tour Monta\u00f1a Palcoyo en 1 Dia\" \/>\n<meta property=\"og:description\" content=\"Tour Monta\u00f1a Palcoyo en 1 D\u00eda. Visita la monta\u00f1a arco\u00edris de Palcoyo en 1 D\u00eda. Tour ideal de 1 d\u00eda para conocer la monta\u00f1a de colores.\" \/>\n<meta property=\"og:url\" content=\"https:\/\/www.trekkingtomachupicchu.com\/es\/tours\/tour-montana-palcoyo-en-1-dia\/\" \/>\n<meta property=\"og:site_name\" content=\"Tours a Machu Picchu\" \/>\n<meta property=\"article:modified_time\" content=\"2024-02-23T15:17:47+00:00\" \/>\n<meta property=\"og:image\" content=\"https:\/\/www.trekkingtomachupicchu.com\/es\/wp-content\/uploads\/2024\/02\/tour-palcoyo.jpg\" \/>\n\t<meta property=\"og:image:width\" content=\"2000\" \/>\n\t<meta property=\"og:image:height\" content=\"915\" \/>\n\t<meta property=\"og:image:type\" content=\"image\/jpeg\" \/>\n<meta name=\"twitter:card\" content=\"summary_large_image\" \/>\n<meta name=\"twitter:label1\" content=\"Tiempo de lectura\" \/>\n\t<meta name=\"twitter:data1\" content=\"3 minutos\" \/>\n<script type=\"application\/ld+json\" class=\"yoast-schema-graph\">{\"@context\":\"https:\/\/schema.org\",\"@graph\":[{\"@type\":\"WebPage\",\"@id\":\"https:\/\/www.trekkingtomachupicchu.com\/es\/tours\/tour-montana-palcoyo-en-1-dia\/\",\"url\":\"https:\/\/www.trekkingtomachupicchu.com\/es\/tours\/tour-montana-palcoyo-en-1-dia\/\",\"name\":\"Tour Monta\u00f1a Palcoyo en 1 Dia\",\"isPartOf\":{\"@id\":\"https:\/\/www.trekkingtomachupicchu.com\/es\/#website\"},\"primaryImageOfPage\":{\"@id\":\"https:\/\/www.trekkingtomachupicchu.com\/es\/tours\/tour-montana-palcoyo-en-1-dia\/#primaryimage\"},\"image\":{\"@id\":\"https:\/\/www.trekkingtomachupicchu.com\/es\/tours\/tour-montana-palcoyo-en-1-dia\/#primaryimage\"},\"thumbnailUrl\":\"https:\/\/www.trekkingtomachupicchu.com\/es\/wp-content\/uploads\/2024\/02\/tour-palcoyo.jpg\",\"datePublished\":\"2024-02-23T12:38:27+00:00\",\"dateModified\":\"2024-02-23T15:17:47+00:00\",\"description\":\"Tour Monta\u00f1a Palcoyo en 1 D\u00eda. Visita la monta\u00f1a arco\u00edris de Palcoyo en 1 D\u00eda. Tour ideal de 1 d\u00eda para conocer la monta\u00f1a de colores.\",\"breadcrumb\":{\"@id\":\"https:\/\/www.trekkingtomachupicchu.com\/es\/tours\/tour-montana-palcoyo-en-1-dia\/#breadcrumb\"},\"inLanguage\":\"es\",\"potentialAction\":[{\"@type\":\"ReadAction\",\"target\":[\"https:\/\/www.trekkingtomachupicchu.com\/es\/tours\/tour-montana-palcoyo-en-1-dia\/\"]}]},{\"@type\":\"ImageObject\",\"inLanguage\":\"es\",\"@id\":\"https:\/\/www.trekkingtomachupicchu.com\/es\/tours\/tour-montana-palcoyo-en-1-dia\/#primaryimage\",\"url\":\"https:\/\/www.trekkingtomachupicchu.com\/es\/wp-content\/uploads\/2024\/02\/tour-palcoyo.jpg\",\"contentUrl\":\"https:\/\/www.trekkingtomachupicchu.com\/es\/wp-content\/uploads\/2024\/02\/tour-palcoyo.jpg\",\"width\":2000,\"height\":915,\"caption\":\"tour palcoyo\"},{\"@type\":\"BreadcrumbList\",\"@id\":\"https:\/\/www.trekkingtomachupicchu.com\/es\/tours\/tour-montana-palcoyo-en-1-dia\/#breadcrumb\",\"itemListElement\":[{\"@type\":\"ListItem\",\"position\":1,\"name\":\"Portada\",\"item\":\"https:\/\/www.trekkingtomachupicchu.com\/es\/\"},{\"@type\":\"ListItem\",\"position\":2,\"name\":\"Productos\",\"item\":\"https:\/\/www.trekkingtomachupicchu.com\/es\/shop\/\"},{\"@type\":\"ListItem\",\"position\":3,\"name\":\"Tour Monta\u00f1a Palcoyo en 1 Dia\"}]},{\"@type\":\"WebSite\",\"@id\":\"https:\/\/www.trekkingtomachupicchu.com\/es\/#website\",\"url\":\"https:\/\/www.trekkingtomachupicchu.com\/es\/\",\"name\":\"Tours a Machu Picchu\",\"description\":\"\",\"publisher\":{\"@id\":\"https:\/\/www.trekkingtomachupicchu.com\/es\/#organization\"},\"potentialAction\":[{\"@type\":\"SearchAction\",\"target\":{\"@type\":\"EntryPoint\",\"urlTemplate\":\"https:\/\/www.trekkingtomachupicchu.com\/es\/?s={search_term_string}\"},\"query-input\":{\"@type\":\"PropertyValueSpecification\",\"valueRequired\":true,\"valueName\":\"search_term_string\"}}],\"inLanguage\":\"es\"},{\"@type\":\"Organization\",\"@id\":\"https:\/\/www.trekkingtomachupicchu.com\/es\/#organization\",\"name\":\"Tours a Machu Picchu\",\"url\":\"https:\/\/www.trekkingtomachupicchu.com\/es\/\",\"logo\":{\"@type\":\"ImageObject\",\"inLanguage\":\"es\",\"@id\":\"https:\/\/www.trekkingtomachupicchu.com\/es\/#\/schema\/logo\/image\/\",\"url\":\"https:\/\/www.trekkingtomachupicchu.com\/es\/wp-content\/uploads\/2024\/02\/cropped-Sin-titulo-5-1.png\",\"contentUrl\":\"https:\/\/www.trekkingtomachupicchu.com\/es\/wp-content\/uploads\/2024\/02\/cropped-Sin-titulo-5-1.png\",\"width\":512,\"height\":512,\"caption\":\"Tours a Machu Picchu\"},\"image\":{\"@id\":\"https:\/\/www.trekkingtomachupicchu.com\/es\/#\/schema\/logo\/image\/\"}}]}<\/script>\n<!-- \/ Yoast SEO plugin. -->","yoast_head_json":{"title":"Tour Monta\u00f1a Palcoyo en 1 Dia","description":"Tour Monta\u00f1a Palcoyo en 1 D\u00eda. Visita la monta\u00f1a arco\u00edris de Palcoyo en 1 D\u00eda. Tour ideal de 1 d\u00eda para conocer la monta\u00f1a de colores.","robots":{"index":"index","follow":"follow","max-snippet":"max-snippet:-1","max-image-preview":"max-image-preview:large","max-video-preview":"max-video-preview:-1"},"canonical":"https:\/\/www.trekkingtomachupicchu.com\/es\/tours\/tour-montana-palcoyo-en-1-dia\/","og_locale":"es_ES","og_type":"article","og_title":"Tour Monta\u00f1a Palcoyo en 1 Dia","og_description":"Tour Monta\u00f1a Palcoyo en 1 D\u00eda. Visita la monta\u00f1a arco\u00edris de Palcoyo en 1 D\u00eda. Tour ideal de 1 d\u00eda para conocer la monta\u00f1a de colores.","og_url":"https:\/\/www.trekkingtomachupicchu.com\/es\/tours\/tour-montana-palcoyo-en-1-dia\/","og_site_name":"Tours a Machu Picchu","article_modified_time":"2024-02-23T15:17:47+00:00","og_image":[{"width":2000,"height":915,"url":"https:\/\/www.trekkingtomachupicchu.com\/es\/wp-content\/uploads\/2024\/02\/tour-palcoyo.jpg","type":"image\/jpeg"}],"twitter_card":"summary_large_image","twitter_misc":{"Tiempo de lectura":"3 minutos"},"schema":{"@context":"https:\/\/schema.org","@graph":[{"@type":"WebPage","@id":"https:\/\/www.trekkingtomachupicchu.com\/es\/tours\/tour-montana-palcoyo-en-1-dia\/","url":"https:\/\/www.trekkingtomachupicchu.com\/es\/tours\/tour-montana-palcoyo-en-1-dia\/","name":"Tour Monta\u00f1a Palcoyo en 1 Dia","isPartOf":{"@id":"https:\/\/www.trekkingtomachupicchu.com\/es\/#website"},"primaryImageOfPage":{"@id":"https:\/\/www.trekkingtomachupicchu.com\/es\/tours\/tour-montana-palcoyo-en-1-dia\/#primaryimage"},"image":{"@id":"https:\/\/www.trekkingtomachupicchu.com\/es\/tours\/tour-montana-palcoyo-en-1-dia\/#primaryimage"},"thumbnailUrl":"https:\/\/www.trekkingtomachupicchu.com\/es\/wp-content\/uploads\/2024\/02\/tour-palcoyo.jpg","datePublished":"2024-02-23T12:38:27+00:00","dateModified":"2024-02-23T15:17:47+00:00","description":"Tour Monta\u00f1a Palcoyo en 1 D\u00eda. Visita la monta\u00f1a arco\u00edris de Palcoyo en 1 D\u00eda. Tour ideal de 1 d\u00eda para conocer la monta\u00f1a de colores.","breadcrumb":{"@id":"https:\/\/www.trekkingtomachupicchu.com\/es\/tours\/tour-montana-palcoyo-en-1-dia\/#breadcrumb"},"inLanguage":"es","potentialAction":[{"@type":"ReadAction","target":["https:\/\/www.trekkingtomachupicchu.com\/es\/tours\/tour-montana-palcoyo-en-1-dia\/"]}]},{"@type":"ImageObject","inLanguage":"es","@id":"https:\/\/www.trekkingtomachupicchu.com\/es\/tours\/tour-montana-palcoyo-en-1-dia\/#primaryimage","url":"https:\/\/www.trekkingtomachupicchu.com\/es\/wp-content\/uploads\/2024\/02\/tour-palcoyo.jpg","contentUrl":"https:\/\/www.trekkingtomachupicchu.com\/es\/wp-content\/uploads\/2024\/02\/tour-palcoyo.jpg","width":2000,"height":915,"caption":"tour palcoyo"},{"@type":"BreadcrumbList","@id":"https:\/\/www.trekkingtomachupicchu.com\/es\/tours\/tour-montana-palcoyo-en-1-dia\/#breadcrumb","itemListElement":[{"@type":"ListItem","position":1,"name":"Portada","item":"https:\/\/www.trekkingtomachupicchu.com\/es\/"},{"@type":"ListItem","position":2,"name":"Productos","item":"https:\/\/www.trekkingtomachupicchu.com\/es\/shop\/"},{"@type":"ListItem","position":3,"name":"Tour Monta\u00f1a Palcoyo en 1 Dia"}]},{"@type":"WebSite","@id":"https:\/\/www.trekkingtomachupicchu.com\/es\/#website","url":"https:\/\/www.trekkingtomachupicchu.com\/es\/","name":"Tours a Machu Picchu","description":"","publisher":{"@id":"https:\/\/www.trekkingtomachupicchu.com\/es\/#organization"},"potentialAction":[{"@type":"SearchAction","target":{"@type":"EntryPoint","urlTemplate":"https:\/\/www.trekkingtomachupicchu.com\/es\/?s={search_term_string}"},"query-input":{"@type":"PropertyValueSpecification","valueRequired":true,"valueName":"search_term_string"}}],"inLanguage":"es"},{"@type":"Organization","@id":"https:\/\/www.trekkingtomachupicchu.com\/es\/#organization","name":"Tours a Machu Picchu","url":"https:\/\/www.trekkingtomachupicchu.com\/es\/","logo":{"@type":"ImageObject","inLanguage":"es","@id":"https:\/\/www.trekkingtomachupicchu.com\/es\/#\/schema\/logo\/image\/","url":"https:\/\/www.trekkingtomachupicchu.com\/es\/wp-content\/uploads\/2024\/02\/cropped-Sin-titulo-5-1.png","contentUrl":"https:\/\/www.trekkingtomachupicchu.com\/es\/wp-content\/uploads\/2024\/02\/cropped-Sin-titulo-5-1.png","width":512,"height":512,"caption":"Tours a Machu Picchu"},"image":{"@id":"https:\/\/www.trekkingtomachupicchu.com\/es\/#\/schema\/logo\/image\/"}}]}},"_links":{"self":[{"href":"https:\/\/www.trekkingtomachupicchu.com\/es\/wp-json\/wp\/v2\/product\/146","targetHints":{"allow":["GET"]}}],"collection":[{"href":"https:\/\/www.trekkingtomachupicchu.com\/es\/wp-json\/wp\/v2\/product"}],"about":[{"href":"https:\/\/www.trekkingtomachupicchu.com\/es\/wp-json\/wp\/v2\/types\/product"}],"replies":[{"embeddable":true,"href":"https:\/\/www.trekkingtomachupicchu.com\/es\/wp-json\/wp\/v2\/comments?post=146"}],"wp:featuredmedia":[{"embeddable":true,"href":"https:\/\/www.trekkingtomachupicchu.com\/es\/wp-json\/wp\/v2\/media\/147"}],"wp:attachment":[{"href":"https:\/\/www.trekkingtomachupicchu.com\/es\/wp-json\/wp\/v2\/media?parent=146"}],"wp:term":[{"taxonomy":"product_brand","embeddable":true,"href":"https:\/\/www.trekkingtomachupicchu.com\/es\/wp-json\/wp\/v2\/product_brand?post=146"},{"taxonomy":"product_cat","embeddable":true,"href":"https:\/\/www.trekkingtomachupicchu.com\/es\/wp-json\/wp\/v2\/product_cat?post=146"},{"taxonomy":"product_tag","embeddable":true,"href":"https:\/\/www.trekkingtomachupicchu.com\/es\/wp-json\/wp\/v2\/product_tag?post=146"}],"curies":[{"name":"wp","href":"https:\/\/api.w.org\/{rel}","templated":true}]}}