{"id":136,"date":"2024-02-23T01:47:06","date_gmt":"2024-02-23T00:47:06","guid":{"rendered":"https:\/\/www.trekkingtomachupicchu.com\/es\/?post_type=product&#038;p=136"},"modified":"2024-02-23T01:51:52","modified_gmt":"2024-02-23T00:51:52","slug":"tour-valle-sagrado-de-los-incas-en-1-dia","status":"publish","type":"product","link":"https:\/\/www.trekkingtomachupicchu.com\/es\/tours\/tour-valle-sagrado-de-los-incas-en-1-dia\/","title":{"rendered":"Tour Valle Sagrado de los Incas en 1 Dia"},"content":{"rendered":"<p><strong>Tour Valle Sagrado de los Incas en 1 D\u00eda<\/strong>. Visita los principales atractivos tur\u00edsticos del <a href=\"https:\/\/www.mountainpalcoyo.com\/es\/tours\/tour-valle-sagrado-de-los-incas-en-1-dia\/\" target=\"_blank\" rel=\"noopener\">valle sagrado de los Incas<\/a>, este tour es perfecto ya que podr\u00e1s visitar el sitio arqueol\u00f3gico de Pisac, Ollantaytambo y Chinchero. En el camino podr\u00e1s disfrutar de los hermosos paisajes, animales andinos de la zona y los principales atractivos tur\u00edsticos.<\/p>\n<h2>Valle Sagrado de los Incas<\/h2>\n<p><strong>Precio por persona<\/strong>: 30 USD con Restaurante Rustica o Similar<br \/>\n<strong>Precio por persona<\/strong>: 37 USD con Restaurante Don Angel<br \/>\n<strong>Precio por persona<\/strong>: 45 USD con Restaurante Tunupa<br \/>\n<strong>Inicio<\/strong>: 8:00 AM<br \/>\n<strong>Dificultad<\/strong>: Media Baja<br \/>\n<strong>Grupo compartido<\/strong><\/p>\n<p><strong>Incluye<\/strong>:<br \/>\n<i class=\"fa fa-check icon-tick icon-tick--on\"><\/i> Recojo en tu Hotel<br \/>\n<i class=\"fa fa-check icon-tick icon-tick--on\"><\/i> Traslado tur\u00edstico<br \/>\n<i class=\"fa fa-check icon-tick icon-tick--on\"><\/i> Almuerzo Buffet en Urubamba<br \/>\n<i class=\"fa fa-check icon-tick icon-tick--on\"><\/i> Gu\u00eda profesional certificado<br \/>\n<i class=\"fa fa-check icon-tick icon-tick--on\"><\/i> Asistencia personalizada<br \/>\n<i class=\"fa fa-check icon-tick icon-tick--on\"><\/i> Drop off en el centro del Cusco<\/p>\n<p><strong>No incluye<\/strong>:<br \/>\n<i class=\"fa fa-times icon-tick icon-tick--off\"><\/i> Entradas (Boleto tur\u00edstico del Cusco), seguro de viaje y otros servicios no mencionados.<\/p>\n<p><strong>Importante<\/strong>:<br \/>\n\u2022 Para este tour necesitas el boleto tur\u00edstico del Cusco parcial que tiene un costo de 70 soles y se adquiere en el primer atractivo tur\u00edstico a visitar.<\/p>\n<h2>Itinerario Valle Sagrado<\/h2>\n<p>\u2022 08:00 Pasaremos a recogerte a tu Hotel para luego unirnos con el grupo, posteriormente tendremos un viaje al norte de la ciudad del Cusco para visitar el sitio arqueol\u00f3gico de Pisac, en este punto tendr\u00e1s una visita guiada y posteriormente podr\u00e1s visitar el lugar por cuenta propia para tomar fotos. Luego iremos a la <a href=\"https:\/\/www.riorojocusco.com\/traslado-desde-cusco-a-valle-sagrado-de-los-incas\/\" target=\"_blank\" rel=\"noopener\">ciudad de Urubamba<\/a> donde tendremos nuestro almuerzo Buffet. Despu\u00e9s de nuestro almuerzo buffet iremos al centro arqueol\u00f3gico de Ollantaytambo m\u00e1s conocida como la ciudad inca viviente y despu\u00e9s visitaremos Chinchero. Finalmente retornaremos a la ciudad del Cusco y el tour finaliza en el centro del Cusco.<\/p>\n<p><img loading=\"lazy\" decoding=\"async\" class=\"alignnone size-full wp-image-138\" src=\"https:\/\/www.trekkingtomachupicchu.com\/es\/wp-content\/uploads\/2024\/02\/tour-valle-sagrado.jpg\" alt=\"tour valle sagrado\" width=\"1024\" height=\"1024\" srcset=\"https:\/\/www.trekkingtomachupicchu.com\/es\/wp-content\/uploads\/2024\/02\/tour-valle-sagrado.jpg 1024w, https:\/\/www.trekkingtomachupicchu.com\/es\/wp-content\/uploads\/2024\/02\/tour-valle-sagrado-300x300.jpg 300w, https:\/\/www.trekkingtomachupicchu.com\/es\/wp-content\/uploads\/2024\/02\/tour-valle-sagrado-150x150.jpg 150w, https:\/\/www.trekkingtomachupicchu.com\/es\/wp-content\/uploads\/2024\/02\/tour-valle-sagrado-768x768.jpg 768w, https:\/\/www.trekkingtomachupicchu.com\/es\/wp-content\/uploads\/2024\/02\/tour-valle-sagrado-600x600.jpg 600w\" sizes=\"auto, (max-width: 1024px) 100vw, 1024px\" \/> <img loading=\"lazy\" decoding=\"async\" class=\"alignnone size-full wp-image-139\" src=\"https:\/\/www.trekkingtomachupicchu.com\/es\/wp-content\/uploads\/2024\/02\/valle-sagrado-tour.jpg\" alt=\"valle sagrado tour\" width=\"1024\" height=\"1024\" srcset=\"https:\/\/www.trekkingtomachupicchu.com\/es\/wp-content\/uploads\/2024\/02\/valle-sagrado-tour.jpg 1024w, https:\/\/www.trekkingtomachupicchu.com\/es\/wp-content\/uploads\/2024\/02\/valle-sagrado-tour-300x300.jpg 300w, https:\/\/www.trekkingtomachupicchu.com\/es\/wp-content\/uploads\/2024\/02\/valle-sagrado-tour-150x150.jpg 150w, https:\/\/www.trekkingtomachupicchu.com\/es\/wp-content\/uploads\/2024\/02\/valle-sagrado-tour-768x768.jpg 768w, https:\/\/www.trekkingtomachupicchu.com\/es\/wp-content\/uploads\/2024\/02\/valle-sagrado-tour-600x600.jpg 600w\" sizes=\"auto, (max-width: 1024px) 100vw, 1024px\" \/> <img loading=\"lazy\" decoding=\"async\" class=\"alignnone size-full wp-image-140\" src=\"https:\/\/www.trekkingtomachupicchu.com\/es\/wp-content\/uploads\/2024\/02\/valle-sagrado-clasico.jpg\" alt=\"valle sagrado clasico\" width=\"1024\" height=\"1024\" srcset=\"https:\/\/www.trekkingtomachupicchu.com\/es\/wp-content\/uploads\/2024\/02\/valle-sagrado-clasico.jpg 1024w, https:\/\/www.trekkingtomachupicchu.com\/es\/wp-content\/uploads\/2024\/02\/valle-sagrado-clasico-300x300.jpg 300w, https:\/\/www.trekkingtomachupicchu.com\/es\/wp-content\/uploads\/2024\/02\/valle-sagrado-clasico-150x150.jpg 150w, https:\/\/www.trekkingtomachupicchu.com\/es\/wp-content\/uploads\/2024\/02\/valle-sagrado-clasico-768x768.jpg 768w, https:\/\/www.trekkingtomachupicchu.com\/es\/wp-content\/uploads\/2024\/02\/valle-sagrado-clasico-600x600.jpg 600w\" sizes=\"auto, (max-width: 1024px) 100vw, 1024px\" \/><\/p>\n","protected":false},"excerpt":{"rendered":"<p>Tour Valle Sagrado de los Incas en 1 D\u00eda. Visita los principales atractivos tur\u00edsticos del valle sagrado de los Incas,<\/p>\n<div class=\"padding-top text-center\"><a href=\"https:\/\/www.trekkingtomachupicchu.com\/es\/tours\/tour-valle-sagrado-de-los-incas-en-1-dia\/\" class=\"atbtn atbtn--medium atbtn--rounded atbtn--transparent\">Continuar lectura&#8230;<i class=\"atbtn__icon atbtn__icon--right fa fa-long-arrow-right\"><\/i><\/a><\/div>\n","protected":false},"featured_media":137,"comment_status":"closed","ping_status":"closed","template":"","meta":[],"product_brand":[],"product_cat":[20],"product_tag":[],"class_list":{"0":"post-136","1":"product","2":"type-product","3":"status-publish","4":"has-post-thumbnail","6":"product_cat-cusco","7":"tour_category-cusco","9":"first","10":"instock","11":"sale","12":"shipping-taxable","13":"purchasable","14":"product-type-tour"},"yoast_head":"<!-- This site is optimized with the Yoast SEO plugin v27.1 - https:\/\/yoast.com\/product\/yoast-seo-wordpress\/ -->\n<title>Tour Valle Sagrado de los Incas en 1 Dia<\/title>\n<meta name=\"description\" content=\"Tour Valle Sagrado de los Incas en 1 D\u00eda. Visita los principales atractivos tur\u00edsticos del Valle Sagrado de los incas en 1 D\u00eda. Tenemos salidas diarias!\" \/>\n<meta name=\"robots\" content=\"index, follow, max-snippet:-1, max-image-preview:large, max-video-preview:-1\" \/>\n<link rel=\"canonical\" href=\"https:\/\/www.trekkingtomachupicchu.com\/es\/tours\/tour-valle-sagrado-de-los-incas-en-1-dia\/\" \/>\n<meta property=\"og:locale\" content=\"es_ES\" \/>\n<meta property=\"og:type\" content=\"article\" \/>\n<meta property=\"og:title\" content=\"Tour Valle Sagrado de los Incas en 1 Dia\" \/>\n<meta property=\"og:description\" content=\"Tour Valle Sagrado de los Incas en 1 D\u00eda. Visita los principales atractivos tur\u00edsticos del Valle Sagrado de los incas en 1 D\u00eda. Tenemos salidas diarias!\" \/>\n<meta property=\"og:url\" content=\"https:\/\/www.trekkingtomachupicchu.com\/es\/tours\/tour-valle-sagrado-de-los-incas-en-1-dia\/\" \/>\n<meta property=\"og:site_name\" content=\"Tours a Machu Picchu\" \/>\n<meta property=\"article:modified_time\" content=\"2024-02-23T00:51:52+00:00\" \/>\n<meta property=\"og:image\" content=\"https:\/\/www.trekkingtomachupicchu.com\/es\/wp-content\/uploads\/2024\/02\/pisac.jpg\" \/>\n\t<meta property=\"og:image:width\" content=\"2000\" \/>\n\t<meta property=\"og:image:height\" content=\"915\" \/>\n\t<meta property=\"og:image:type\" content=\"image\/jpeg\" \/>\n<meta name=\"twitter:card\" content=\"summary_large_image\" \/>\n<meta name=\"twitter:label1\" content=\"Tiempo de lectura\" \/>\n\t<meta name=\"twitter:data1\" content=\"3 minutos\" \/>\n<script type=\"application\/ld+json\" class=\"yoast-schema-graph\">{\"@context\":\"https:\/\/schema.org\",\"@graph\":[{\"@type\":\"WebPage\",\"@id\":\"https:\/\/www.trekkingtomachupicchu.com\/es\/tours\/tour-valle-sagrado-de-los-incas-en-1-dia\/\",\"url\":\"https:\/\/www.trekkingtomachupicchu.com\/es\/tours\/tour-valle-sagrado-de-los-incas-en-1-dia\/\",\"name\":\"Tour Valle Sagrado de los Incas en 1 Dia\",\"isPartOf\":{\"@id\":\"https:\/\/www.trekkingtomachupicchu.com\/es\/#website\"},\"primaryImageOfPage\":{\"@id\":\"https:\/\/www.trekkingtomachupicchu.com\/es\/tours\/tour-valle-sagrado-de-los-incas-en-1-dia\/#primaryimage\"},\"image\":{\"@id\":\"https:\/\/www.trekkingtomachupicchu.com\/es\/tours\/tour-valle-sagrado-de-los-incas-en-1-dia\/#primaryimage\"},\"thumbnailUrl\":\"https:\/\/www.trekkingtomachupicchu.com\/es\/wp-content\/uploads\/2024\/02\/pisac.jpg\",\"datePublished\":\"2024-02-23T00:47:06+00:00\",\"dateModified\":\"2024-02-23T00:51:52+00:00\",\"description\":\"Tour Valle Sagrado de los Incas en 1 D\u00eda. Visita los principales atractivos tur\u00edsticos del Valle Sagrado de los incas en 1 D\u00eda. Tenemos salidas diarias!\",\"breadcrumb\":{\"@id\":\"https:\/\/www.trekkingtomachupicchu.com\/es\/tours\/tour-valle-sagrado-de-los-incas-en-1-dia\/#breadcrumb\"},\"inLanguage\":\"es\",\"potentialAction\":[{\"@type\":\"ReadAction\",\"target\":[\"https:\/\/www.trekkingtomachupicchu.com\/es\/tours\/tour-valle-sagrado-de-los-incas-en-1-dia\/\"]}]},{\"@type\":\"ImageObject\",\"inLanguage\":\"es\",\"@id\":\"https:\/\/www.trekkingtomachupicchu.com\/es\/tours\/tour-valle-sagrado-de-los-incas-en-1-dia\/#primaryimage\",\"url\":\"https:\/\/www.trekkingtomachupicchu.com\/es\/wp-content\/uploads\/2024\/02\/pisac.jpg\",\"contentUrl\":\"https:\/\/www.trekkingtomachupicchu.com\/es\/wp-content\/uploads\/2024\/02\/pisac.jpg\",\"width\":2000,\"height\":915,\"caption\":\"pisac\"},{\"@type\":\"BreadcrumbList\",\"@id\":\"https:\/\/www.trekkingtomachupicchu.com\/es\/tours\/tour-valle-sagrado-de-los-incas-en-1-dia\/#breadcrumb\",\"itemListElement\":[{\"@type\":\"ListItem\",\"position\":1,\"name\":\"Portada\",\"item\":\"https:\/\/www.trekkingtomachupicchu.com\/es\/\"},{\"@type\":\"ListItem\",\"position\":2,\"name\":\"Productos\",\"item\":\"https:\/\/www.trekkingtomachupicchu.com\/es\/shop\/\"},{\"@type\":\"ListItem\",\"position\":3,\"name\":\"Tour Valle Sagrado de los Incas en 1 Dia\"}]},{\"@type\":\"WebSite\",\"@id\":\"https:\/\/www.trekkingtomachupicchu.com\/es\/#website\",\"url\":\"https:\/\/www.trekkingtomachupicchu.com\/es\/\",\"name\":\"Tours a Machu Picchu\",\"description\":\"\",\"publisher\":{\"@id\":\"https:\/\/www.trekkingtomachupicchu.com\/es\/#organization\"},\"potentialAction\":[{\"@type\":\"SearchAction\",\"target\":{\"@type\":\"EntryPoint\",\"urlTemplate\":\"https:\/\/www.trekkingtomachupicchu.com\/es\/?s={search_term_string}\"},\"query-input\":{\"@type\":\"PropertyValueSpecification\",\"valueRequired\":true,\"valueName\":\"search_term_string\"}}],\"inLanguage\":\"es\"},{\"@type\":\"Organization\",\"@id\":\"https:\/\/www.trekkingtomachupicchu.com\/es\/#organization\",\"name\":\"Tours a Machu Picchu\",\"url\":\"https:\/\/www.trekkingtomachupicchu.com\/es\/\",\"logo\":{\"@type\":\"ImageObject\",\"inLanguage\":\"es\",\"@id\":\"https:\/\/www.trekkingtomachupicchu.com\/es\/#\/schema\/logo\/image\/\",\"url\":\"https:\/\/www.trekkingtomachupicchu.com\/es\/wp-content\/uploads\/2024\/02\/cropped-Sin-titulo-5-1.png\",\"contentUrl\":\"https:\/\/www.trekkingtomachupicchu.com\/es\/wp-content\/uploads\/2024\/02\/cropped-Sin-titulo-5-1.png\",\"width\":512,\"height\":512,\"caption\":\"Tours a Machu Picchu\"},\"image\":{\"@id\":\"https:\/\/www.trekkingtomachupicchu.com\/es\/#\/schema\/logo\/image\/\"}}]}<\/script>\n<!-- \/ Yoast SEO plugin. -->","yoast_head_json":{"title":"Tour Valle Sagrado de los Incas en 1 Dia","description":"Tour Valle Sagrado de los Incas en 1 D\u00eda. Visita los principales atractivos tur\u00edsticos del Valle Sagrado de los incas en 1 D\u00eda. Tenemos salidas diarias!","robots":{"index":"index","follow":"follow","max-snippet":"max-snippet:-1","max-image-preview":"max-image-preview:large","max-video-preview":"max-video-preview:-1"},"canonical":"https:\/\/www.trekkingtomachupicchu.com\/es\/tours\/tour-valle-sagrado-de-los-incas-en-1-dia\/","og_locale":"es_ES","og_type":"article","og_title":"Tour Valle Sagrado de los Incas en 1 Dia","og_description":"Tour Valle Sagrado de los Incas en 1 D\u00eda. Visita los principales atractivos tur\u00edsticos del Valle Sagrado de los incas en 1 D\u00eda. Tenemos salidas diarias!","og_url":"https:\/\/www.trekkingtomachupicchu.com\/es\/tours\/tour-valle-sagrado-de-los-incas-en-1-dia\/","og_site_name":"Tours a Machu Picchu","article_modified_time":"2024-02-23T00:51:52+00:00","og_image":[{"width":2000,"height":915,"url":"https:\/\/www.trekkingtomachupicchu.com\/es\/wp-content\/uploads\/2024\/02\/pisac.jpg","type":"image\/jpeg"}],"twitter_card":"summary_large_image","twitter_misc":{"Tiempo de lectura":"3 minutos"},"schema":{"@context":"https:\/\/schema.org","@graph":[{"@type":"WebPage","@id":"https:\/\/www.trekkingtomachupicchu.com\/es\/tours\/tour-valle-sagrado-de-los-incas-en-1-dia\/","url":"https:\/\/www.trekkingtomachupicchu.com\/es\/tours\/tour-valle-sagrado-de-los-incas-en-1-dia\/","name":"Tour Valle Sagrado de los Incas en 1 Dia","isPartOf":{"@id":"https:\/\/www.trekkingtomachupicchu.com\/es\/#website"},"primaryImageOfPage":{"@id":"https:\/\/www.trekkingtomachupicchu.com\/es\/tours\/tour-valle-sagrado-de-los-incas-en-1-dia\/#primaryimage"},"image":{"@id":"https:\/\/www.trekkingtomachupicchu.com\/es\/tours\/tour-valle-sagrado-de-los-incas-en-1-dia\/#primaryimage"},"thumbnailUrl":"https:\/\/www.trekkingtomachupicchu.com\/es\/wp-content\/uploads\/2024\/02\/pisac.jpg","datePublished":"2024-02-23T00:47:06+00:00","dateModified":"2024-02-23T00:51:52+00:00","description":"Tour Valle Sagrado de los Incas en 1 D\u00eda. Visita los principales atractivos tur\u00edsticos del Valle Sagrado de los incas en 1 D\u00eda. Tenemos salidas diarias!","breadcrumb":{"@id":"https:\/\/www.trekkingtomachupicchu.com\/es\/tours\/tour-valle-sagrado-de-los-incas-en-1-dia\/#breadcrumb"},"inLanguage":"es","potentialAction":[{"@type":"ReadAction","target":["https:\/\/www.trekkingtomachupicchu.com\/es\/tours\/tour-valle-sagrado-de-los-incas-en-1-dia\/"]}]},{"@type":"ImageObject","inLanguage":"es","@id":"https:\/\/www.trekkingtomachupicchu.com\/es\/tours\/tour-valle-sagrado-de-los-incas-en-1-dia\/#primaryimage","url":"https:\/\/www.trekkingtomachupicchu.com\/es\/wp-content\/uploads\/2024\/02\/pisac.jpg","contentUrl":"https:\/\/www.trekkingtomachupicchu.com\/es\/wp-content\/uploads\/2024\/02\/pisac.jpg","width":2000,"height":915,"caption":"pisac"},{"@type":"BreadcrumbList","@id":"https:\/\/www.trekkingtomachupicchu.com\/es\/tours\/tour-valle-sagrado-de-los-incas-en-1-dia\/#breadcrumb","itemListElement":[{"@type":"ListItem","position":1,"name":"Portada","item":"https:\/\/www.trekkingtomachupicchu.com\/es\/"},{"@type":"ListItem","position":2,"name":"Productos","item":"https:\/\/www.trekkingtomachupicchu.com\/es\/shop\/"},{"@type":"ListItem","position":3,"name":"Tour Valle Sagrado de los Incas en 1 Dia"}]},{"@type":"WebSite","@id":"https:\/\/www.trekkingtomachupicchu.com\/es\/#website","url":"https:\/\/www.trekkingtomachupicchu.com\/es\/","name":"Tours a Machu Picchu","description":"","publisher":{"@id":"https:\/\/www.trekkingtomachupicchu.com\/es\/#organization"},"potentialAction":[{"@type":"SearchAction","target":{"@type":"EntryPoint","urlTemplate":"https:\/\/www.trekkingtomachupicchu.com\/es\/?s={search_term_string}"},"query-input":{"@type":"PropertyValueSpecification","valueRequired":true,"valueName":"search_term_string"}}],"inLanguage":"es"},{"@type":"Organization","@id":"https:\/\/www.trekkingtomachupicchu.com\/es\/#organization","name":"Tours a Machu Picchu","url":"https:\/\/www.trekkingtomachupicchu.com\/es\/","logo":{"@type":"ImageObject","inLanguage":"es","@id":"https:\/\/www.trekkingtomachupicchu.com\/es\/#\/schema\/logo\/image\/","url":"https:\/\/www.trekkingtomachupicchu.com\/es\/wp-content\/uploads\/2024\/02\/cropped-Sin-titulo-5-1.png","contentUrl":"https:\/\/www.trekkingtomachupicchu.com\/es\/wp-content\/uploads\/2024\/02\/cropped-Sin-titulo-5-1.png","width":512,"height":512,"caption":"Tours a Machu Picchu"},"image":{"@id":"https:\/\/www.trekkingtomachupicchu.com\/es\/#\/schema\/logo\/image\/"}}]}},"_links":{"self":[{"href":"https:\/\/www.trekkingtomachupicchu.com\/es\/wp-json\/wp\/v2\/product\/136","targetHints":{"allow":["GET"]}}],"collection":[{"href":"https:\/\/www.trekkingtomachupicchu.com\/es\/wp-json\/wp\/v2\/product"}],"about":[{"href":"https:\/\/www.trekkingtomachupicchu.com\/es\/wp-json\/wp\/v2\/types\/product"}],"replies":[{"embeddable":true,"href":"https:\/\/www.trekkingtomachupicchu.com\/es\/wp-json\/wp\/v2\/comments?post=136"}],"wp:featuredmedia":[{"embeddable":true,"href":"https:\/\/www.trekkingtomachupicchu.com\/es\/wp-json\/wp\/v2\/media\/137"}],"wp:attachment":[{"href":"https:\/\/www.trekkingtomachupicchu.com\/es\/wp-json\/wp\/v2\/media?parent=136"}],"wp:term":[{"taxonomy":"product_brand","embeddable":true,"href":"https:\/\/www.trekkingtomachupicchu.com\/es\/wp-json\/wp\/v2\/product_brand?post=136"},{"taxonomy":"product_cat","embeddable":true,"href":"https:\/\/www.trekkingtomachupicchu.com\/es\/wp-json\/wp\/v2\/product_cat?post=136"},{"taxonomy":"product_tag","embeddable":true,"href":"https:\/\/www.trekkingtomachupicchu.com\/es\/wp-json\/wp\/v2\/product_tag?post=136"}],"curies":[{"name":"wp","href":"https:\/\/api.w.org\/{rel}","templated":true}]}}