{"id":228,"date":"2024-09-05T04:18:37","date_gmt":"2024-09-05T02:18:37","guid":{"rendered":"https:\/\/www.trekkingtomachupicchu.com\/es\/?page_id=228"},"modified":"2024-09-05T04:18:37","modified_gmt":"2024-09-05T02:18:37","slug":"politicas","status":"publish","type":"page","link":"https:\/\/www.trekkingtomachupicchu.com\/es\/politicas\/","title":{"rendered":"Politicas"},"content":{"rendered":"<h2>Pol\u00edticas de compra y cancelaciones, t\u00e9rminos y condiciones<\/h2>\n<p><strong>1.- LAS RESERVAS<\/strong>:<br \/>\nToda reserva deber\u00e1 ser confirmada mediante solicitud a trav\u00e9s de nuestro correo info@trekkingtomachupicchu.com con copia a trekkingtomachupicchu@gmail.com y se establecer\u00e1 contacto por correo electr\u00f3nico o v\u00eda telef\u00f3nica para coordinar detalles. Al solicitar la confirmaci\u00f3n de los servicios deber\u00e1 considerar en su mail los siguientes datos:<\/p>\n<p>\u2022 Nombre completo de los pasajeros.<br \/>\n\u2022 N\u00famero de documento de identidad.<br \/>\n\u2022 Nacionalidad e idioma.<br \/>\n\u2022 Edades (tambi\u00e9n de los ni\u00f1os si lo hubiesen).<br \/>\n\u2022 Fecha de viaje y retorno.<br \/>\n\u2022 Indicar N\u00famero de celular o whatsApp del pasajero para una atenci\u00f3n personalizada.<br \/>\n\u2022 C\u00f3digo y tipo de paquete solicitado.<br \/>\n\u2022 Nombre de la compa\u00f1\u00eda a\u00e9rea o terrestre as\u00ed como horarios y n\u00fameros de vuelos.<br \/>\n\u2022 Nombre de hotel y tipo de habitaci\u00f3n elegida por el pasajero.<br \/>\n\u2022 Detalles de los servicios adicionales requeridos (que no incluyan en nuestro programa).<br \/>\n\u2022 Detallar restricciones de salud u otros motivos manifestados por el pasajero.<\/p>\n<p><strong>2.- LOS PAGOS<\/strong>:<br \/>\nLuego de haber confirmado la reserva con la debida anticipaci\u00f3n deber\u00e1n efectuar el pago del 50% del monto total del servicio:<br \/>\nV\u00edas de Pago: Visa online, Deposito cuentas corriente, Paypal (Solicite su forma de pago).<\/p>\n<p>La diferencia deber\u00e1 ser depositada antes de la llegada de los pasajeros. Una vez realizado cada dep\u00f3sito deber\u00e1n enviar el voucher correspondiente escaneado v\u00eda mail, o en el caso de trasferencia, el detalle y numero de operaci\u00f3n.<\/p>\n<p><strong>3.- RESPONSABILIDADES<\/strong>:<br \/>\n\u2022 Viva Peru Company, se responsabiliza en cumplir con todo el itinerario detallado en el paquete tur\u00edstico, incluyendo todos los servicios detallados en el mismo. No es responsabilidad de la empresa las interrupciones en el normal desarrollo del paquete por motivos de fuerza mayor fuera de nuestro control como problemas clim\u00e1ticos, pol\u00edticos, sociales, etc.<br \/>\n\u2022 Viva Peru Company, se compromete a brindar un servicio de calidad y de velar por la satisfacci\u00f3n del EL CLIENTE.<br \/>\n\u2022 Viva Peru Company, por causas justificadas, se reserva el derecho a modificar el itinerario que considere necesario pero siempre pensando en la satisfacci\u00f3n del CLIENTE<br \/>\n\u2022 Viva Peru Company, emitir\u00e1 la correspondiente facturaci\u00f3n por el servicio prestado al CLIENTE y se le har\u00e1 entrega en el momento oportuno.<br \/>\n\u2022 El equipaje, joyas y art\u00edculos personales del CLIENTE es de responsabilidad exclusiva del mismo.<\/p>\n<p><strong>4.- MODIFICACIONES<\/strong>:<br \/>\nNuestra empresa podr\u00e1 modificar el orden del recorrido de las excursiones, siempre que lo considere estrictamente necesario para la seguridad o mejor \u00e9xito del servicio.<\/p>\n<p><strong>5.- LAS TARIFAS<\/strong>:<br \/>\n\u2022 Las Tarifas est\u00e1n en d\u00f3lares americanos y en nuevos soles, tienen vigencia seg\u00fan como se indica en el paquete elegido.<br \/>\n\u2022 Pueden variar seg\u00fan \u00edndice inflacionario.<br \/>\n\u2022 No incluye el IGV .<br \/>\n\u2022 Tarifa aplicable para peruanos, residentes y extranjeros.<\/p>\n<p><strong>6.- MENORES<\/strong>:<br \/>\n\u2022 Se considera ni\u00f1o de 03 a 09 a\u00f1os. Los ni\u00f1os tendr\u00e1n un descuento del 5% sobre la tarifa normal con derecho a todos los servicios.<br \/>\n\u2022 En caso de infantes de 01 a 02 a\u00f1os que duerman con sus padres, estar\u00e1n sujetos a un pago como persona adicional y el cobro del mismo depender\u00e1 de las pol\u00edticas del alojamiento elegido.<br \/>\n\u2022 Los ni\u00f1os de 10 a\u00f1os en adelante pagan la tarifa completa a excepci\u00f3n del tour a Machupicchu que tendr\u00edan tarifa estudiante.<\/p>\n<p><strong>7.- CANCELACIONES, PENALIDADES, DEVOLUCIONES<\/strong>:<br \/>\n\u2022 Las Anulaciones de una reserva ya confirmada deber\u00e1n hacerse inmediatamente para poder realizar un reembolso del 100%, pasado unas horas deber\u00e1 adaptarse a las pol\u00edticas de la empresa.<br \/>\n\u2022 Las cancelaciones (anulaci\u00f3n del servicio) deber\u00e1 hacerse v\u00eda tel\u00e9fono y confirmarlo mediante mail a: info@trekkingtomachupicchu.com, entre los 30 d\u00edas y 28 d\u00edas antes de iniciar el servicio y la empresa se cobrara el 30% del prepago abonado, por gastos de gesti\u00f3n y administrativos.<br \/>\n\u2022 El tour a Machu Picchu no tiene reprogramaci\u00f3n, modificaciones, ni cancelaciones, todas las ventas son Finales.<br \/>\n\u2022 No se realizar\u00e1 ning\u00fan tipo de reembolsos al CLIENTE por servicios no utilizados de manera voluntaria, enfermedad, accidentes u otros motivos, en la fecha y hora programada, ni podr\u00e1 hacerse uso en otra oportunidad.<br \/>\n\u2022 Si el CLIENTE renuncia por propia voluntad al uso del programa contratado no tendr\u00e1 derecho o ning\u00fan tipo de reembolso.<br \/>\n\u2022 Las cancelaciones efectuadas posteriores a los 30 d\u00edas de iniciar el programa la agencia declara al CLIENTE No show y no tendr\u00e1 derecho a ning\u00fan tipo de reembolso.<br \/>\n\u2022 En el caso de postergaciones, la vigencia es de 3 meses contados a partir de la fecha de la reserva original, en las mismas condiciones y a la tarifa actualizada.<\/p>\n","protected":false},"excerpt":{"rendered":"<p>Pol\u00edticas de compra y cancelaciones, t\u00e9rminos y condiciones 1.- LAS RESERVAS: Toda reserva deber\u00e1 ser confirmada mediante solicitud a trav\u00e9s<\/p>\n<div class=\"padding-top text-center\"><a href=\"https:\/\/www.trekkingtomachupicchu.com\/es\/politicas\/\" class=\"atbtn atbtn--medium atbtn--rounded atbtn--transparent\">Continuar lectura&#8230;<i class=\"atbtn__icon atbtn__icon--right fa fa-long-arrow-right\"><\/i><\/a><\/div>\n","protected":false},"author":1,"featured_media":0,"parent":0,"menu_order":0,"comment_status":"closed","ping_status":"closed","template":"","meta":{"footnotes":""},"class_list":["post-228","page","type-page","status-publish","hentry"],"yoast_head":"<!-- This site is optimized with the Yoast SEO plugin v27.1 - https:\/\/yoast.com\/product\/yoast-seo-wordpress\/ -->\n<title>Politicas - TrekkingtoMachuPicchu.com<\/title>\n<meta name=\"robots\" content=\"index, follow, max-snippet:-1, max-image-preview:large, max-video-preview:-1\" \/>\n<link rel=\"canonical\" href=\"https:\/\/www.trekkingtomachupicchu.com\/es\/politicas\/\" \/>\n<meta property=\"og:locale\" content=\"es_ES\" \/>\n<meta property=\"og:type\" content=\"article\" \/>\n<meta property=\"og:title\" content=\"Politicas - TrekkingtoMachuPicchu.com\" \/>\n<meta property=\"og:description\" content=\"Pol\u00edticas de compra y cancelaciones, t\u00e9rminos y condiciones 1.- LAS RESERVAS: Toda reserva deber\u00e1 ser confirmada mediante solicitud a trav\u00e9sContinuar lectura...\" \/>\n<meta property=\"og:url\" content=\"https:\/\/www.trekkingtomachupicchu.com\/es\/politicas\/\" \/>\n<meta property=\"og:site_name\" content=\"Tours a Machu Picchu\" \/>\n<meta name=\"twitter:card\" content=\"summary_large_image\" \/>\n<meta name=\"twitter:label1\" content=\"Tiempo de lectura\" \/>\n\t<meta name=\"twitter:data1\" content=\"4 minutos\" \/>\n<script type=\"application\/ld+json\" class=\"yoast-schema-graph\">{\"@context\":\"https:\/\/schema.org\",\"@graph\":[{\"@type\":\"WebPage\",\"@id\":\"https:\/\/www.trekkingtomachupicchu.com\/es\/politicas\/\",\"url\":\"https:\/\/www.trekkingtomachupicchu.com\/es\/politicas\/\",\"name\":\"Politicas - TrekkingtoMachuPicchu.com\",\"isPartOf\":{\"@id\":\"https:\/\/www.trekkingtomachupicchu.com\/es\/#website\"},\"datePublished\":\"2024-09-05T02:18:37+00:00\",\"breadcrumb\":{\"@id\":\"https:\/\/www.trekkingtomachupicchu.com\/es\/politicas\/#breadcrumb\"},\"inLanguage\":\"es\",\"potentialAction\":[{\"@type\":\"ReadAction\",\"target\":[\"https:\/\/www.trekkingtomachupicchu.com\/es\/politicas\/\"]}]},{\"@type\":\"BreadcrumbList\",\"@id\":\"https:\/\/www.trekkingtomachupicchu.com\/es\/politicas\/#breadcrumb\",\"itemListElement\":[{\"@type\":\"ListItem\",\"position\":1,\"name\":\"Portada\",\"item\":\"https:\/\/www.trekkingtomachupicchu.com\/es\/\"},{\"@type\":\"ListItem\",\"position\":2,\"name\":\"Politicas\"}]},{\"@type\":\"WebSite\",\"@id\":\"https:\/\/www.trekkingtomachupicchu.com\/es\/#website\",\"url\":\"https:\/\/www.trekkingtomachupicchu.com\/es\/\",\"name\":\"Tours a Machu Picchu\",\"description\":\"\",\"publisher\":{\"@id\":\"https:\/\/www.trekkingtomachupicchu.com\/es\/#organization\"},\"potentialAction\":[{\"@type\":\"SearchAction\",\"target\":{\"@type\":\"EntryPoint\",\"urlTemplate\":\"https:\/\/www.trekkingtomachupicchu.com\/es\/?s={search_term_string}\"},\"query-input\":{\"@type\":\"PropertyValueSpecification\",\"valueRequired\":true,\"valueName\":\"search_term_string\"}}],\"inLanguage\":\"es\"},{\"@type\":\"Organization\",\"@id\":\"https:\/\/www.trekkingtomachupicchu.com\/es\/#organization\",\"name\":\"Tours a Machu Picchu\",\"url\":\"https:\/\/www.trekkingtomachupicchu.com\/es\/\",\"logo\":{\"@type\":\"ImageObject\",\"inLanguage\":\"es\",\"@id\":\"https:\/\/www.trekkingtomachupicchu.com\/es\/#\/schema\/logo\/image\/\",\"url\":\"https:\/\/www.trekkingtomachupicchu.com\/es\/wp-content\/uploads\/2024\/02\/cropped-Sin-titulo-5-1.png\",\"contentUrl\":\"https:\/\/www.trekkingtomachupicchu.com\/es\/wp-content\/uploads\/2024\/02\/cropped-Sin-titulo-5-1.png\",\"width\":512,\"height\":512,\"caption\":\"Tours a Machu Picchu\"},\"image\":{\"@id\":\"https:\/\/www.trekkingtomachupicchu.com\/es\/#\/schema\/logo\/image\/\"}}]}<\/script>\n<!-- \/ Yoast SEO plugin. -->","yoast_head_json":{"title":"Politicas - TrekkingtoMachuPicchu.com","robots":{"index":"index","follow":"follow","max-snippet":"max-snippet:-1","max-image-preview":"max-image-preview:large","max-video-preview":"max-video-preview:-1"},"canonical":"https:\/\/www.trekkingtomachupicchu.com\/es\/politicas\/","og_locale":"es_ES","og_type":"article","og_title":"Politicas - TrekkingtoMachuPicchu.com","og_description":"Pol\u00edticas de compra y cancelaciones, t\u00e9rminos y condiciones 1.- LAS RESERVAS: Toda reserva deber\u00e1 ser confirmada mediante solicitud a trav\u00e9sContinuar lectura...","og_url":"https:\/\/www.trekkingtomachupicchu.com\/es\/politicas\/","og_site_name":"Tours a Machu Picchu","twitter_card":"summary_large_image","twitter_misc":{"Tiempo de lectura":"4 minutos"},"schema":{"@context":"https:\/\/schema.org","@graph":[{"@type":"WebPage","@id":"https:\/\/www.trekkingtomachupicchu.com\/es\/politicas\/","url":"https:\/\/www.trekkingtomachupicchu.com\/es\/politicas\/","name":"Politicas - TrekkingtoMachuPicchu.com","isPartOf":{"@id":"https:\/\/www.trekkingtomachupicchu.com\/es\/#website"},"datePublished":"2024-09-05T02:18:37+00:00","breadcrumb":{"@id":"https:\/\/www.trekkingtomachupicchu.com\/es\/politicas\/#breadcrumb"},"inLanguage":"es","potentialAction":[{"@type":"ReadAction","target":["https:\/\/www.trekkingtomachupicchu.com\/es\/politicas\/"]}]},{"@type":"BreadcrumbList","@id":"https:\/\/www.trekkingtomachupicchu.com\/es\/politicas\/#breadcrumb","itemListElement":[{"@type":"ListItem","position":1,"name":"Portada","item":"https:\/\/www.trekkingtomachupicchu.com\/es\/"},{"@type":"ListItem","position":2,"name":"Politicas"}]},{"@type":"WebSite","@id":"https:\/\/www.trekkingtomachupicchu.com\/es\/#website","url":"https:\/\/www.trekkingtomachupicchu.com\/es\/","name":"Tours a Machu Picchu","description":"","publisher":{"@id":"https:\/\/www.trekkingtomachupicchu.com\/es\/#organization"},"potentialAction":[{"@type":"SearchAction","target":{"@type":"EntryPoint","urlTemplate":"https:\/\/www.trekkingtomachupicchu.com\/es\/?s={search_term_string}"},"query-input":{"@type":"PropertyValueSpecification","valueRequired":true,"valueName":"search_term_string"}}],"inLanguage":"es"},{"@type":"Organization","@id":"https:\/\/www.trekkingtomachupicchu.com\/es\/#organization","name":"Tours a Machu Picchu","url":"https:\/\/www.trekkingtomachupicchu.com\/es\/","logo":{"@type":"ImageObject","inLanguage":"es","@id":"https:\/\/www.trekkingtomachupicchu.com\/es\/#\/schema\/logo\/image\/","url":"https:\/\/www.trekkingtomachupicchu.com\/es\/wp-content\/uploads\/2024\/02\/cropped-Sin-titulo-5-1.png","contentUrl":"https:\/\/www.trekkingtomachupicchu.com\/es\/wp-content\/uploads\/2024\/02\/cropped-Sin-titulo-5-1.png","width":512,"height":512,"caption":"Tours a Machu Picchu"},"image":{"@id":"https:\/\/www.trekkingtomachupicchu.com\/es\/#\/schema\/logo\/image\/"}}]}},"_links":{"self":[{"href":"https:\/\/www.trekkingtomachupicchu.com\/es\/wp-json\/wp\/v2\/pages\/228","targetHints":{"allow":["GET"]}}],"collection":[{"href":"https:\/\/www.trekkingtomachupicchu.com\/es\/wp-json\/wp\/v2\/pages"}],"about":[{"href":"https:\/\/www.trekkingtomachupicchu.com\/es\/wp-json\/wp\/v2\/types\/page"}],"author":[{"embeddable":true,"href":"https:\/\/www.trekkingtomachupicchu.com\/es\/wp-json\/wp\/v2\/users\/1"}],"replies":[{"embeddable":true,"href":"https:\/\/www.trekkingtomachupicchu.com\/es\/wp-json\/wp\/v2\/comments?post=228"}],"version-history":[{"count":1,"href":"https:\/\/www.trekkingtomachupicchu.com\/es\/wp-json\/wp\/v2\/pages\/228\/revisions"}],"predecessor-version":[{"id":229,"href":"https:\/\/www.trekkingtomachupicchu.com\/es\/wp-json\/wp\/v2\/pages\/228\/revisions\/229"}],"wp:attachment":[{"href":"https:\/\/www.trekkingtomachupicchu.com\/es\/wp-json\/wp\/v2\/media?parent=228"}],"curies":[{"name":"wp","href":"https:\/\/api.w.org\/{rel}","templated":true}]}}