{"id":225,"date":"2024-09-05T04:06:42","date_gmt":"2024-09-05T02:06:42","guid":{"rendered":"https:\/\/www.trekkingtomachupicchu.com\/es\/?page_id=225"},"modified":"2024-09-05T04:06:42","modified_gmt":"2024-09-05T02:06:42","slug":"proteccion-de-datos","status":"publish","type":"page","link":"https:\/\/www.trekkingtomachupicchu.com\/es\/proteccion-de-datos\/","title":{"rendered":"Protecci\u00f3n de Datos"},"content":{"rendered":"<p><strong>VIVA PERU COMPANY E.I.R.L<\/strong>, encargado de administrar el banco de datos personales, no traspasar\u00e1, bajo ninguna modalidad y a ninguna persona o empresa, los datos personales registrados en nuestra p\u00e1gina web y\/o sistema de ventas, salvo que una autoridad administrativa y\/o judicial lo requiera. La informaci\u00f3n recabada ser\u00e1 tratada en forma estrictamente confidencial y estar\u00e1 sujeta a estrictas medidas de seguridad, conforme lo dispone la Ley No. 29733,<\/p>\n<p>Ley de Protecci\u00f3n de Datos Personales y el Decreto Supremo No. 3-2013-JUS, Reglamento de la Ley de Protecci\u00f3n de Datos Personales. El sistema de ventas on line solicita solo a los clientes mayores de edad. Esta informaci\u00f3n ser\u00e1 utilizada estrictamente para proporcionar informaci\u00f3n referida a <strong>VIVA PERU COMPANY E.I.R.L.<\/strong> Por otro lado, a fin de acceder a promociones, descuentos, conocer mejor sus gustos y adecuarlos servicios a sus preferencias, as\u00ed como poder ofrecerle nuevas experiencias de viajes o productos y enviarle informaci\u00f3n administrativa, t\u00e9cnica, organizativa y\/o comercial, entre otros beneficios particulares dise\u00f1ados especialmente por E.I.R.L., para atender las necesidades de los clientes titulares de datos personales, el cliente titular de datos personales expresa su consentimiento libre, previo, inequ\u00edvoco, expreso e informado para el tratamiento de sus datos personales por parte de VIVA PERU COMPANY E.I.R.L., de conformidad con lo establecido en la Ley No. 29733,<\/p>\n<p>Ley de Protecci\u00f3n de Datos Personales y el Decreto Supremo No. 3-2013-JUS, Reglamento de la Ley de Protecci\u00f3n de Datos Personales El cliente titular de datos personales podr\u00e1 revocar su consentimiento para el tratamiento de sus datos personales mediante el env\u00edo de un correo electr\u00f3nico a la direcci\u00f3n info@trekkingtomachupicchu.com, as\u00ed como solicitar informaci\u00f3n.<\/p>\n","protected":false},"excerpt":{"rendered":"<p>VIVA PERU COMPANY E.I.R.L, encargado de administrar el banco de datos personales, no traspasar\u00e1, bajo ninguna modalidad y a ninguna<\/p>\n<div class=\"padding-top text-center\"><a href=\"https:\/\/www.trekkingtomachupicchu.com\/es\/proteccion-de-datos\/\" class=\"atbtn atbtn--medium atbtn--rounded atbtn--transparent\">Continuar lectura&#8230;<i class=\"atbtn__icon atbtn__icon--right fa fa-long-arrow-right\"><\/i><\/a><\/div>\n","protected":false},"author":1,"featured_media":0,"parent":0,"menu_order":0,"comment_status":"closed","ping_status":"closed","template":"","meta":{"footnotes":""},"class_list":["post-225","page","type-page","status-publish","hentry"],"yoast_head":"<!-- This site is optimized with the Yoast SEO plugin v27.1 - https:\/\/yoast.com\/product\/yoast-seo-wordpress\/ -->\n<title>Protecci\u00f3n de Datos - TrekkingtoMachuPicchu.com<\/title>\n<meta name=\"robots\" content=\"index, follow, max-snippet:-1, max-image-preview:large, max-video-preview:-1\" \/>\n<link rel=\"canonical\" href=\"https:\/\/www.trekkingtomachupicchu.com\/es\/proteccion-de-datos\/\" \/>\n<meta property=\"og:locale\" content=\"es_ES\" \/>\n<meta property=\"og:type\" content=\"article\" \/>\n<meta property=\"og:title\" content=\"Protecci\u00f3n de Datos - TrekkingtoMachuPicchu.com\" \/>\n<meta property=\"og:description\" content=\"VIVA PERU COMPANY E.I.R.L, encargado de administrar el banco de datos personales, no traspasar\u00e1, bajo ninguna modalidad y a ningunaContinuar lectura...\" \/>\n<meta property=\"og:url\" content=\"https:\/\/www.trekkingtomachupicchu.com\/es\/proteccion-de-datos\/\" \/>\n<meta property=\"og:site_name\" content=\"Tours a Machu Picchu\" \/>\n<meta name=\"twitter:card\" content=\"summary_large_image\" \/>\n<meta name=\"twitter:label1\" content=\"Tiempo de lectura\" \/>\n\t<meta name=\"twitter:data1\" content=\"2 minutos\" \/>\n<script type=\"application\/ld+json\" class=\"yoast-schema-graph\">{\"@context\":\"https:\/\/schema.org\",\"@graph\":[{\"@type\":\"WebPage\",\"@id\":\"https:\/\/www.trekkingtomachupicchu.com\/es\/proteccion-de-datos\/\",\"url\":\"https:\/\/www.trekkingtomachupicchu.com\/es\/proteccion-de-datos\/\",\"name\":\"Protecci\u00f3n de Datos - TrekkingtoMachuPicchu.com\",\"isPartOf\":{\"@id\":\"https:\/\/www.trekkingtomachupicchu.com\/es\/#website\"},\"datePublished\":\"2024-09-05T02:06:42+00:00\",\"breadcrumb\":{\"@id\":\"https:\/\/www.trekkingtomachupicchu.com\/es\/proteccion-de-datos\/#breadcrumb\"},\"inLanguage\":\"es\",\"potentialAction\":[{\"@type\":\"ReadAction\",\"target\":[\"https:\/\/www.trekkingtomachupicchu.com\/es\/proteccion-de-datos\/\"]}]},{\"@type\":\"BreadcrumbList\",\"@id\":\"https:\/\/www.trekkingtomachupicchu.com\/es\/proteccion-de-datos\/#breadcrumb\",\"itemListElement\":[{\"@type\":\"ListItem\",\"position\":1,\"name\":\"Portada\",\"item\":\"https:\/\/www.trekkingtomachupicchu.com\/es\/\"},{\"@type\":\"ListItem\",\"position\":2,\"name\":\"Protecci\u00f3n de Datos\"}]},{\"@type\":\"WebSite\",\"@id\":\"https:\/\/www.trekkingtomachupicchu.com\/es\/#website\",\"url\":\"https:\/\/www.trekkingtomachupicchu.com\/es\/\",\"name\":\"Tours a Machu Picchu\",\"description\":\"\",\"publisher\":{\"@id\":\"https:\/\/www.trekkingtomachupicchu.com\/es\/#organization\"},\"potentialAction\":[{\"@type\":\"SearchAction\",\"target\":{\"@type\":\"EntryPoint\",\"urlTemplate\":\"https:\/\/www.trekkingtomachupicchu.com\/es\/?s={search_term_string}\"},\"query-input\":{\"@type\":\"PropertyValueSpecification\",\"valueRequired\":true,\"valueName\":\"search_term_string\"}}],\"inLanguage\":\"es\"},{\"@type\":\"Organization\",\"@id\":\"https:\/\/www.trekkingtomachupicchu.com\/es\/#organization\",\"name\":\"Tours a Machu Picchu\",\"url\":\"https:\/\/www.trekkingtomachupicchu.com\/es\/\",\"logo\":{\"@type\":\"ImageObject\",\"inLanguage\":\"es\",\"@id\":\"https:\/\/www.trekkingtomachupicchu.com\/es\/#\/schema\/logo\/image\/\",\"url\":\"https:\/\/www.trekkingtomachupicchu.com\/es\/wp-content\/uploads\/2024\/02\/cropped-Sin-titulo-5-1.png\",\"contentUrl\":\"https:\/\/www.trekkingtomachupicchu.com\/es\/wp-content\/uploads\/2024\/02\/cropped-Sin-titulo-5-1.png\",\"width\":512,\"height\":512,\"caption\":\"Tours a Machu Picchu\"},\"image\":{\"@id\":\"https:\/\/www.trekkingtomachupicchu.com\/es\/#\/schema\/logo\/image\/\"}}]}<\/script>\n<!-- \/ Yoast SEO plugin. -->","yoast_head_json":{"title":"Protecci\u00f3n de Datos - TrekkingtoMachuPicchu.com","robots":{"index":"index","follow":"follow","max-snippet":"max-snippet:-1","max-image-preview":"max-image-preview:large","max-video-preview":"max-video-preview:-1"},"canonical":"https:\/\/www.trekkingtomachupicchu.com\/es\/proteccion-de-datos\/","og_locale":"es_ES","og_type":"article","og_title":"Protecci\u00f3n de Datos - TrekkingtoMachuPicchu.com","og_description":"VIVA PERU COMPANY E.I.R.L, encargado de administrar el banco de datos personales, no traspasar\u00e1, bajo ninguna modalidad y a ningunaContinuar lectura...","og_url":"https:\/\/www.trekkingtomachupicchu.com\/es\/proteccion-de-datos\/","og_site_name":"Tours a Machu Picchu","twitter_card":"summary_large_image","twitter_misc":{"Tiempo de lectura":"2 minutos"},"schema":{"@context":"https:\/\/schema.org","@graph":[{"@type":"WebPage","@id":"https:\/\/www.trekkingtomachupicchu.com\/es\/proteccion-de-datos\/","url":"https:\/\/www.trekkingtomachupicchu.com\/es\/proteccion-de-datos\/","name":"Protecci\u00f3n de Datos - TrekkingtoMachuPicchu.com","isPartOf":{"@id":"https:\/\/www.trekkingtomachupicchu.com\/es\/#website"},"datePublished":"2024-09-05T02:06:42+00:00","breadcrumb":{"@id":"https:\/\/www.trekkingtomachupicchu.com\/es\/proteccion-de-datos\/#breadcrumb"},"inLanguage":"es","potentialAction":[{"@type":"ReadAction","target":["https:\/\/www.trekkingtomachupicchu.com\/es\/proteccion-de-datos\/"]}]},{"@type":"BreadcrumbList","@id":"https:\/\/www.trekkingtomachupicchu.com\/es\/proteccion-de-datos\/#breadcrumb","itemListElement":[{"@type":"ListItem","position":1,"name":"Portada","item":"https:\/\/www.trekkingtomachupicchu.com\/es\/"},{"@type":"ListItem","position":2,"name":"Protecci\u00f3n de Datos"}]},{"@type":"WebSite","@id":"https:\/\/www.trekkingtomachupicchu.com\/es\/#website","url":"https:\/\/www.trekkingtomachupicchu.com\/es\/","name":"Tours a Machu Picchu","description":"","publisher":{"@id":"https:\/\/www.trekkingtomachupicchu.com\/es\/#organization"},"potentialAction":[{"@type":"SearchAction","target":{"@type":"EntryPoint","urlTemplate":"https:\/\/www.trekkingtomachupicchu.com\/es\/?s={search_term_string}"},"query-input":{"@type":"PropertyValueSpecification","valueRequired":true,"valueName":"search_term_string"}}],"inLanguage":"es"},{"@type":"Organization","@id":"https:\/\/www.trekkingtomachupicchu.com\/es\/#organization","name":"Tours a Machu Picchu","url":"https:\/\/www.trekkingtomachupicchu.com\/es\/","logo":{"@type":"ImageObject","inLanguage":"es","@id":"https:\/\/www.trekkingtomachupicchu.com\/es\/#\/schema\/logo\/image\/","url":"https:\/\/www.trekkingtomachupicchu.com\/es\/wp-content\/uploads\/2024\/02\/cropped-Sin-titulo-5-1.png","contentUrl":"https:\/\/www.trekkingtomachupicchu.com\/es\/wp-content\/uploads\/2024\/02\/cropped-Sin-titulo-5-1.png","width":512,"height":512,"caption":"Tours a Machu Picchu"},"image":{"@id":"https:\/\/www.trekkingtomachupicchu.com\/es\/#\/schema\/logo\/image\/"}}]}},"_links":{"self":[{"href":"https:\/\/www.trekkingtomachupicchu.com\/es\/wp-json\/wp\/v2\/pages\/225","targetHints":{"allow":["GET"]}}],"collection":[{"href":"https:\/\/www.trekkingtomachupicchu.com\/es\/wp-json\/wp\/v2\/pages"}],"about":[{"href":"https:\/\/www.trekkingtomachupicchu.com\/es\/wp-json\/wp\/v2\/types\/page"}],"author":[{"embeddable":true,"href":"https:\/\/www.trekkingtomachupicchu.com\/es\/wp-json\/wp\/v2\/users\/1"}],"replies":[{"embeddable":true,"href":"https:\/\/www.trekkingtomachupicchu.com\/es\/wp-json\/wp\/v2\/comments?post=225"}],"version-history":[{"count":2,"href":"https:\/\/www.trekkingtomachupicchu.com\/es\/wp-json\/wp\/v2\/pages\/225\/revisions"}],"predecessor-version":[{"id":227,"href":"https:\/\/www.trekkingtomachupicchu.com\/es\/wp-json\/wp\/v2\/pages\/225\/revisions\/227"}],"wp:attachment":[{"href":"https:\/\/www.trekkingtomachupicchu.com\/es\/wp-json\/wp\/v2\/media?parent=225"}],"curies":[{"name":"wp","href":"https:\/\/api.w.org\/{rel}","templated":true}]}}